{"id":39,"date":"2016-10-19T08:22:58","date_gmt":"2016-10-19T08:22:58","guid":{"rendered":"http:\/\/proxima-medical.rs\/?page_id=39"},"modified":"2025-11-17T18:49:09","modified_gmt":"2025-11-17T17:49:09","slug":"o-nama","status":"publish","type":"page","link":"https:\/\/proxima-medical.rs\/en\/o-nama\/","title":{"rendered":"About us"},"content":{"rendered":"<p>[vc_row][vc_column]<h2 id=\"uvc-type-wrap-3722\"  data-ultimate-target='#uvc-type-wrap-3722'  data-responsive-json-new='{\"font-size\":\"\",\"line-height\":\"desktop:46px;\"}'  class=\"uvc-type-wrap  ult-adjust-bottom-margin ult-responsive  uvc-type-align-center  uvc-wrap-20359067496a0068d7dbdc5\" style=\"font-weight:normal;text-align:center;\"><span  data-ultimate-target='#uvc-type-wrap-3722 .mycustfancy'  data-responsive-json-new='{\"font-size\":\"\",\"line-height\":\"\"}'  class=\"ultimate-ticker-prefix mycustfancy ult-responsive\" style=\"font-weight:normal;\">PROXIMA \u2013 MEDICAL TECHNOLOGY<\/span><div id=\"vticker-20359067496a0068d7dbdc5\"  data-ultimate-target='#uvc-type-wrap-3722'  data-responsive-json-new='{\"font-size\":\"\",\"line-height\":\"desktop:46px;\"}'  class=\"ultimate-vticker ticker  \" style=\"\"><ul><li style=\"opacity:1\"><\/li><\/ul><\/div><script type=\"text\/javascript\">\n\t\t\t\t\t\tjQuery(function($){\n\t\t\t\t\t\t\t$(document).ready(function(){\n\t\t\t\t\t\t\t\t$(\"#vticker-20359067496a0068d7dbdc5\").find(\"li\").css(\"opacity\",\"1\");\n\t\t\t\t\t\t\t\t$(\"#vticker-20359067496a0068d7dbdc5\")\n\t\t\t\t\t\t\t\t\t.vTicker(\n\t\t\t\t\t\t\t\t\t{\n\t\t\t\t\t\t\t\t\t\tspeed: 200,\n\t\t\t\t\t\t\t\t\t\tshowItems: 1,\n\t\t\t\t\t\t\t\t\t\tpause: 3000,\n\t\t\t\t\t\t\t\t\t\tmousePause : false,\n\t\t\t\t\t\t\t\t\t\tdirection: \"up\",\n\t\t\t\t\t\t\t\t\t}\n\t\t\t\t\t\t\t\t);\n\t\t\t\t\t\t\t});\n\t\t\t\t\t\t});\n\t\t\t\t\t<\/script><\/h2>[vc_column_text el_class=&#8221;featured lead&#8221;]<\/p>\n<p style=\"text-align: center;\">Technology is everywhere around us. Medical technology today is an integral part of the medicine and it meets us from the moment when we give blood sample for machine to count our blood cells, over non-invasive methods for observing the inside of our body by magnetic resonance imaging, to using high frequency electrical current, from electrosurgical generators, for cutting and coagulation of the tissue. Medical technology is of great importance for our society and our world.<\/p>\n<p>[\/vc_column_text][vc_separator color=&#8221;custom&#8221; gap=&#8221;taller&#8221;][\/vc_column][\/vc_row][vc_row el_class=&#8221;about-us-row&#8221;][vc_column width=&#8221;1\/2&#8243;][vc_column_text css_animation=&#8221;left-to-right&#8221;]<\/p>\n<p style=\"text-align: right;\"><strong>EXPERIENCE AND CONTINUANCE<br \/>\n<\/strong>For more than 20 years, we, PROXIMA ltd., have been producing and distributing high quality medical technology. We are working to ensure that high quality medical technology is available and adequately implemented in Serbia and in the region.<\/p>\n<p>[\/vc_column_text][\/vc_column][vc_column width=&#8221;1\/2&#8243;][vc_single_image image=&#8221;321&#8243; img_size=&#8221;full&#8221; alignment=&#8221;right&#8221; css_animation=&#8221;right-to-left&#8221; el_class=&#8221;about-us-img right&#8221;][\/vc_column][vc_column el_class=&#8221;.about-separator&#8221;][vc_separator color=&#8221;custom&#8221; gap=&#8221;taller&#8221;][\/vc_column][\/vc_row][vc_row el_class=&#8221;about-us-row&#8221;][vc_column width=&#8221;1\/2&#8243;][vc_single_image image=&#8221;341&#8243; img_size=&#8221;full&#8221; css_animation=&#8221;left-to-right&#8221; el_class=&#8221;about-us-img left&#8221;][\/vc_column][vc_column width=&#8221;1\/2&#8243;][vc_column_text css_animation=&#8221;right-to-left&#8221;]<\/p>\n<p style=\"text-align: left;\"><strong>MANUFACTURING AND QUALITY<\/strong><br \/>\nAs a manufacturer, we pay special attention to the details, to the quality and reliability of our technology. Production processes and quality control in accordance to ISO 9001 and ISO 13485 ensure longevity and reliability.<\/p>\n<p>[\/vc_column_text][\/vc_column][vc_column el_class=&#8221;about-separator&#8221;][vc_separator color=&#8221;custom&#8221; gap=&#8221;taller&#8221;][\/vc_column][\/vc_row][vc_row el_class=&#8221;about-us-row&#8221;][vc_column width=&#8221;1\/2&#8243;][vc_column_text css_animation=&#8221;left-to-right&#8221;]<\/p>\n<p style=\"text-align: right;\"><strong>DESIGN AND DEVELOPMENT<\/strong><br \/>\nContinuous development and improvements of our products and functionalities, thanks to our R&amp;D department, make our products state of the art technology.<\/p>\n<p>[\/vc_column_text][\/vc_column][vc_column width=&#8221;1\/2&#8243;][vc_single_image image=&#8221;326&#8243; img_size=&#8221;full&#8221; alignment=&#8221;right&#8221; css_animation=&#8221;right-to-left&#8221; el_class=&#8221;about-us-img right&#8221;][\/vc_column][vc_column el_class=&#8221;about-separator&#8221;][vc_separator color=&#8221;custom&#8221; gap=&#8221;taller&#8221;][\/vc_column][\/vc_row][vc_row el_class=&#8221;about-us-row&#8221;][vc_column width=&#8221;1\/2&#8243;][vc_single_image image=&#8221;342&#8243; img_size=&#8221;full&#8221; css_animation=&#8221;left-to-right&#8221; el_class=&#8221;about-us-img left&#8221;][\/vc_column][vc_column width=&#8221;1\/2&#8243;][vc_column_text css_animation=&#8221;right-to-left&#8221;]<\/p>\n<p style=\"text-align: left;\"><strong>SERVICE AND TECHNICAL SUPPORT<\/strong><br \/>\nProfessional equipment, quick response and quality service procedure make our technical and service support the best in the class and represent additional value.<\/p>\n<p>[\/vc_column_text][\/vc_column][vc_column el_class=&#8221;about-separator&#8221;][vc_separator color=&#8221;custom&#8221; gap=&#8221;taller&#8221;][\/vc_column][\/vc_row][vc_row el_class=&#8221;about-us-row&#8221;][vc_column width=&#8221;1\/2&#8243;][vc_column_text css_animation=&#8221;left-to-right&#8221;]<\/p>\n<p style=\"text-align: right;\"><strong>SALES AND DISTRIBUTION<\/strong><br \/>\nCooperation with world known manufacturers and distribution of the state-of-the-art medical technology makes our offer to the clients complete and makes possible the realization of even the most demanding projects.<\/p>\n<p>[\/vc_column_text][\/vc_column][vc_column width=&#8221;1\/2&#8243;][vc_single_image image=&#8221;329&#8243; img_size=&#8221;full&#8221; alignment=&#8221;right&#8221; css_animation=&#8221;right-to-left&#8221; el_class=&#8221;about-us-img right&#8221;][\/vc_column][\/vc_row][vc_row][vc_column][vc_separator color=&#8221;custom&#8221; gap=&#8221;taller&#8221;][\/vc_column][vc_column][vc_tta_tabs][vc_tta_section title=&#8221;Document download area&#8221;][vc_column_text]<a href=\"http:\/\/proxima-medical.rs\/wp-content\/uploads\/2016\/10\/PODACI-ZA-IDENTIFIKACIJU-.pdf\" target=\"_blank\" download=\"\"><img loading=\"lazy\" decoding=\"async\" class=\"alignnone size-full wp-image-276\" src=\"http:\/\/proxima-medical.rs\/wp-content\/uploads\/2016\/12\/PdfIco.png\" alt=\"PdfIco\" width=\"24\" height=\"24\" \/>\u00a0Podaci za identifikaciju<\/a>[\/vc_column_text][\/vc_tta_section][\/vc_tta_tabs][\/vc_column][\/vc_row]<\/p>","protected":false},"excerpt":{"rendered":"<p>[vc_row][vc_column][vc_column_text el_class=&#8221;featured lead&#8221;] Technology is everywhere around us. Medical technology today is an integral part of the medicine and it meets us from the moment when we give blood sample for machine to count our blood cells, over non-invasive methods for observing the inside of our body by magnetic resonance imaging, to using high frequency [&hellip;]<\/p>\n","protected":false},"author":3,"featured_media":0,"parent":0,"menu_order":0,"comment_status":"closed","ping_status":"closed","template":"","meta":{"_acf_changed":false,"footnotes":""},"class_list":["post-39","page","type-page","status-publish","hentry"],"acf":[],"yoast_head":"<!-- This site is optimized with the Yoast SEO plugin v26.4 - https:\/\/yoast.com\/wordpress\/plugins\/seo\/ -->\n<title>Proxima d.o.o. - elektro-medicinski aparati i uredjaji | O nama | Ni\u0161, Srbija<\/title>\n<meta name=\"description\" content=\"PROXIMA d.o.o. se ve\u0107 vi\u0161e od 20 godina bavi proizvodnjom i distribucijom medicinske tehnologije vrhunskog kvaliteta. Posebnu pa\u017enju posve\u0107ujemo detaljima, kvalitetu i pouzdanosti na\u0161e tehnologije. U proizvodnji primenjujemo ISO9001 i ISO13485 standarde za upravljanje i kontrolu kvaliteta.\" \/>\n<meta name=\"robots\" content=\"index, follow, max-snippet:-1, max-image-preview:large, max-video-preview:-1\" \/>\n<link rel=\"canonical\" href=\"https:\/\/proxima-medical.rs\/o-nama\/\" \/>\n<meta property=\"og:locale\" content=\"en_US\" \/>\n<meta property=\"og:type\" content=\"article\" \/>\n<meta property=\"og:title\" content=\"Proxima d.o.o. - elektro-medicinski aparati i uredjaji | O nama | Ni\u0161, Srbija\" \/>\n<meta property=\"og:description\" content=\"PROXIMA d.o.o. se ve\u0107 vi\u0161e od 20 godina bavi proizvodnjom i distribucijom medicinske tehnologije vrhunskog kvaliteta. Posebnu pa\u017enju posve\u0107ujemo detaljima, kvalitetu i pouzdanosti na\u0161e tehnologije. U proizvodnji primenjujemo ISO9001 i ISO13485 standarde za upravljanje i kontrolu kvaliteta.\" \/>\n<meta property=\"og:url\" content=\"https:\/\/proxima-medical.rs\/o-nama\/\" \/>\n<meta property=\"og:site_name\" content=\"Proxima\" \/>\n<meta property=\"article:modified_time\" content=\"2025-11-17T17:49:09+00:00\" \/>\n<meta property=\"og:image\" content=\"http:\/\/proxima-medical.rs\/wp-content\/uploads\/2016\/12\/PdfIco.png\" \/>\n<meta name=\"twitter:card\" content=\"summary_large_image\" \/>\n<meta name=\"twitter:label1\" content=\"Est. reading time\" \/>\n\t<meta name=\"twitter:data1\" content=\"9 minutes\" \/>\n<script type=\"application\/ld+json\" class=\"yoast-schema-graph\">{\"@context\":\"https:\/\/schema.org\",\"@graph\":[{\"@type\":\"WebPage\",\"@id\":\"https:\/\/proxima-medical.rs\/o-nama\/\",\"url\":\"https:\/\/proxima-medical.rs\/o-nama\/\",\"name\":\"Proxima d.o.o. - elektro-medicinski aparati i uredjaji | O nama | Ni\u0161, Srbija\",\"isPartOf\":{\"@id\":\"https:\/\/proxima-medical.rs\/#website\"},\"primaryImageOfPage\":{\"@id\":\"https:\/\/proxima-medical.rs\/o-nama\/#primaryimage\"},\"image\":{\"@id\":\"https:\/\/proxima-medical.rs\/o-nama\/#primaryimage\"},\"thumbnailUrl\":\"http:\/\/proxima-medical.rs\/wp-content\/uploads\/2016\/12\/PdfIco.png\",\"datePublished\":\"2016-10-19T08:22:58+00:00\",\"dateModified\":\"2025-11-17T17:49:09+00:00\",\"description\":\"PROXIMA d.o.o. se ve\u0107 vi\u0161e od 20 godina bavi proizvodnjom i distribucijom medicinske tehnologije vrhunskog kvaliteta. Posebnu pa\u017enju posve\u0107ujemo detaljima, kvalitetu i pouzdanosti na\u0161e tehnologije. U proizvodnji primenjujemo ISO9001 i ISO13485 standarde za upravljanje i kontrolu kvaliteta.\",\"breadcrumb\":{\"@id\":\"https:\/\/proxima-medical.rs\/o-nama\/#breadcrumb\"},\"inLanguage\":\"en-US\",\"potentialAction\":[{\"@type\":\"ReadAction\",\"target\":[\"https:\/\/proxima-medical.rs\/o-nama\/\"]}]},{\"@type\":\"ImageObject\",\"inLanguage\":\"en-US\",\"@id\":\"https:\/\/proxima-medical.rs\/o-nama\/#primaryimage\",\"url\":\"http:\/\/proxima-medical.rs\/wp-content\/uploads\/2016\/12\/PdfIco.png\",\"contentUrl\":\"http:\/\/proxima-medical.rs\/wp-content\/uploads\/2016\/12\/PdfIco.png\"},{\"@type\":\"BreadcrumbList\",\"@id\":\"https:\/\/proxima-medical.rs\/o-nama\/#breadcrumb\",\"itemListElement\":[{\"@type\":\"ListItem\",\"position\":1,\"name\":\"Home\",\"item\":\"https:\/\/proxima-medical.rs\/\"},{\"@type\":\"ListItem\",\"position\":2,\"name\":\"O Nama\"}]},{\"@type\":\"WebSite\",\"@id\":\"https:\/\/proxima-medical.rs\/#website\",\"url\":\"https:\/\/proxima-medical.rs\/\",\"name\":\"Proxima\",\"description\":\"Dobrodo\u0161li\",\"publisher\":{\"@id\":\"https:\/\/proxima-medical.rs\/#organization\"},\"potentialAction\":[{\"@type\":\"SearchAction\",\"target\":{\"@type\":\"EntryPoint\",\"urlTemplate\":\"https:\/\/proxima-medical.rs\/?s={search_term_string}\"},\"query-input\":{\"@type\":\"PropertyValueSpecification\",\"valueRequired\":true,\"valueName\":\"search_term_string\"}}],\"inLanguage\":\"en-US\"},{\"@type\":\"Organization\",\"@id\":\"https:\/\/proxima-medical.rs\/#organization\",\"name\":\"Proxima doo\",\"url\":\"https:\/\/proxima-medical.rs\/\",\"logo\":{\"@type\":\"ImageObject\",\"inLanguage\":\"en-US\",\"@id\":\"https:\/\/proxima-medical.rs\/#\/schema\/logo\/image\/\",\"url\":\"https:\/\/proxima-medical.rs\/wp-content\/uploads\/2016\/10\/Proxima-360px.png\",\"contentUrl\":\"https:\/\/proxima-medical.rs\/wp-content\/uploads\/2016\/10\/Proxima-360px.png\",\"width\":360,\"height\":136,\"caption\":\"Proxima doo\"},\"image\":{\"@id\":\"https:\/\/proxima-medical.rs\/#\/schema\/logo\/image\/\"}}]}<\/script>\n<!-- \/ Yoast SEO plugin. -->","yoast_head_json":{"title":"Proxima d.o.o. - elektro-medicinski aparati i uredjaji | O nama | Ni\u0161, Srbija","description":"PROXIMA d.o.o. se ve\u0107 vi\u0161e od 20 godina bavi proizvodnjom i distribucijom medicinske tehnologije vrhunskog kvaliteta. Posebnu pa\u017enju posve\u0107ujemo detaljima, kvalitetu i pouzdanosti na\u0161e tehnologije. U proizvodnji primenjujemo ISO9001 i ISO13485 standarde za upravljanje i kontrolu kvaliteta.","robots":{"index":"index","follow":"follow","max-snippet":"max-snippet:-1","max-image-preview":"max-image-preview:large","max-video-preview":"max-video-preview:-1"},"canonical":"https:\/\/proxima-medical.rs\/o-nama\/","og_locale":"en_US","og_type":"article","og_title":"Proxima d.o.o. - elektro-medicinski aparati i uredjaji | O nama | Ni\u0161, Srbija","og_description":"PROXIMA d.o.o. se ve\u0107 vi\u0161e od 20 godina bavi proizvodnjom i distribucijom medicinske tehnologije vrhunskog kvaliteta. Posebnu pa\u017enju posve\u0107ujemo detaljima, kvalitetu i pouzdanosti na\u0161e tehnologije. U proizvodnji primenjujemo ISO9001 i ISO13485 standarde za upravljanje i kontrolu kvaliteta.","og_url":"https:\/\/proxima-medical.rs\/o-nama\/","og_site_name":"Proxima","article_modified_time":"2025-11-17T17:49:09+00:00","og_image":[{"url":"http:\/\/proxima-medical.rs\/wp-content\/uploads\/2016\/12\/PdfIco.png","type":"","width":"","height":""}],"twitter_card":"summary_large_image","twitter_misc":{"Est. reading time":"9 minutes"},"schema":{"@context":"https:\/\/schema.org","@graph":[{"@type":"WebPage","@id":"https:\/\/proxima-medical.rs\/o-nama\/","url":"https:\/\/proxima-medical.rs\/o-nama\/","name":"Proxima d.o.o. - elektro-medicinski aparati i uredjaji | O nama | Ni\u0161, Srbija","isPartOf":{"@id":"https:\/\/proxima-medical.rs\/#website"},"primaryImageOfPage":{"@id":"https:\/\/proxima-medical.rs\/o-nama\/#primaryimage"},"image":{"@id":"https:\/\/proxima-medical.rs\/o-nama\/#primaryimage"},"thumbnailUrl":"http:\/\/proxima-medical.rs\/wp-content\/uploads\/2016\/12\/PdfIco.png","datePublished":"2016-10-19T08:22:58+00:00","dateModified":"2025-11-17T17:49:09+00:00","description":"PROXIMA d.o.o. se ve\u0107 vi\u0161e od 20 godina bavi proizvodnjom i distribucijom medicinske tehnologije vrhunskog kvaliteta. Posebnu pa\u017enju posve\u0107ujemo detaljima, kvalitetu i pouzdanosti na\u0161e tehnologije. U proizvodnji primenjujemo ISO9001 i ISO13485 standarde za upravljanje i kontrolu kvaliteta.","breadcrumb":{"@id":"https:\/\/proxima-medical.rs\/o-nama\/#breadcrumb"},"inLanguage":"en-US","potentialAction":[{"@type":"ReadAction","target":["https:\/\/proxima-medical.rs\/o-nama\/"]}]},{"@type":"ImageObject","inLanguage":"en-US","@id":"https:\/\/proxima-medical.rs\/o-nama\/#primaryimage","url":"http:\/\/proxima-medical.rs\/wp-content\/uploads\/2016\/12\/PdfIco.png","contentUrl":"http:\/\/proxima-medical.rs\/wp-content\/uploads\/2016\/12\/PdfIco.png"},{"@type":"BreadcrumbList","@id":"https:\/\/proxima-medical.rs\/o-nama\/#breadcrumb","itemListElement":[{"@type":"ListItem","position":1,"name":"Home","item":"https:\/\/proxima-medical.rs\/"},{"@type":"ListItem","position":2,"name":"O Nama"}]},{"@type":"WebSite","@id":"https:\/\/proxima-medical.rs\/#website","url":"https:\/\/proxima-medical.rs\/","name":"Proxima","description":"Dobrodo\u0161li","publisher":{"@id":"https:\/\/proxima-medical.rs\/#organization"},"potentialAction":[{"@type":"SearchAction","target":{"@type":"EntryPoint","urlTemplate":"https:\/\/proxima-medical.rs\/?s={search_term_string}"},"query-input":{"@type":"PropertyValueSpecification","valueRequired":true,"valueName":"search_term_string"}}],"inLanguage":"en-US"},{"@type":"Organization","@id":"https:\/\/proxima-medical.rs\/#organization","name":"Proxima doo","url":"https:\/\/proxima-medical.rs\/","logo":{"@type":"ImageObject","inLanguage":"en-US","@id":"https:\/\/proxima-medical.rs\/#\/schema\/logo\/image\/","url":"https:\/\/proxima-medical.rs\/wp-content\/uploads\/2016\/10\/Proxima-360px.png","contentUrl":"https:\/\/proxima-medical.rs\/wp-content\/uploads\/2016\/10\/Proxima-360px.png","width":360,"height":136,"caption":"Proxima doo"},"image":{"@id":"https:\/\/proxima-medical.rs\/#\/schema\/logo\/image\/"}}]}},"_links":{"self":[{"href":"https:\/\/proxima-medical.rs\/en\/wp-json\/wp\/v2\/pages\/39","targetHints":{"allow":["GET"]}}],"collection":[{"href":"https:\/\/proxima-medical.rs\/en\/wp-json\/wp\/v2\/pages"}],"about":[{"href":"https:\/\/proxima-medical.rs\/en\/wp-json\/wp\/v2\/types\/page"}],"author":[{"embeddable":true,"href":"https:\/\/proxima-medical.rs\/en\/wp-json\/wp\/v2\/users\/3"}],"replies":[{"embeddable":true,"href":"https:\/\/proxima-medical.rs\/en\/wp-json\/wp\/v2\/comments?post=39"}],"version-history":[{"count":36,"href":"https:\/\/proxima-medical.rs\/en\/wp-json\/wp\/v2\/pages\/39\/revisions"}],"predecessor-version":[{"id":1909,"href":"https:\/\/proxima-medical.rs\/en\/wp-json\/wp\/v2\/pages\/39\/revisions\/1909"}],"wp:attachment":[{"href":"https:\/\/proxima-medical.rs\/en\/wp-json\/wp\/v2\/media?parent=39"}],"curies":[{"name":"wp","href":"https:\/\/api.w.org\/{rel}","templated":true}]}}