{"id":6,"date":"2016-10-18T21:37:27","date_gmt":"2016-10-18T21:37:27","guid":{"rendered":"http:\/\/proxima-medical.rs\/?page_id=6"},"modified":"2025-11-21T11:08:30","modified_gmt":"2025-11-21T10:08:30","slug":"kontakt","status":"publish","type":"page","link":"https:\/\/proxima-medical.rs\/en\/kontakt\/","title":{"rendered":"Contact"},"content":{"rendered":"<p>[vc_row][vc_column width=&#8221;1\/3&#8243; el_class=&#8221;contact-page-google-map&#8221; css=&#8221;.vc_custom_1484819478952{border-radius: 5px !important;}&#8221;][vc_gmaps link=&#8221;#E-8_JTNDaWZyYW1lJTBBJTIwJTIwc3JjJTNEJTIyaHR0cHMlM0ElMkYlMkZ3d3cuZ29vZ2xlLmNvbSUyRm1hcHMlMkZlbWJlZCUzRnBiJTNEJTIxMW0xOCUyMTFtMTIlMjExbTMlMjExZDIyNzU1Ni4wJTIxMmQyMS44ODMlMjEzZDQzLjMxNiUyMTJtMyUyMTFmMCUyMTJmMCUyMTNmMCUyMTNtMiUyMTFpMTAyNCUyMTJpNzY4JTIxNGYxMCUyMTNtMyUyMTFtMiUyMTFzMHg0NzVhY2VhYjE4OGVhYWViJTI1M0EweGI3ZDQ3NTFkMDJmMDljZTklMjEyc01vcmF2c2thJTI1MjA3JTI1MkMlMjUyMCUyNUM0JTI1OENva290JTIxNWUwJTIxM20yJTIxMXNlbiUyMTJzcnMlMjE0djE3MzIxMDExMTExMTElMjE1bTIlMjExc2VuJTIxMnNycyUyMiUwQSUyMCUyMHdpZHRoJTNEJTIyNjAwJTIyJTBBJTIwJTIwaGVpZ2h0JTNEJTIyNDUwJTIyJTBBJTIwJTIwc3R5bGUlM0QlMjJib3JkZXIlM0EwJTNCJTIyJTBBJTIwJTIwYWxsb3dmdWxsc2NyZWVuJTNEJTIyJTIyJTBBJTIwJTIwbG9hZGluZyUzRCUyMmxhenklMjIlMEElMjAlMjByZWZlcnJlcnBvbGljeSUzRCUyMm5vLXJlZmVycmVyLXdoZW4tZG93bmdyYWRlJTIyJTNFJTBBJTNDJTJGaWZyYW1lJTNFJTBBJTBBJTBBJTBBJTBB&#8221; size=&#8221;600px&#8221;][\/vc_column][vc_column width=&#8221;1\/3&#8243;][vc_column_text el_class=&#8221;contact-info&#8221;]<\/p>\n<h3 class=\"title-heading\">Kontakt informacije<\/h3>\n<div class=\"contact-page-info\">\n<h4>Adresa:<\/h4>\n<p>Moravska 7, \u010cokot<br \/>\n18250 Novo Selo, Ni\u0161<br \/>\nRepublika Srbija<\/p>\n<h4>Telefon:<\/h4>\n<p>018-4291290<br \/>\n018-4291288<br \/>\n018-4267469<br \/>\n060-3679272<\/p>\n<h4 class=\"email-title\">Email:<\/h4>\n<p class=\"email-paragraph\"><a href=\"mailto:office@proxima-medical.rs\">office@proxima-medical.rs<\/a><\/p>\n<h4>Radno vreme:<\/h4>\n<p>pon &#8211; pet<br \/>\nod 08:00h do 16:00h<\/div>\n<p>[\/vc_column_text][\/vc_column][vc_column width=&#8221;1\/3&#8243; el_class=&#8221;contact-page-form&#8221;][vc_column_text]<\/p>\n<h3 class=\"title-heading\">Po\u0161aljite nam poruku<\/h3>\n<p>[\/vc_column_text]\n<div class=\"wpcf7 no-js\" id=\"wpcf7-f11-o1\" lang=\"en-GB\" dir=\"ltr\" data-wpcf7-id=\"11\">\n<div class=\"screen-reader-response\"><p role=\"status\" aria-live=\"polite\" aria-atomic=\"true\"><\/p> <ul><\/ul><\/div>\n<form action=\"\/en\/wp-json\/wp\/v2\/pages\/6#wpcf7-f11-o1\" method=\"post\" class=\"wpcf7-form init\" aria-label=\"Contact form\" novalidate=\"novalidate\" data-status=\"init\">\n<fieldset class=\"hidden-fields-container\"><input type=\"hidden\" name=\"_wpcf7\" value=\"11\" \/><input type=\"hidden\" name=\"_wpcf7_version\" value=\"6.1.3\" \/><input type=\"hidden\" name=\"_wpcf7_locale\" value=\"en_GB\" \/><input type=\"hidden\" name=\"_wpcf7_unit_tag\" value=\"wpcf7-f11-o1\" \/><input type=\"hidden\" name=\"_wpcf7_container_post\" value=\"0\" \/><input type=\"hidden\" name=\"_wpcf7_posted_data_hash\" value=\"\" \/>\n<\/fieldset>\n<p><span class=\"wpcf7-form-control-wrap\" data-name=\"text-598\"><input size=\"40\" maxlength=\"400\" class=\"wpcf7-form-control wpcf7-text\" aria-invalid=\"false\" placeholder=\"Ime\" value=\"\" type=\"text\" name=\"text-598\" \/><\/span>\n<\/p>\n<p><span class=\"wpcf7-form-control-wrap\" data-name=\"email-873\"><input size=\"40\" maxlength=\"400\" class=\"wpcf7-form-control wpcf7-email wpcf7-validates-as-required wpcf7-text wpcf7-validates-as-email\" aria-required=\"true\" aria-invalid=\"false\" placeholder=\"Email *\" value=\"\" type=\"email\" name=\"email-873\" \/><\/span>\n<\/p>\n<p><span class=\"wpcf7-form-control-wrap\" data-name=\"text-916\"><input size=\"40\" maxlength=\"400\" class=\"wpcf7-form-control wpcf7-text\" aria-invalid=\"false\" placeholder=\"Preduze\u0107e\/Institucija\" value=\"\" type=\"text\" name=\"text-916\" \/><\/span>\n<\/p>\n<p><span class=\"wpcf7-form-control-wrap\" data-name=\"textarea-213\"><textarea cols=\"40\" rows=\"10\" maxlength=\"2000\" class=\"wpcf7-form-control wpcf7-textarea wpcf7-validates-as-required\" aria-required=\"true\" aria-invalid=\"false\" placeholder=\"Poruka *\" name=\"textarea-213\"><\/textarea><\/span>\n<\/p>\n<div id=\"cf7sr-69f2bd66a7760\" class=\"cf7sr-g-recaptcha\" data-theme=\"light\" data-type=\"image\" data-size=\"normal\" data-sitekey=\"6LenrhIsAAAAANcarJPJaMaIYXs3QuvyCEQVNaRg\"><\/div><span class=\"wpcf7-form-control-wrap cf7sr-recaptcha\" data-name=\"cf7sr-recaptcha\"><input type=\"hidden\" name=\"cf7sr-recaptcha\" value=\"\" class=\"wpcf7-form-control\"><\/span>\n<\/p>\n<p>* Obavezna polja\n<\/p>\n<p><input class=\"wpcf7-form-control wpcf7-submit has-spinner\" type=\"submit\" value=\"Po\u0161alji\" \/>\n<\/p><div class=\"wpcf7-response-output\" aria-hidden=\"true\"><\/div>\n<\/form>\n<\/div>\n[\/vc_column][\/vc_row][vc_row][vc_column][\/vc_column][\/vc_row]<\/p>\n","protected":false},"excerpt":{"rendered":"<p>[vc_row][vc_column width=&#8221;1\/3&#8243; el_class=&#8221;contact-page-google-map&#8221; css=&#8221;.vc_custom_1484819478952{border-radius: 5px !important;}&#8221;][vc_gmaps link=&#8221;#E-8_JTNDaWZyYW1lJTBBJTIwJTIwc3JjJTNEJTIyaHR0cHMlM0ElMkYlMkZ3d3cuZ29vZ2xlLmNvbSUyRm1hcHMlMkZlbWJlZCUzRnBiJTNEJTIxMW0xOCUyMTFtMTIlMjExbTMlMjExZDIyNzU1Ni4wJTIxMmQyMS44ODMlMjEzZDQzLjMxNiUyMTJtMyUyMTFmMCUyMTJmMCUyMTNmMCUyMTNtMiUyMTFpMTAyNCUyMTJpNzY4JTIxNGYxMCUyMTNtMyUyMTFtMiUyMTFzMHg0NzVhY2VhYjE4OGVhYWViJTI1M0EweGI3ZDQ3NTFkMDJmMDljZTklMjEyc01vcmF2c2thJTI1MjA3JTI1MkMlMjUyMCUyNUM0JTI1OENva290JTIxNWUwJTIxM20yJTIxMXNlbiUyMTJzcnMlMjE0djE3MzIxMDExMTExMTElMjE1bTIlMjExc2VuJTIxMnNycyUyMiUwQSUyMCUyMHdpZHRoJTNEJTIyNjAwJTIyJTBBJTIwJTIwaGVpZ2h0JTNEJTIyNDUwJTIyJTBBJTIwJTIwc3R5bGUlM0QlMjJib3JkZXIlM0EwJTNCJTIyJTBBJTIwJTIwYWxsb3dmdWxsc2NyZWVuJTNEJTIyJTIyJTBBJTIwJTIwbG9hZGluZyUzRCUyMmxhenklMjIlMEElMjAlMjByZWZlcnJlcnBvbGljeSUzRCUyMm5vLXJlZmVycmVyLXdoZW4tZG93bmdyYWRlJTIyJTNFJTBBJTNDJTJGaWZyYW1lJTNFJTBBJTBBJTBBJTBBJTBB&#8221; size=&#8221;600px&#8221;][\/vc_column][vc_column width=&#8221;1\/3&#8243;][vc_column_text el_class=&#8221;contact-info&#8221;] Kontakt informacije Adresa: Moravska 7, \u010cokot 18250 Novo Selo, Ni\u0161 Republika Srbija Telefon: 018-4291290 018-4291288 018-4267469 060-3679272 Email: office@proxima-medical.rs Radno vreme: pon &#8211; pet od 08:00h do 16:00h [\/vc_column_text][\/vc_column][vc_column width=&#8221;1\/3&#8243; el_class=&#8221;contact-page-form&#8221;][vc_column_text] Po\u0161aljite nam poruku [\/vc_column_text][\/vc_column][\/vc_row][vc_row][vc_column][\/vc_column][\/vc_row]<\/p>\n","protected":false},"author":3,"featured_media":0,"parent":0,"menu_order":0,"comment_status":"closed","ping_status":"closed","template":"","meta":{"_acf_changed":false,"footnotes":""},"class_list":["post-6","page","type-page","status-publish","hentry"],"acf":[],"yoast_head":"<!-- This site is optimized with the Yoast SEO plugin v26.4 - https:\/\/yoast.com\/wordpress\/plugins\/seo\/ -->\n<title>Proxima d.o.o. | Kontakt | Ni\u0161, Srbija<\/title>\n<meta name=\"description\" content=\"Proxima d.o.o. kontakt stranica. Ukoliko \u017eelite mo\u017eete nas kontaktirati putem telefona 018-4291290, 018-4291288, 018-4267469, 060-3679272, pomo\u0107u forme na na\u0161oj stranici ili direktno email-om na office@proxima-medical.rs\" \/>\n<meta name=\"robots\" content=\"index, follow, max-snippet:-1, max-image-preview:large, max-video-preview:-1\" \/>\n<link rel=\"canonical\" href=\"https:\/\/proxima-medical.rs\/kontakt\/\" \/>\n<meta property=\"og:locale\" content=\"en_US\" \/>\n<meta property=\"og:type\" content=\"article\" \/>\n<meta property=\"og:title\" content=\"[:sr]Proxima d.o.o. | Kontakt | Ni\u0161, Srbija [:]\" \/>\n<meta property=\"og:description\" content=\"{:sr}Proxima d.o.o. kontakt stranica. Ukoliko \u017eelite mo\u017eete nas kontaktirati putem telefona 018-4291290, 018-4291288, 018-4267469, 060-3679272, pomo\u0107u forme na na\u0161oj stranici ili direktno email-om na office@proxima-medical.rs {:}\" \/>\n<meta property=\"og:url\" content=\"https:\/\/proxima-medical.rs\/kontakt\/\" \/>\n<meta property=\"og:site_name\" content=\"Proxima\" \/>\n<meta property=\"article:modified_time\" content=\"2025-11-21T10:08:30+00:00\" \/>\n<meta name=\"twitter:card\" content=\"summary_large_image\" \/>\n<meta name=\"twitter:label1\" content=\"Est. reading time\" \/>\n\t<meta name=\"twitter:data1\" content=\"1 minute\" \/>\n<script type=\"application\/ld+json\" class=\"yoast-schema-graph\">{\"@context\":\"https:\/\/schema.org\",\"@graph\":[{\"@type\":\"WebPage\",\"@id\":\"https:\/\/proxima-medical.rs\/kontakt\/\",\"url\":\"https:\/\/proxima-medical.rs\/kontakt\/\",\"name\":\"[:sr]Proxima d.o.o. | Kontakt | Ni\u0161, Srbija [:]\",\"isPartOf\":{\"@id\":\"https:\/\/proxima-medical.rs\/#website\"},\"datePublished\":\"2016-10-18T21:37:27+00:00\",\"dateModified\":\"2025-11-21T10:08:30+00:00\",\"description\":\"{:sr}Proxima d.o.o. kontakt stranica. Ukoliko \u017eelite mo\u017eete nas kontaktirati putem telefona 018-4291290, 018-4291288, 018-4267469, 060-3679272, pomo\u0107u forme na na\u0161oj stranici ili direktno email-om na office@proxima-medical.rs {:}\",\"breadcrumb\":{\"@id\":\"https:\/\/proxima-medical.rs\/kontakt\/#breadcrumb\"},\"inLanguage\":\"en-US\",\"potentialAction\":[{\"@type\":\"ReadAction\",\"target\":[\"https:\/\/proxima-medical.rs\/kontakt\/\"]}]},{\"@type\":\"BreadcrumbList\",\"@id\":\"https:\/\/proxima-medical.rs\/kontakt\/#breadcrumb\",\"itemListElement\":[{\"@type\":\"ListItem\",\"position\":1,\"name\":\"Home\",\"item\":\"https:\/\/proxima-medical.rs\/\"},{\"@type\":\"ListItem\",\"position\":2,\"name\":\"[:sr]Kontakt[:en]Contact[:ru]K\u043e\u043d\u0442\u0430\u043a\u0442[:]\"}]},{\"@type\":\"WebSite\",\"@id\":\"https:\/\/proxima-medical.rs\/#website\",\"url\":\"https:\/\/proxima-medical.rs\/\",\"name\":\"Proxima\",\"description\":\"Dobrodo\u0161li\",\"publisher\":{\"@id\":\"https:\/\/proxima-medical.rs\/#organization\"},\"potentialAction\":[{\"@type\":\"SearchAction\",\"target\":{\"@type\":\"EntryPoint\",\"urlTemplate\":\"https:\/\/proxima-medical.rs\/?s={search_term_string}\"},\"query-input\":{\"@type\":\"PropertyValueSpecification\",\"valueRequired\":true,\"valueName\":\"search_term_string\"}}],\"inLanguage\":\"en-US\"},{\"@type\":\"Organization\",\"@id\":\"https:\/\/proxima-medical.rs\/#organization\",\"name\":\"Proxima doo\",\"url\":\"https:\/\/proxima-medical.rs\/\",\"logo\":{\"@type\":\"ImageObject\",\"inLanguage\":\"en-US\",\"@id\":\"https:\/\/proxima-medical.rs\/#\/schema\/logo\/image\/\",\"url\":\"https:\/\/proxima-medical.rs\/wp-content\/uploads\/2016\/10\/Proxima-360px.png\",\"contentUrl\":\"https:\/\/proxima-medical.rs\/wp-content\/uploads\/2016\/10\/Proxima-360px.png\",\"width\":360,\"height\":136,\"caption\":\"Proxima doo\"},\"image\":{\"@id\":\"https:\/\/proxima-medical.rs\/#\/schema\/logo\/image\/\"}}]}<\/script>\n<!-- \/ Yoast SEO plugin. -->","yoast_head_json":{"title":"Proxima d.o.o. | Kontakt | Ni\u0161, Srbija","description":"Proxima d.o.o. kontakt stranica. Ukoliko \u017eelite mo\u017eete nas kontaktirati putem telefona 018-4291290, 018-4291288, 018-4267469, 060-3679272, pomo\u0107u forme na na\u0161oj stranici ili direktno email-om na office@proxima-medical.rs","robots":{"index":"index","follow":"follow","max-snippet":"max-snippet:-1","max-image-preview":"max-image-preview:large","max-video-preview":"max-video-preview:-1"},"canonical":"https:\/\/proxima-medical.rs\/kontakt\/","og_locale":"en_US","og_type":"article","og_title":"[:sr]Proxima d.o.o. | Kontakt | Ni\u0161, Srbija [:]","og_description":"{:sr}Proxima d.o.o. kontakt stranica. Ukoliko \u017eelite mo\u017eete nas kontaktirati putem telefona 018-4291290, 018-4291288, 018-4267469, 060-3679272, pomo\u0107u forme na na\u0161oj stranici ili direktno email-om na office@proxima-medical.rs {:}","og_url":"https:\/\/proxima-medical.rs\/kontakt\/","og_site_name":"Proxima","article_modified_time":"2025-11-21T10:08:30+00:00","twitter_card":"summary_large_image","twitter_misc":{"Est. reading time":"1 minute"},"schema":{"@context":"https:\/\/schema.org","@graph":[{"@type":"WebPage","@id":"https:\/\/proxima-medical.rs\/kontakt\/","url":"https:\/\/proxima-medical.rs\/kontakt\/","name":"[:sr]Proxima d.o.o. | Kontakt | Ni\u0161, Srbija [:]","isPartOf":{"@id":"https:\/\/proxima-medical.rs\/#website"},"datePublished":"2016-10-18T21:37:27+00:00","dateModified":"2025-11-21T10:08:30+00:00","description":"{:sr}Proxima d.o.o. kontakt stranica. Ukoliko \u017eelite mo\u017eete nas kontaktirati putem telefona 018-4291290, 018-4291288, 018-4267469, 060-3679272, pomo\u0107u forme na na\u0161oj stranici ili direktno email-om na office@proxima-medical.rs {:}","breadcrumb":{"@id":"https:\/\/proxima-medical.rs\/kontakt\/#breadcrumb"},"inLanguage":"en-US","potentialAction":[{"@type":"ReadAction","target":["https:\/\/proxima-medical.rs\/kontakt\/"]}]},{"@type":"BreadcrumbList","@id":"https:\/\/proxima-medical.rs\/kontakt\/#breadcrumb","itemListElement":[{"@type":"ListItem","position":1,"name":"Home","item":"https:\/\/proxima-medical.rs\/"},{"@type":"ListItem","position":2,"name":"[:sr]Kontakt[:en]Contact[:ru]K\u043e\u043d\u0442\u0430\u043a\u0442[:]"}]},{"@type":"WebSite","@id":"https:\/\/proxima-medical.rs\/#website","url":"https:\/\/proxima-medical.rs\/","name":"Proxima","description":"Dobrodo\u0161li","publisher":{"@id":"https:\/\/proxima-medical.rs\/#organization"},"potentialAction":[{"@type":"SearchAction","target":{"@type":"EntryPoint","urlTemplate":"https:\/\/proxima-medical.rs\/?s={search_term_string}"},"query-input":{"@type":"PropertyValueSpecification","valueRequired":true,"valueName":"search_term_string"}}],"inLanguage":"en-US"},{"@type":"Organization","@id":"https:\/\/proxima-medical.rs\/#organization","name":"Proxima doo","url":"https:\/\/proxima-medical.rs\/","logo":{"@type":"ImageObject","inLanguage":"en-US","@id":"https:\/\/proxima-medical.rs\/#\/schema\/logo\/image\/","url":"https:\/\/proxima-medical.rs\/wp-content\/uploads\/2016\/10\/Proxima-360px.png","contentUrl":"https:\/\/proxima-medical.rs\/wp-content\/uploads\/2016\/10\/Proxima-360px.png","width":360,"height":136,"caption":"Proxima doo"},"image":{"@id":"https:\/\/proxima-medical.rs\/#\/schema\/logo\/image\/"}}]}},"_links":{"self":[{"href":"https:\/\/proxima-medical.rs\/en\/wp-json\/wp\/v2\/pages\/6","targetHints":{"allow":["GET"]}}],"collection":[{"href":"https:\/\/proxima-medical.rs\/en\/wp-json\/wp\/v2\/pages"}],"about":[{"href":"https:\/\/proxima-medical.rs\/en\/wp-json\/wp\/v2\/types\/page"}],"author":[{"embeddable":true,"href":"https:\/\/proxima-medical.rs\/en\/wp-json\/wp\/v2\/users\/3"}],"replies":[{"embeddable":true,"href":"https:\/\/proxima-medical.rs\/en\/wp-json\/wp\/v2\/comments?post=6"}],"version-history":[{"count":81,"href":"https:\/\/proxima-medical.rs\/en\/wp-json\/wp\/v2\/pages\/6\/revisions"}],"predecessor-version":[{"id":2032,"href":"https:\/\/proxima-medical.rs\/en\/wp-json\/wp\/v2\/pages\/6\/revisions\/2032"}],"wp:attachment":[{"href":"https:\/\/proxima-medical.rs\/en\/wp-json\/wp\/v2\/media?parent=6"}],"curies":[{"name":"wp","href":"https:\/\/api.w.org\/{rel}","templated":true}]}}