{"id":8,"date":"2016-10-18T21:37:52","date_gmt":"2016-10-18T21:37:52","guid":{"rendered":"http:\/\/proxima-medical.rs\/?page_id=8"},"modified":"2025-11-18T16:24:59","modified_gmt":"2025-11-18T15:24:59","slug":"radite-sa-nama","status":"publish","type":"page","link":"https:\/\/proxima-medical.rs\/en\/radite-sa-nama\/","title":{"rendered":"Work with us"},"content":{"rendered":"<p>[vc_row bg_type=&#8221;bg_color&#8221; bg_override=&#8221;full&#8221; bg_color_value=&#8221;#57a695&#8243; el_class=&#8221;work-with-us-highlighted&#8221; css=&#8221;.vc_custom_1486997754014{margin-bottom: 45px !important;}&#8221;][vc_column width=&#8221;1\/12&#8243;][vc_icon icon_fontawesome=&#8221;fa fa-lightbulb-o&#8221; color=&#8221;custom&#8221; size=&#8221;xl&#8221; custom_color=&#8221;#ffffff&#8221; el_class=&#8221;check-your-skills-icon&#8221;][\/vc_column][vc_column width=&#8221;11\/12&#8243;][vc_column_text]<\/p>\n<div class=\"check-your-skills-section\">\n<h3>Looking for a job or you want to work? The difference is significant.<\/h3>\n<p style=\"font-size: 1.2em;\">We believe in persistence, determination, not giving up and continual improvement. Considering that at least third of day we spent at work, we want to make a difference with our efforts and attitude to work, we want to achieve top results in every field of our activity, and to be proud of achieved goals. This way is at the same time the path of our personal and professional improvement.<\/p>\n<\/div>\n<p>[\/vc_column_text][\/vc_column][\/vc_row][vc_row disable_element=&#8221;yes&#8221;][vc_column width=&#8221;1\/2&#8243;][vc_column_text]<\/p>\n<h3>Available positions<\/h3>\n<p>[\/vc_column_text][vc_toggle title=&#8221;There are currently no open positions.&#8221;][\/vc_toggle][\/vc_column][vc_column width=&#8221;1\/2&#8243;][vc_column_text]<\/p>\n<h3 style=\"visibility: hidden;\">Otvorene pozicije<\/h3>\n<p>[\/vc_column_text][vc_single_image image=&#8221;362&#8243; img_size=&#8221;full&#8221; el_class=&#8221;about-us-img&#8221;][\/vc_column][\/vc_row][vc_row][vc_column width=&#8221;1\/2&#8243;][vc_column_text]<\/p>\n<h3>Available positions<\/h3>\n<p>[\/vc_column_text][vc_toggle title=&#8221;Ma\u0161inski in\u017eenjer &#8211; Ni\u0161&#8221; el_id=&#8221;1524038892281-edfecc75-65ea&#8221;]Priklju\u010dite se timu iskusnih i inovativnih in\u017eenjera u razvoju i proizvodnji savremenih ma\u0161inskih re\u0161enja za medicinsku tehnologiju. Unapredite svoje ve\u0161tine i znanja kroz rad na izazovnim projektima. Budite deo tima koji ve\u0107 vi\u0161e od 20 godina uspe\u0161no razvija i unapre\u0111uje medicinsku tehnologiju.<\/p>\n<p>Prijavite se putem maila: <a href=\"mailto:posao@proxima-medical.rs\">posao@proxima-medical.rs<\/a><\/p>\n<p><strong>Mesto:<\/strong> Ni\u0161 \u2013 \u010cokot<\/p>\n<p>&nbsp;<\/p>\n<p><strong>Opis posla:<\/strong><\/p>\n<ul>\n<li>Projektovanje u SolidWorks programu<\/li>\n<li>Rad na CNC glodalici \u2013 obrada obojenih metala i plastike<\/li>\n<\/ul>\n<p>&nbsp;<\/p>\n<p><strong>Uslovi:<\/strong><\/p>\n<ul>\n<li>IV\/V\/VI stepen stru\u010dne spreme, ma\u0161inski profil<\/li>\n<li>Ra\u010dunarske ve\u0161tine (office i internet)<\/li>\n<li>Po\u017eeljno znanje engleskog jezika<\/li>\n<li>Prethodno iskustvo je plus<\/li>\n<\/ul>\n<p>&nbsp;<\/p>\n<p><strong>Nudimo:<\/strong><\/p>\n<ul>\n<li>Pozitivnu radnu atmosferu<\/li>\n<li>Rad u timu iskusnih in\u017eenjera<\/li>\n<li>Mogu\u0107nost napredovanja i usavr\u0161avanja<\/li>\n<\/ul>\n<p>[\/vc_toggle][vc_toggle title=&#8221;QUALITY ENGINEER \u2013 junior position \u2013&#8221; el_id=&#8221;1524039741115-32423136-7b83&#8243;]Join the team of experienced and innovative engineers in development and production of the state-of-the-art medical technology and ensure that everything we do is in accordance with the highest quality standards in the industry. Expand your knowledge and skills through hands-on international projects. Be part of the team with more than 20 years of experience.<\/p>\n<p>Apply by sending us an e-mail at: <a href=\"mailto:posao@proxima-medical.rs\">posao@proxima-medical.rs<\/a><\/p>\n<p>Place: Ni\u0161 \u2013 \u010cokot<\/p>\n<p>&nbsp;<\/p>\n<p>Job description:<\/p>\n<ul>\n<li>QMSystem management<\/li>\n<li>Technical files preparation<\/li>\n<li>Certification and regulatory affairs<\/li>\n<\/ul>\n<p>&nbsp;<\/p>\n<p>Conditions:<\/p>\n<ul>\n<li>BSc or MSc in technical area, preferably electronics<\/li>\n<li>Great computer skills (office &amp; internet)<\/li>\n<li>English language, spoken and written (obviously \ud83d\ude42<\/li>\n<li>Experience in the field is a plus<\/li>\n<\/ul>\n<p>&nbsp;<\/p>\n<p>We offer:<\/p>\n<ul>\n<li>Positive working environment<\/li>\n<li>Being around skilled and experienced engineers<\/li>\n<li>Advancement and skill improvement<\/li>\n<\/ul>\n<p>[\/vc_toggle][\/vc_column][vc_column width=&#8221;1\/2&#8243;][vc_column_text]<\/p>\n<h3 style=\"visibility: hidden;\">Otvorene pozicije<\/h3>\n<p>[\/vc_column_text][vc_single_image image=&#8221;362&#8243; img_size=&#8221;full&#8221; el_class=&#8221;about-us-img&#8221;][\/vc_column][\/vc_row][vc_row][vc_column][vc_separator color=&#8221;custom&#8221; gap=&#8221;taller&#8221; css=&#8221;.vc_custom_1487001705979{margin-bottom: -22px !important;}&#8221;][\/vc_column][\/vc_row][vc_row bg_type=&#8221;bg_color&#8221; bg_override=&#8221;ex-full&#8221; css=&#8221;.vc_custom_1487029134288{border-right-width: 0px !important;border-bottom-width: 0px !important;border-left-width: 0px !important;padding-top: 35px !important;}&#8221; bg_color_value=&#8221;rgba(193,193,193,0.4)&#8221;][vc_column][vc_column_text]<\/p>\n<h4>No available positions for you?<\/h4>\n<p style=\"color: #777;\">Send us your CV to <a href=\"mailto:posao@proxima-medical.rs\">posao@proxima-medical.rs<\/a><\/p>\n<p>[\/vc_column_text][\/vc_column][\/vc_row]<\/p>","protected":false},"excerpt":{"rendered":"<p>[vc_row bg_type=&#8221;bg_color&#8221; bg_override=&#8221;full&#8221; bg_color_value=&#8221;#57a695&#8243; el_class=&#8221;work-with-us-highlighted&#8221; css=&#8221;.vc_custom_1486997754014{margin-bottom: 45px !important;}&#8221;][vc_column width=&#8221;1\/12&#8243;][vc_icon icon_fontawesome=&#8221;fa fa-lightbulb-o&#8221; color=&#8221;custom&#8221; size=&#8221;xl&#8221; custom_color=&#8221;#ffffff&#8221; el_class=&#8221;check-your-skills-icon&#8221;][\/vc_column][vc_column width=&#8221;11\/12&#8243;][vc_column_text] Looking for a job or you want to work? The difference is significant. We believe in persistence, determination, not giving up and continual improvement. Considering that at least third of day we spent at work, we want to make [&hellip;]<\/p>\n","protected":false},"author":3,"featured_media":0,"parent":0,"menu_order":0,"comment_status":"closed","ping_status":"closed","template":"","meta":{"_acf_changed":false,"footnotes":""},"class_list":["post-8","page","type-page","status-publish","hentry"],"acf":[],"yoast_head":"<!-- This site is optimized with the Yoast SEO plugin v26.4 - https:\/\/yoast.com\/wordpress\/plugins\/seo\/ -->\n<title>Proxima d.o.o. - posao<\/title>\n<meta name=\"description\" content=\"\u017delite da radite? Mi verujemo u upornost, odlu\u010dnost, neodustajanje i konstantni napredak. \u017delimo da napravimo razliku svojim zalaganjem i odnosom prema poslu, \u017eelimo da ostvarimo vrhunske rezultate u svakoj oblasti na\u0161eg delovanja i budemo ponosni na ostvarene ciljeve. Ukoliko \u017eelite da budete deo tima kontaktiraj nas.\" \/>\n<meta name=\"robots\" content=\"index, follow, max-snippet:-1, max-image-preview:large, max-video-preview:-1\" \/>\n<link rel=\"canonical\" href=\"https:\/\/proxima-medical.rs\/radite-sa-nama\/\" \/>\n<meta property=\"og:locale\" content=\"en_US\" \/>\n<meta property=\"og:type\" content=\"article\" \/>\n<meta property=\"og:title\" content=\"Proxima d.o.o. - posao\" \/>\n<meta property=\"og:description\" content=\"\u017delite da radite? Mi verujemo u upornost, odlu\u010dnost, neodustajanje i konstantni napredak. \u017delimo da napravimo razliku svojim zalaganjem i odnosom prema poslu, \u017eelimo da ostvarimo vrhunske rezultate u svakoj oblasti na\u0161eg delovanja i budemo ponosni na ostvarene ciljeve. Ukoliko \u017eelite da budete deo tima kontaktiraj nas.\" \/>\n<meta property=\"og:url\" content=\"https:\/\/proxima-medical.rs\/radite-sa-nama\/\" \/>\n<meta property=\"og:site_name\" content=\"Proxima\" \/>\n<meta property=\"article:modified_time\" content=\"2025-11-18T15:24:59+00:00\" \/>\n<meta name=\"twitter:card\" content=\"summary_large_image\" \/>\n<meta name=\"twitter:label1\" content=\"Est. reading time\" \/>\n\t<meta name=\"twitter:data1\" content=\"4 minutes\" \/>\n<script type=\"application\/ld+json\" class=\"yoast-schema-graph\">{\"@context\":\"https:\/\/schema.org\",\"@graph\":[{\"@type\":\"WebPage\",\"@id\":\"https:\/\/proxima-medical.rs\/radite-sa-nama\/\",\"url\":\"https:\/\/proxima-medical.rs\/radite-sa-nama\/\",\"name\":\"Proxima d.o.o. - posao\",\"isPartOf\":{\"@id\":\"https:\/\/proxima-medical.rs\/#website\"},\"datePublished\":\"2016-10-18T21:37:52+00:00\",\"dateModified\":\"2025-11-18T15:24:59+00:00\",\"description\":\"\u017delite da radite? Mi verujemo u upornost, odlu\u010dnost, neodustajanje i konstantni napredak. \u017delimo da napravimo razliku svojim zalaganjem i odnosom prema poslu, \u017eelimo da ostvarimo vrhunske rezultate u svakoj oblasti na\u0161eg delovanja i budemo ponosni na ostvarene ciljeve. Ukoliko \u017eelite da budete deo tima kontaktiraj nas.\",\"breadcrumb\":{\"@id\":\"https:\/\/proxima-medical.rs\/radite-sa-nama\/#breadcrumb\"},\"inLanguage\":\"en-US\",\"potentialAction\":[{\"@type\":\"ReadAction\",\"target\":[\"https:\/\/proxima-medical.rs\/radite-sa-nama\/\"]}]},{\"@type\":\"BreadcrumbList\",\"@id\":\"https:\/\/proxima-medical.rs\/radite-sa-nama\/#breadcrumb\",\"itemListElement\":[{\"@type\":\"ListItem\",\"position\":1,\"name\":\"Home\",\"item\":\"https:\/\/proxima-medical.rs\/\"},{\"@type\":\"ListItem\",\"position\":2,\"name\":\"Radite sa nama\"}]},{\"@type\":\"WebSite\",\"@id\":\"https:\/\/proxima-medical.rs\/#website\",\"url\":\"https:\/\/proxima-medical.rs\/\",\"name\":\"Proxima\",\"description\":\"Dobrodo\u0161li\",\"publisher\":{\"@id\":\"https:\/\/proxima-medical.rs\/#organization\"},\"potentialAction\":[{\"@type\":\"SearchAction\",\"target\":{\"@type\":\"EntryPoint\",\"urlTemplate\":\"https:\/\/proxima-medical.rs\/?s={search_term_string}\"},\"query-input\":{\"@type\":\"PropertyValueSpecification\",\"valueRequired\":true,\"valueName\":\"search_term_string\"}}],\"inLanguage\":\"en-US\"},{\"@type\":\"Organization\",\"@id\":\"https:\/\/proxima-medical.rs\/#organization\",\"name\":\"Proxima doo\",\"url\":\"https:\/\/proxima-medical.rs\/\",\"logo\":{\"@type\":\"ImageObject\",\"inLanguage\":\"en-US\",\"@id\":\"https:\/\/proxima-medical.rs\/#\/schema\/logo\/image\/\",\"url\":\"https:\/\/proxima-medical.rs\/wp-content\/uploads\/2016\/10\/Proxima-360px.png\",\"contentUrl\":\"https:\/\/proxima-medical.rs\/wp-content\/uploads\/2016\/10\/Proxima-360px.png\",\"width\":360,\"height\":136,\"caption\":\"Proxima doo\"},\"image\":{\"@id\":\"https:\/\/proxima-medical.rs\/#\/schema\/logo\/image\/\"}}]}<\/script>\n<!-- \/ Yoast SEO plugin. -->","yoast_head_json":{"title":"Proxima d.o.o. - posao","description":"\u017delite da radite? Mi verujemo u upornost, odlu\u010dnost, neodustajanje i konstantni napredak. \u017delimo da napravimo razliku svojim zalaganjem i odnosom prema poslu, \u017eelimo da ostvarimo vrhunske rezultate u svakoj oblasti na\u0161eg delovanja i budemo ponosni na ostvarene ciljeve. Ukoliko \u017eelite da budete deo tima kontaktiraj nas.","robots":{"index":"index","follow":"follow","max-snippet":"max-snippet:-1","max-image-preview":"max-image-preview:large","max-video-preview":"max-video-preview:-1"},"canonical":"https:\/\/proxima-medical.rs\/radite-sa-nama\/","og_locale":"en_US","og_type":"article","og_title":"Proxima d.o.o. - posao","og_description":"\u017delite da radite? Mi verujemo u upornost, odlu\u010dnost, neodustajanje i konstantni napredak. \u017delimo da napravimo razliku svojim zalaganjem i odnosom prema poslu, \u017eelimo da ostvarimo vrhunske rezultate u svakoj oblasti na\u0161eg delovanja i budemo ponosni na ostvarene ciljeve. Ukoliko \u017eelite da budete deo tima kontaktiraj nas.","og_url":"https:\/\/proxima-medical.rs\/radite-sa-nama\/","og_site_name":"Proxima","article_modified_time":"2025-11-18T15:24:59+00:00","twitter_card":"summary_large_image","twitter_misc":{"Est. reading time":"4 minutes"},"schema":{"@context":"https:\/\/schema.org","@graph":[{"@type":"WebPage","@id":"https:\/\/proxima-medical.rs\/radite-sa-nama\/","url":"https:\/\/proxima-medical.rs\/radite-sa-nama\/","name":"Proxima d.o.o. - posao","isPartOf":{"@id":"https:\/\/proxima-medical.rs\/#website"},"datePublished":"2016-10-18T21:37:52+00:00","dateModified":"2025-11-18T15:24:59+00:00","description":"\u017delite da radite? Mi verujemo u upornost, odlu\u010dnost, neodustajanje i konstantni napredak. \u017delimo da napravimo razliku svojim zalaganjem i odnosom prema poslu, \u017eelimo da ostvarimo vrhunske rezultate u svakoj oblasti na\u0161eg delovanja i budemo ponosni na ostvarene ciljeve. Ukoliko \u017eelite da budete deo tima kontaktiraj nas.","breadcrumb":{"@id":"https:\/\/proxima-medical.rs\/radite-sa-nama\/#breadcrumb"},"inLanguage":"en-US","potentialAction":[{"@type":"ReadAction","target":["https:\/\/proxima-medical.rs\/radite-sa-nama\/"]}]},{"@type":"BreadcrumbList","@id":"https:\/\/proxima-medical.rs\/radite-sa-nama\/#breadcrumb","itemListElement":[{"@type":"ListItem","position":1,"name":"Home","item":"https:\/\/proxima-medical.rs\/"},{"@type":"ListItem","position":2,"name":"Radite sa nama"}]},{"@type":"WebSite","@id":"https:\/\/proxima-medical.rs\/#website","url":"https:\/\/proxima-medical.rs\/","name":"Proxima","description":"Dobrodo\u0161li","publisher":{"@id":"https:\/\/proxima-medical.rs\/#organization"},"potentialAction":[{"@type":"SearchAction","target":{"@type":"EntryPoint","urlTemplate":"https:\/\/proxima-medical.rs\/?s={search_term_string}"},"query-input":{"@type":"PropertyValueSpecification","valueRequired":true,"valueName":"search_term_string"}}],"inLanguage":"en-US"},{"@type":"Organization","@id":"https:\/\/proxima-medical.rs\/#organization","name":"Proxima doo","url":"https:\/\/proxima-medical.rs\/","logo":{"@type":"ImageObject","inLanguage":"en-US","@id":"https:\/\/proxima-medical.rs\/#\/schema\/logo\/image\/","url":"https:\/\/proxima-medical.rs\/wp-content\/uploads\/2016\/10\/Proxima-360px.png","contentUrl":"https:\/\/proxima-medical.rs\/wp-content\/uploads\/2016\/10\/Proxima-360px.png","width":360,"height":136,"caption":"Proxima doo"},"image":{"@id":"https:\/\/proxima-medical.rs\/#\/schema\/logo\/image\/"}}]}},"_links":{"self":[{"href":"https:\/\/proxima-medical.rs\/en\/wp-json\/wp\/v2\/pages\/8","targetHints":{"allow":["GET"]}}],"collection":[{"href":"https:\/\/proxima-medical.rs\/en\/wp-json\/wp\/v2\/pages"}],"about":[{"href":"https:\/\/proxima-medical.rs\/en\/wp-json\/wp\/v2\/types\/page"}],"author":[{"embeddable":true,"href":"https:\/\/proxima-medical.rs\/en\/wp-json\/wp\/v2\/users\/3"}],"replies":[{"embeddable":true,"href":"https:\/\/proxima-medical.rs\/en\/wp-json\/wp\/v2\/comments?post=8"}],"version-history":[{"count":47,"href":"https:\/\/proxima-medical.rs\/en\/wp-json\/wp\/v2\/pages\/8\/revisions"}],"predecessor-version":[{"id":1931,"href":"https:\/\/proxima-medical.rs\/en\/wp-json\/wp\/v2\/pages\/8\/revisions\/1931"}],"wp:attachment":[{"href":"https:\/\/proxima-medical.rs\/en\/wp-json\/wp\/v2\/media?parent=8"}],"curies":[{"name":"wp","href":"https:\/\/api.w.org\/{rel}","templated":true}]}}