{"id":1013,"date":"2018-02-16T12:20:23","date_gmt":"2018-02-16T12:20:23","guid":{"rendered":"http:\/\/proxima-medical.rs\/?post_type=product&#038;p=1013"},"modified":"2018-04-18T08:40:48","modified_gmt":"2018-04-18T08:40:48","slug":"kinetec-maestra","status":"publish","type":"product","link":"https:\/\/proxima-medical.rs\/en\/product\/kinetec-maestra\/","title":{"rendered":"KINETEC MAESTRA"},"content":{"rendered":"<p class=\"qtranxs-available-languages-message qtranxs-available-languages-message-en\">Sorry, this entry is only available in <a href=\"https:\/\/proxima-medical.rs\/sr\/wp-json\/wp\/v2\/product\/1013\" class=\"qtranxs-available-language-link qtranxs-available-language-link-sr\" title=\"Srpski\">Srpski<\/a>.<\/p>","protected":false},"excerpt":{"rendered":"<p class=\"qtranxs-available-languages-message qtranxs-available-languages-message-en\">Sorry, this entry is only available in <a href=\"https:\/\/proxima-medical.rs\/sr\/wp-json\/wp\/v2\/product\/1013\" class=\"qtranxs-available-language-link qtranxs-available-language-link-sr\" title=\"Srpski\">Srpski<\/a>.<\/p>\n","protected":false},"featured_media":1016,"template":"","meta":{"_acf_changed":false},"product_brand":[],"product_cat":[20],"product_tag":[91,93,94,147,145,146],"class_list":{"0":"post-1013","1":"product","2":"type-product","3":"status-publish","4":"has-post-thumbnail","6":"product_cat-fizikalna-medicina-i-rehabilitacija","7":"product_tag-cpm","8":"product_tag-kinetec","9":"product_tag-pasivno-vezbanje","10":"product_tag-prsti","11":"product_tag-rucni-zglob","12":"product_tag-saka","14":"first","15":"instock","16":"taxable","17":"shipping-taxable","18":"product-type-simple"},"acf":[],"yoast_head":"<!-- This site is optimized with the Yoast SEO plugin v26.4 - https:\/\/yoast.com\/wordpress\/plugins\/seo\/ -->\n<title>(Srpski) KINETEC MAESTRA prenosni CPM uredjaj, \u00a0Nis Srbija - Proxima<\/title>\n<meta name=\"description\" content=\"(Srpski) KINETEC MAESTRA je prenosni CPM uredjaj \u00a0za pasivnu rehabilitaciju ru\u010dnog zgloba, \u0161ake, prstiju i palca. KINETEC MAESTRA omogu\u0107uje do 9 anatomskih pokreta, promenljivu kontrolu brzine i mogu\u0107nost mobilizacije 14 zglobova.\" \/>\n<meta name=\"robots\" content=\"index, follow, max-snippet:-1, max-image-preview:large, max-video-preview:-1\" \/>\n<link rel=\"canonical\" href=\"https:\/\/proxima-medical.rs\/en\/product\/kinetec-maestra\/\" \/>\n<meta property=\"og:locale\" content=\"en_US\" \/>\n<meta property=\"og:type\" content=\"article\" \/>\n<meta property=\"og:title\" content=\"(Srpski) KINETEC MAESTRA prenosni CPM uredjaj, \u00a0Nis Srbija - Proxima\" \/>\n<meta property=\"og:description\" content=\"(Srpski) KINETEC MAESTRA je prenosni CPM uredjaj \u00a0za pasivnu rehabilitaciju ru\u010dnog zgloba, \u0161ake, prstiju i palca. KINETEC MAESTRA omogu\u0107uje do 9 anatomskih pokreta, promenljivu kontrolu brzine i mogu\u0107nost mobilizacije 14 zglobova.\" \/>\n<meta property=\"og:url\" content=\"https:\/\/proxima-medical.rs\/en\/product\/kinetec-maestra\/\" \/>\n<meta property=\"og:site_name\" content=\"Proxima\" \/>\n<meta property=\"article:modified_time\" content=\"2018-04-18T08:40:48+00:00\" \/>\n<meta property=\"og:image\" content=\"https:\/\/proxima-medical.rs\/wp-content\/uploads\/2018\/02\/KINETEC-MAESTRA-01.jpg\" \/>\n\t<meta property=\"og:image:width\" content=\"876\" \/>\n\t<meta property=\"og:image:height\" content=\"900\" \/>\n\t<meta property=\"og:image:type\" content=\"image\/jpeg\" \/>\n<meta name=\"twitter:card\" content=\"summary_large_image\" \/>\n<meta name=\"twitter:label1\" content=\"Est. reading time\" \/>\n\t<meta name=\"twitter:data1\" content=\"1 minute\" \/>\n<script type=\"application\/ld+json\" class=\"yoast-schema-graph\">{\"@context\":\"https:\/\/schema.org\",\"@graph\":[{\"@type\":\"WebPage\",\"@id\":\"https:\/\/proxima-medical.rs\/en\/product\/kinetec-maestra\/\",\"url\":\"https:\/\/proxima-medical.rs\/en\/product\/kinetec-maestra\/\",\"name\":\"(Srpski) KINETEC MAESTRA prenosni CPM uredjaj, \u00a0Nis Srbija - Proxima\",\"isPartOf\":{\"@id\":\"https:\/\/proxima-medical.rs\/#website\"},\"primaryImageOfPage\":{\"@id\":\"https:\/\/proxima-medical.rs\/en\/product\/kinetec-maestra\/#primaryimage\"},\"image\":{\"@id\":\"https:\/\/proxima-medical.rs\/en\/product\/kinetec-maestra\/#primaryimage\"},\"thumbnailUrl\":\"https:\/\/proxima-medical.rs\/wp-content\/uploads\/2018\/02\/KINETEC-MAESTRA-01.jpg\",\"datePublished\":\"2018-02-16T12:20:23+00:00\",\"dateModified\":\"2018-04-18T08:40:48+00:00\",\"description\":\"(Srpski) KINETEC MAESTRA je prenosni CPM uredjaj \u00a0za pasivnu rehabilitaciju ru\u010dnog zgloba, \u0161ake, prstiju i palca. KINETEC MAESTRA omogu\u0107uje do 9 anatomskih pokreta, promenljivu kontrolu brzine i mogu\u0107nost mobilizacije 14 zglobova.\",\"breadcrumb\":{\"@id\":\"https:\/\/proxima-medical.rs\/en\/product\/kinetec-maestra\/#breadcrumb\"},\"inLanguage\":\"en-US\",\"potentialAction\":[{\"@type\":\"ReadAction\",\"target\":[\"https:\/\/proxima-medical.rs\/en\/product\/kinetec-maestra\/\"]}]},{\"@type\":\"ImageObject\",\"inLanguage\":\"en-US\",\"@id\":\"https:\/\/proxima-medical.rs\/en\/product\/kinetec-maestra\/#primaryimage\",\"url\":\"https:\/\/proxima-medical.rs\/wp-content\/uploads\/2018\/02\/KINETEC-MAESTRA-01.jpg\",\"contentUrl\":\"https:\/\/proxima-medical.rs\/wp-content\/uploads\/2018\/02\/KINETEC-MAESTRA-01.jpg\",\"width\":876,\"height\":900,\"caption\":\"KINETEC MAESTRA 01\"},{\"@type\":\"BreadcrumbList\",\"@id\":\"https:\/\/proxima-medical.rs\/en\/product\/kinetec-maestra\/#breadcrumb\",\"itemListElement\":[{\"@type\":\"ListItem\",\"position\":1,\"name\":\"Home\",\"item\":\"https:\/\/proxima-medical.rs\/\"},{\"@type\":\"ListItem\",\"position\":2,\"name\":\"Proizvodi\",\"item\":\"https:\/\/proxima-medical.rs\/shop\/\"},{\"@type\":\"ListItem\",\"position\":3,\"name\":\"KINETEC MAESTRA\"}]},{\"@type\":\"WebSite\",\"@id\":\"https:\/\/proxima-medical.rs\/#website\",\"url\":\"https:\/\/proxima-medical.rs\/\",\"name\":\"Proxima\",\"description\":\"Dobrodo\u0161li\",\"publisher\":{\"@id\":\"https:\/\/proxima-medical.rs\/#organization\"},\"potentialAction\":[{\"@type\":\"SearchAction\",\"target\":{\"@type\":\"EntryPoint\",\"urlTemplate\":\"https:\/\/proxima-medical.rs\/?s={search_term_string}\"},\"query-input\":{\"@type\":\"PropertyValueSpecification\",\"valueRequired\":true,\"valueName\":\"search_term_string\"}}],\"inLanguage\":\"en-US\"},{\"@type\":\"Organization\",\"@id\":\"https:\/\/proxima-medical.rs\/#organization\",\"name\":\"Proxima doo\",\"url\":\"https:\/\/proxima-medical.rs\/\",\"logo\":{\"@type\":\"ImageObject\",\"inLanguage\":\"en-US\",\"@id\":\"https:\/\/proxima-medical.rs\/#\/schema\/logo\/image\/\",\"url\":\"https:\/\/proxima-medical.rs\/wp-content\/uploads\/2016\/10\/Proxima-360px.png\",\"contentUrl\":\"https:\/\/proxima-medical.rs\/wp-content\/uploads\/2016\/10\/Proxima-360px.png\",\"width\":360,\"height\":136,\"caption\":\"Proxima doo\"},\"image\":{\"@id\":\"https:\/\/proxima-medical.rs\/#\/schema\/logo\/image\/\"}}]}<\/script>\n<!-- \/ Yoast SEO plugin. -->","yoast_head_json":{"title":"(Srpski) KINETEC MAESTRA prenosni CPM uredjaj, \u00a0Nis Srbija - Proxima","description":"(Srpski) KINETEC MAESTRA je prenosni CPM uredjaj \u00a0za pasivnu rehabilitaciju ru\u010dnog zgloba, \u0161ake, prstiju i palca. KINETEC MAESTRA omogu\u0107uje do 9 anatomskih pokreta, promenljivu kontrolu brzine i mogu\u0107nost mobilizacije 14 zglobova.","robots":{"index":"index","follow":"follow","max-snippet":"max-snippet:-1","max-image-preview":"max-image-preview:large","max-video-preview":"max-video-preview:-1"},"canonical":"https:\/\/proxima-medical.rs\/en\/product\/kinetec-maestra\/","og_locale":"en_US","og_type":"article","og_title":"(Srpski) KINETEC MAESTRA prenosni CPM uredjaj, \u00a0Nis Srbija - Proxima","og_description":"(Srpski) KINETEC MAESTRA je prenosni CPM uredjaj \u00a0za pasivnu rehabilitaciju ru\u010dnog zgloba, \u0161ake, prstiju i palca. KINETEC MAESTRA omogu\u0107uje do 9 anatomskih pokreta, promenljivu kontrolu brzine i mogu\u0107nost mobilizacije 14 zglobova.","og_url":"https:\/\/proxima-medical.rs\/en\/product\/kinetec-maestra\/","og_site_name":"Proxima","article_modified_time":"2018-04-18T08:40:48+00:00","og_image":[{"width":876,"height":900,"url":"https:\/\/proxima-medical.rs\/wp-content\/uploads\/2018\/02\/KINETEC-MAESTRA-01.jpg","type":"image\/jpeg"}],"twitter_card":"summary_large_image","twitter_misc":{"Est. reading time":"1 minute"},"schema":{"@context":"https:\/\/schema.org","@graph":[{"@type":"WebPage","@id":"https:\/\/proxima-medical.rs\/en\/product\/kinetec-maestra\/","url":"https:\/\/proxima-medical.rs\/en\/product\/kinetec-maestra\/","name":"(Srpski) KINETEC MAESTRA prenosni CPM uredjaj, \u00a0Nis Srbija - Proxima","isPartOf":{"@id":"https:\/\/proxima-medical.rs\/#website"},"primaryImageOfPage":{"@id":"https:\/\/proxima-medical.rs\/en\/product\/kinetec-maestra\/#primaryimage"},"image":{"@id":"https:\/\/proxima-medical.rs\/en\/product\/kinetec-maestra\/#primaryimage"},"thumbnailUrl":"https:\/\/proxima-medical.rs\/wp-content\/uploads\/2018\/02\/KINETEC-MAESTRA-01.jpg","datePublished":"2018-02-16T12:20:23+00:00","dateModified":"2018-04-18T08:40:48+00:00","description":"(Srpski) KINETEC MAESTRA je prenosni CPM uredjaj \u00a0za pasivnu rehabilitaciju ru\u010dnog zgloba, \u0161ake, prstiju i palca. KINETEC MAESTRA omogu\u0107uje do 9 anatomskih pokreta, promenljivu kontrolu brzine i mogu\u0107nost mobilizacije 14 zglobova.","breadcrumb":{"@id":"https:\/\/proxima-medical.rs\/en\/product\/kinetec-maestra\/#breadcrumb"},"inLanguage":"en-US","potentialAction":[{"@type":"ReadAction","target":["https:\/\/proxima-medical.rs\/en\/product\/kinetec-maestra\/"]}]},{"@type":"ImageObject","inLanguage":"en-US","@id":"https:\/\/proxima-medical.rs\/en\/product\/kinetec-maestra\/#primaryimage","url":"https:\/\/proxima-medical.rs\/wp-content\/uploads\/2018\/02\/KINETEC-MAESTRA-01.jpg","contentUrl":"https:\/\/proxima-medical.rs\/wp-content\/uploads\/2018\/02\/KINETEC-MAESTRA-01.jpg","width":876,"height":900,"caption":"KINETEC MAESTRA 01"},{"@type":"BreadcrumbList","@id":"https:\/\/proxima-medical.rs\/en\/product\/kinetec-maestra\/#breadcrumb","itemListElement":[{"@type":"ListItem","position":1,"name":"Home","item":"https:\/\/proxima-medical.rs\/"},{"@type":"ListItem","position":2,"name":"Proizvodi","item":"https:\/\/proxima-medical.rs\/shop\/"},{"@type":"ListItem","position":3,"name":"KINETEC MAESTRA"}]},{"@type":"WebSite","@id":"https:\/\/proxima-medical.rs\/#website","url":"https:\/\/proxima-medical.rs\/","name":"Proxima","description":"Dobrodo\u0161li","publisher":{"@id":"https:\/\/proxima-medical.rs\/#organization"},"potentialAction":[{"@type":"SearchAction","target":{"@type":"EntryPoint","urlTemplate":"https:\/\/proxima-medical.rs\/?s={search_term_string}"},"query-input":{"@type":"PropertyValueSpecification","valueRequired":true,"valueName":"search_term_string"}}],"inLanguage":"en-US"},{"@type":"Organization","@id":"https:\/\/proxima-medical.rs\/#organization","name":"Proxima doo","url":"https:\/\/proxima-medical.rs\/","logo":{"@type":"ImageObject","inLanguage":"en-US","@id":"https:\/\/proxima-medical.rs\/#\/schema\/logo\/image\/","url":"https:\/\/proxima-medical.rs\/wp-content\/uploads\/2016\/10\/Proxima-360px.png","contentUrl":"https:\/\/proxima-medical.rs\/wp-content\/uploads\/2016\/10\/Proxima-360px.png","width":360,"height":136,"caption":"Proxima doo"},"image":{"@id":"https:\/\/proxima-medical.rs\/#\/schema\/logo\/image\/"}}]}},"_links":{"self":[{"href":"https:\/\/proxima-medical.rs\/en\/wp-json\/wp\/v2\/product\/1013","targetHints":{"allow":["GET"]}}],"collection":[{"href":"https:\/\/proxima-medical.rs\/en\/wp-json\/wp\/v2\/product"}],"about":[{"href":"https:\/\/proxima-medical.rs\/en\/wp-json\/wp\/v2\/types\/product"}],"wp:featuredmedia":[{"embeddable":true,"href":"https:\/\/proxima-medical.rs\/en\/wp-json\/wp\/v2\/media\/1016"}],"wp:attachment":[{"href":"https:\/\/proxima-medical.rs\/en\/wp-json\/wp\/v2\/media?parent=1013"}],"wp:term":[{"taxonomy":"product_brand","embeddable":true,"href":"https:\/\/proxima-medical.rs\/en\/wp-json\/wp\/v2\/product_brand?post=1013"},{"taxonomy":"product_cat","embeddable":true,"href":"https:\/\/proxima-medical.rs\/en\/wp-json\/wp\/v2\/product_cat?post=1013"},{"taxonomy":"product_tag","embeddable":true,"href":"https:\/\/proxima-medical.rs\/en\/wp-json\/wp\/v2\/product_tag?post=1013"}],"curies":[{"name":"wp","href":"https:\/\/api.w.org\/{rel}","templated":true}]}}