{"id":1078,"date":"2018-03-28T07:49:18","date_gmt":"2018-03-28T07:49:18","guid":{"rendered":"http:\/\/proxima-medical.rs\/?post_type=product&#038;p=1078"},"modified":"2018-04-18T08:01:50","modified_gmt":"2018-04-18T08:01:50","slug":"tens-2p","status":"publish","type":"product","link":"https:\/\/proxima-medical.rs\/en\/product\/tens-2p\/","title":{"rendered":"TENS 2P"},"content":{"rendered":"<p><\/p>\n<h3>TENS 2P \u2013 device for TENS stimulation<\/h3>\n<p>TENS 2P is two channel device for TENS (Transcutaneous Electro Nerve Stimulation) stimulation. Both channel therapy is enabled in the same time with individual stimulation intensity adjustments.<\/p>\n<p>Device has compact dimensions and small weight, and thanks to built-in battery of 1000mAh capacity enables conducting of 10 therapies on single charge (depending on therapy parameters). Device enables classical-continuous and BURST mode stimulation.<\/p>\n<p>Standard accessories include sillicone electrodes with sponge covers and rubber belts, but also selfadhesive gel electrodes for greater comfort of therapy.<\/p>","protected":false},"excerpt":{"rendered":"<p>Battery powered device for two channel TENS therapy. Installed Li-Ion battery and charger built inside of the device enable field treatment, independantly of power grid circumstances.<\/p>\n","protected":false},"featured_media":1079,"template":"","meta":{"_acf_changed":false},"product_brand":[],"product_cat":[20],"product_tag":[70,74,159],"class_list":{"0":"post-1078","1":"product","2":"type-product","3":"status-publish","4":"has-post-thumbnail","6":"product_cat-fizikalna-medicina-i-rehabilitacija","7":"product_tag-elektroterapija","8":"product_tag-tens","9":"product_tag-pain-management","11":"first","12":"instock","13":"taxable","14":"shipping-taxable","15":"product-type-simple"},"acf":[],"yoast_head":"<!-- This site is optimized with the Yoast SEO plugin v26.4 - https:\/\/yoast.com\/wordpress\/plugins\/seo\/ -->\n<title>TENS 2P - Proxima<\/title>\n<meta name=\"description\" content=\"Baterijski napajan aparat za TENS stimulaciju. Ugra\u0111ena Li-Ion baterija i punja\u010d u samom aparatu omogu\u0107avaju terapiju i na terenu, nezavisno od infrastrukturnih uslova (mre\u017enog napajanja).\" \/>\n<meta name=\"robots\" content=\"index, follow, max-snippet:-1, max-image-preview:large, max-video-preview:-1\" \/>\n<link rel=\"canonical\" href=\"https:\/\/proxima-medical.rs\/product\/tens-2p\/\" \/>\n<meta property=\"og:locale\" content=\"en_US\" \/>\n<meta property=\"og:type\" content=\"article\" \/>\n<meta property=\"og:title\" content=\"TENS 2P - Proxima\" \/>\n<meta property=\"og:description\" content=\"Baterijski napajan aparat za TENS stimulaciju. Ugra\u0111ena Li-Ion baterija i punja\u010d u samom aparatu omogu\u0107avaju terapiju i na terenu, nezavisno od infrastrukturnih uslova (mre\u017enog napajanja).\" \/>\n<meta property=\"og:url\" content=\"https:\/\/proxima-medical.rs\/product\/tens-2p\/\" \/>\n<meta property=\"og:site_name\" content=\"Proxima\" \/>\n<meta property=\"article:modified_time\" content=\"2018-04-18T08:01:50+00:00\" \/>\n<meta property=\"og:image\" content=\"https:\/\/proxima-medical.rs\/wp-content\/uploads\/2018\/03\/TENS-2p-01.jpg\" \/>\n\t<meta property=\"og:image:width\" content=\"900\" \/>\n\t<meta property=\"og:image:height\" content=\"600\" \/>\n\t<meta property=\"og:image:type\" content=\"image\/jpeg\" \/>\n<meta name=\"twitter:card\" content=\"summary_large_image\" \/>\n<meta name=\"twitter:label1\" content=\"Est. reading time\" \/>\n\t<meta name=\"twitter:data1\" content=\"1 minute\" \/>\n<script type=\"application\/ld+json\" class=\"yoast-schema-graph\">{\"@context\":\"https:\/\/schema.org\",\"@graph\":[{\"@type\":\"WebPage\",\"@id\":\"https:\/\/proxima-medical.rs\/product\/tens-2p\/\",\"url\":\"https:\/\/proxima-medical.rs\/product\/tens-2p\/\",\"name\":\"TENS 2P - Proxima\",\"isPartOf\":{\"@id\":\"https:\/\/proxima-medical.rs\/#website\"},\"primaryImageOfPage\":{\"@id\":\"https:\/\/proxima-medical.rs\/product\/tens-2p\/#primaryimage\"},\"image\":{\"@id\":\"https:\/\/proxima-medical.rs\/product\/tens-2p\/#primaryimage\"},\"thumbnailUrl\":\"https:\/\/proxima-medical.rs\/wp-content\/uploads\/2018\/03\/TENS-2p-01.jpg\",\"datePublished\":\"2018-03-28T07:49:18+00:00\",\"dateModified\":\"2018-04-18T08:01:50+00:00\",\"description\":\"Baterijski napajan aparat za TENS stimulaciju. Ugra\u0111ena Li-Ion baterija i punja\u010d u samom aparatu omogu\u0107avaju terapiju i na terenu, nezavisno od infrastrukturnih uslova (mre\u017enog napajanja).\",\"breadcrumb\":{\"@id\":\"https:\/\/proxima-medical.rs\/product\/tens-2p\/#breadcrumb\"},\"inLanguage\":\"en-US\",\"potentialAction\":[{\"@type\":\"ReadAction\",\"target\":[\"https:\/\/proxima-medical.rs\/product\/tens-2p\/\"]}]},{\"@type\":\"ImageObject\",\"inLanguage\":\"en-US\",\"@id\":\"https:\/\/proxima-medical.rs\/product\/tens-2p\/#primaryimage\",\"url\":\"https:\/\/proxima-medical.rs\/wp-content\/uploads\/2018\/03\/TENS-2p-01.jpg\",\"contentUrl\":\"https:\/\/proxima-medical.rs\/wp-content\/uploads\/2018\/03\/TENS-2p-01.jpg\",\"width\":900,\"height\":600,\"caption\":\"TENS 2p 01\"},{\"@type\":\"BreadcrumbList\",\"@id\":\"https:\/\/proxima-medical.rs\/product\/tens-2p\/#breadcrumb\",\"itemListElement\":[{\"@type\":\"ListItem\",\"position\":1,\"name\":\"Home\",\"item\":\"https:\/\/proxima-medical.rs\/\"},{\"@type\":\"ListItem\",\"position\":2,\"name\":\"Proizvodi\",\"item\":\"https:\/\/proxima-medical.rs\/shop\/\"},{\"@type\":\"ListItem\",\"position\":3,\"name\":\"TENS 2P\"}]},{\"@type\":\"WebSite\",\"@id\":\"https:\/\/proxima-medical.rs\/#website\",\"url\":\"https:\/\/proxima-medical.rs\/\",\"name\":\"Proxima\",\"description\":\"Dobrodo\u0161li\",\"publisher\":{\"@id\":\"https:\/\/proxima-medical.rs\/#organization\"},\"potentialAction\":[{\"@type\":\"SearchAction\",\"target\":{\"@type\":\"EntryPoint\",\"urlTemplate\":\"https:\/\/proxima-medical.rs\/?s={search_term_string}\"},\"query-input\":{\"@type\":\"PropertyValueSpecification\",\"valueRequired\":true,\"valueName\":\"search_term_string\"}}],\"inLanguage\":\"en-US\"},{\"@type\":\"Organization\",\"@id\":\"https:\/\/proxima-medical.rs\/#organization\",\"name\":\"Proxima doo\",\"url\":\"https:\/\/proxima-medical.rs\/\",\"logo\":{\"@type\":\"ImageObject\",\"inLanguage\":\"en-US\",\"@id\":\"https:\/\/proxima-medical.rs\/#\/schema\/logo\/image\/\",\"url\":\"https:\/\/proxima-medical.rs\/wp-content\/uploads\/2016\/10\/Proxima-360px.png\",\"contentUrl\":\"https:\/\/proxima-medical.rs\/wp-content\/uploads\/2016\/10\/Proxima-360px.png\",\"width\":360,\"height\":136,\"caption\":\"Proxima doo\"},\"image\":{\"@id\":\"https:\/\/proxima-medical.rs\/#\/schema\/logo\/image\/\"}}]}<\/script>\n<!-- \/ Yoast SEO plugin. -->","yoast_head_json":{"title":"TENS 2P - Proxima","description":"Baterijski napajan aparat za TENS stimulaciju. Ugra\u0111ena Li-Ion baterija i punja\u010d u samom aparatu omogu\u0107avaju terapiju i na terenu, nezavisno od infrastrukturnih uslova (mre\u017enog napajanja).","robots":{"index":"index","follow":"follow","max-snippet":"max-snippet:-1","max-image-preview":"max-image-preview:large","max-video-preview":"max-video-preview:-1"},"canonical":"https:\/\/proxima-medical.rs\/product\/tens-2p\/","og_locale":"en_US","og_type":"article","og_title":"TENS 2P - Proxima","og_description":"Baterijski napajan aparat za TENS stimulaciju. Ugra\u0111ena Li-Ion baterija i punja\u010d u samom aparatu omogu\u0107avaju terapiju i na terenu, nezavisno od infrastrukturnih uslova (mre\u017enog napajanja).","og_url":"https:\/\/proxima-medical.rs\/product\/tens-2p\/","og_site_name":"Proxima","article_modified_time":"2018-04-18T08:01:50+00:00","og_image":[{"width":900,"height":600,"url":"https:\/\/proxima-medical.rs\/wp-content\/uploads\/2018\/03\/TENS-2p-01.jpg","type":"image\/jpeg"}],"twitter_card":"summary_large_image","twitter_misc":{"Est. reading time":"1 minute"},"schema":{"@context":"https:\/\/schema.org","@graph":[{"@type":"WebPage","@id":"https:\/\/proxima-medical.rs\/product\/tens-2p\/","url":"https:\/\/proxima-medical.rs\/product\/tens-2p\/","name":"TENS 2P - Proxima","isPartOf":{"@id":"https:\/\/proxima-medical.rs\/#website"},"primaryImageOfPage":{"@id":"https:\/\/proxima-medical.rs\/product\/tens-2p\/#primaryimage"},"image":{"@id":"https:\/\/proxima-medical.rs\/product\/tens-2p\/#primaryimage"},"thumbnailUrl":"https:\/\/proxima-medical.rs\/wp-content\/uploads\/2018\/03\/TENS-2p-01.jpg","datePublished":"2018-03-28T07:49:18+00:00","dateModified":"2018-04-18T08:01:50+00:00","description":"Baterijski napajan aparat za TENS stimulaciju. Ugra\u0111ena Li-Ion baterija i punja\u010d u samom aparatu omogu\u0107avaju terapiju i na terenu, nezavisno od infrastrukturnih uslova (mre\u017enog napajanja).","breadcrumb":{"@id":"https:\/\/proxima-medical.rs\/product\/tens-2p\/#breadcrumb"},"inLanguage":"en-US","potentialAction":[{"@type":"ReadAction","target":["https:\/\/proxima-medical.rs\/product\/tens-2p\/"]}]},{"@type":"ImageObject","inLanguage":"en-US","@id":"https:\/\/proxima-medical.rs\/product\/tens-2p\/#primaryimage","url":"https:\/\/proxima-medical.rs\/wp-content\/uploads\/2018\/03\/TENS-2p-01.jpg","contentUrl":"https:\/\/proxima-medical.rs\/wp-content\/uploads\/2018\/03\/TENS-2p-01.jpg","width":900,"height":600,"caption":"TENS 2p 01"},{"@type":"BreadcrumbList","@id":"https:\/\/proxima-medical.rs\/product\/tens-2p\/#breadcrumb","itemListElement":[{"@type":"ListItem","position":1,"name":"Home","item":"https:\/\/proxima-medical.rs\/"},{"@type":"ListItem","position":2,"name":"Proizvodi","item":"https:\/\/proxima-medical.rs\/shop\/"},{"@type":"ListItem","position":3,"name":"TENS 2P"}]},{"@type":"WebSite","@id":"https:\/\/proxima-medical.rs\/#website","url":"https:\/\/proxima-medical.rs\/","name":"Proxima","description":"Dobrodo\u0161li","publisher":{"@id":"https:\/\/proxima-medical.rs\/#organization"},"potentialAction":[{"@type":"SearchAction","target":{"@type":"EntryPoint","urlTemplate":"https:\/\/proxima-medical.rs\/?s={search_term_string}"},"query-input":{"@type":"PropertyValueSpecification","valueRequired":true,"valueName":"search_term_string"}}],"inLanguage":"en-US"},{"@type":"Organization","@id":"https:\/\/proxima-medical.rs\/#organization","name":"Proxima doo","url":"https:\/\/proxima-medical.rs\/","logo":{"@type":"ImageObject","inLanguage":"en-US","@id":"https:\/\/proxima-medical.rs\/#\/schema\/logo\/image\/","url":"https:\/\/proxima-medical.rs\/wp-content\/uploads\/2016\/10\/Proxima-360px.png","contentUrl":"https:\/\/proxima-medical.rs\/wp-content\/uploads\/2016\/10\/Proxima-360px.png","width":360,"height":136,"caption":"Proxima doo"},"image":{"@id":"https:\/\/proxima-medical.rs\/#\/schema\/logo\/image\/"}}]}},"_links":{"self":[{"href":"https:\/\/proxima-medical.rs\/en\/wp-json\/wp\/v2\/product\/1078","targetHints":{"allow":["GET"]}}],"collection":[{"href":"https:\/\/proxima-medical.rs\/en\/wp-json\/wp\/v2\/product"}],"about":[{"href":"https:\/\/proxima-medical.rs\/en\/wp-json\/wp\/v2\/types\/product"}],"wp:featuredmedia":[{"embeddable":true,"href":"https:\/\/proxima-medical.rs\/en\/wp-json\/wp\/v2\/media\/1079"}],"wp:attachment":[{"href":"https:\/\/proxima-medical.rs\/en\/wp-json\/wp\/v2\/media?parent=1078"}],"wp:term":[{"taxonomy":"product_brand","embeddable":true,"href":"https:\/\/proxima-medical.rs\/en\/wp-json\/wp\/v2\/product_brand?post=1078"},{"taxonomy":"product_cat","embeddable":true,"href":"https:\/\/proxima-medical.rs\/en\/wp-json\/wp\/v2\/product_cat?post=1078"},{"taxonomy":"product_tag","embeddable":true,"href":"https:\/\/proxima-medical.rs\/en\/wp-json\/wp\/v2\/product_tag?post=1078"}],"curies":[{"name":"wp","href":"https:\/\/api.w.org\/{rel}","templated":true}]}}