{"id":1156,"date":"2018-04-13T06:56:30","date_gmt":"2018-04-13T06:56:30","guid":{"rendered":"http:\/\/proxima-medical.rs\/?post_type=product&#038;p=1156"},"modified":"2023-12-03T09:47:03","modified_gmt":"2023-12-03T08:47:03","slug":"es200rkb","status":"publish","type":"product","link":"https:\/\/proxima-medical.rs\/en\/product\/es200rkb\/","title":{"rendered":"ES200RKB"},"content":{"rendered":"<p><\/p>\n<h3>ES200RKB \u2013 electrosurgical unit<\/h3>\n<p>&nbsp;<\/p>\n<p>Most important characteristics of this units are:<\/p>\n<ul>\n<li>Simple user interface \u2013 precise and easy output power adjustment and operation mode selection monopolar \u2013 bipolar by taster switch on foil keypad<\/li>\n<li>Operation modes: monopolar cutting, monopolar coagulation and bipolar coagulation<\/li>\n<li>Neutral electrode safety circuit with alarm<\/li>\n<li>Hand switch activation (cut and coag buttons on handpiece) and footswitch activation (double or single footswitch command)<\/li>\n<li>Ambulatory and OR application<\/li>\n<li>Wide choice of additional accessoires enables many different applications<\/li>\n<li>Efficient cutting, coagulation and bipolar coagulation in open and endoscopic surgery<\/li>\n<li>Compact design and connection of all accessories simultaneously<\/li>\n<\/ul>\n<p>&nbsp;<\/p>","protected":false},"excerpt":{"rendered":"<p>HF Electrosurgical unit with both, monopolar and bipolar, operation mode, with maximal power of 200W in monopolar and 100W in bipolar mode. Represents great choice for all types of ambulatory interventions as well as OR surgeries of medium and upper medium complexity.<\/p>\n","protected":false},"featured_media":1615,"template":"","meta":{"_acf_changed":false},"product_brand":[],"product_cat":[8,170,12],"product_tag":[88,161,162],"class_list":{"0":"post-1156","1":"product","2":"type-product","3":"status-publish","4":"has-post-thumbnail","6":"product_cat-dermatologija","7":"product_cat-ginekologija","8":"product_cat-vf-elektrohirurgija","9":"product_tag-electrosurgery","10":"product_tag-elektrohirurska-jedinica","11":"product_tag-elektrokauter","13":"first","14":"instock","15":"taxable","16":"shipping-taxable","17":"product-type-simple"},"acf":[],"yoast_head":"<!-- This site is optimized with the Yoast SEO plugin v26.4 - https:\/\/yoast.com\/wordpress\/plugins\/seo\/ -->\n<title>ES200RKB - Proxima<\/title>\n<meta name=\"description\" content=\"(Srpski) Elektrohirur\u0161ka jedinica sa monopolarnim i bipolarnim na\u010dinom rada, maximalne snage 200W u monopolarnom i 100W u bipolarnom re\u017eimu. Odli\u010dan izbor za sve ambulantne intervencije, ali i za OR intervencije srednjeg i srednjeg vi\u0161eg obima.\" \/>\n<meta name=\"robots\" content=\"index, follow, max-snippet:-1, max-image-preview:large, max-video-preview:-1\" \/>\n<link rel=\"canonical\" href=\"https:\/\/proxima-medical.rs\/en\/product\/es200rkb\/\" \/>\n<meta property=\"og:locale\" content=\"en_US\" \/>\n<meta property=\"og:type\" content=\"article\" \/>\n<meta property=\"og:title\" content=\"ES200RKB - Proxima\" \/>\n<meta property=\"og:description\" content=\"(Srpski) Elektrohirur\u0161ka jedinica sa monopolarnim i bipolarnim na\u010dinom rada, maximalne snage 200W u monopolarnom i 100W u bipolarnom re\u017eimu. Odli\u010dan izbor za sve ambulantne intervencije, ali i za OR intervencije srednjeg i srednjeg vi\u0161eg obima.\" \/>\n<meta property=\"og:url\" content=\"https:\/\/proxima-medical.rs\/en\/product\/es200rkb\/\" \/>\n<meta property=\"og:site_name\" content=\"Proxima\" \/>\n<meta property=\"article:modified_time\" content=\"2023-12-03T08:47:03+00:00\" \/>\n<meta property=\"og:image\" content=\"https:\/\/proxima-medical.rs\/wp-content\/uploads\/2023\/11\/es200rkbWebNew.jpg\" \/>\n\t<meta property=\"og:image:width\" content=\"1447\" \/>\n\t<meta property=\"og:image:height\" content=\"621\" \/>\n\t<meta property=\"og:image:type\" content=\"image\/jpeg\" \/>\n<meta name=\"twitter:card\" content=\"summary_large_image\" \/>\n<meta name=\"twitter:label1\" content=\"Est. reading time\" \/>\n\t<meta name=\"twitter:data1\" content=\"1 minute\" \/>\n<script type=\"application\/ld+json\" class=\"yoast-schema-graph\">{\"@context\":\"https:\/\/schema.org\",\"@graph\":[{\"@type\":\"WebPage\",\"@id\":\"https:\/\/proxima-medical.rs\/en\/product\/es200rkb\/\",\"url\":\"https:\/\/proxima-medical.rs\/en\/product\/es200rkb\/\",\"name\":\"ES200RKB - Proxima\",\"isPartOf\":{\"@id\":\"https:\/\/proxima-medical.rs\/#website\"},\"primaryImageOfPage\":{\"@id\":\"https:\/\/proxima-medical.rs\/en\/product\/es200rkb\/#primaryimage\"},\"image\":{\"@id\":\"https:\/\/proxima-medical.rs\/en\/product\/es200rkb\/#primaryimage\"},\"thumbnailUrl\":\"https:\/\/proxima-medical.rs\/wp-content\/uploads\/2023\/11\/es200rkbWebNew.jpg\",\"datePublished\":\"2018-04-13T06:56:30+00:00\",\"dateModified\":\"2023-12-03T08:47:03+00:00\",\"description\":\"(Srpski) Elektrohirur\u0161ka jedinica sa monopolarnim i bipolarnim na\u010dinom rada, maximalne snage 200W u monopolarnom i 100W u bipolarnom re\u017eimu. Odli\u010dan izbor za sve ambulantne intervencije, ali i za OR intervencije srednjeg i srednjeg vi\u0161eg obima.\",\"breadcrumb\":{\"@id\":\"https:\/\/proxima-medical.rs\/en\/product\/es200rkb\/#breadcrumb\"},\"inLanguage\":\"en-US\",\"potentialAction\":[{\"@type\":\"ReadAction\",\"target\":[\"https:\/\/proxima-medical.rs\/en\/product\/es200rkb\/\"]}]},{\"@type\":\"ImageObject\",\"inLanguage\":\"en-US\",\"@id\":\"https:\/\/proxima-medical.rs\/en\/product\/es200rkb\/#primaryimage\",\"url\":\"https:\/\/proxima-medical.rs\/wp-content\/uploads\/2023\/11\/es200rkbWebNew.jpg\",\"contentUrl\":\"https:\/\/proxima-medical.rs\/wp-content\/uploads\/2023\/11\/es200rkbWebNew.jpg\",\"width\":1447,\"height\":621,\"caption\":\"es200rkbWebNew\"},{\"@type\":\"BreadcrumbList\",\"@id\":\"https:\/\/proxima-medical.rs\/en\/product\/es200rkb\/#breadcrumb\",\"itemListElement\":[{\"@type\":\"ListItem\",\"position\":1,\"name\":\"Home\",\"item\":\"https:\/\/proxima-medical.rs\/\"},{\"@type\":\"ListItem\",\"position\":2,\"name\":\"Proizvodi\",\"item\":\"https:\/\/proxima-medical.rs\/shop\/\"},{\"@type\":\"ListItem\",\"position\":3,\"name\":\"ES200RKB\"}]},{\"@type\":\"WebSite\",\"@id\":\"https:\/\/proxima-medical.rs\/#website\",\"url\":\"https:\/\/proxima-medical.rs\/\",\"name\":\"Proxima\",\"description\":\"Dobrodo\u0161li\",\"publisher\":{\"@id\":\"https:\/\/proxima-medical.rs\/#organization\"},\"potentialAction\":[{\"@type\":\"SearchAction\",\"target\":{\"@type\":\"EntryPoint\",\"urlTemplate\":\"https:\/\/proxima-medical.rs\/?s={search_term_string}\"},\"query-input\":{\"@type\":\"PropertyValueSpecification\",\"valueRequired\":true,\"valueName\":\"search_term_string\"}}],\"inLanguage\":\"en-US\"},{\"@type\":\"Organization\",\"@id\":\"https:\/\/proxima-medical.rs\/#organization\",\"name\":\"Proxima doo\",\"url\":\"https:\/\/proxima-medical.rs\/\",\"logo\":{\"@type\":\"ImageObject\",\"inLanguage\":\"en-US\",\"@id\":\"https:\/\/proxima-medical.rs\/#\/schema\/logo\/image\/\",\"url\":\"https:\/\/proxima-medical.rs\/wp-content\/uploads\/2016\/10\/Proxima-360px.png\",\"contentUrl\":\"https:\/\/proxima-medical.rs\/wp-content\/uploads\/2016\/10\/Proxima-360px.png\",\"width\":360,\"height\":136,\"caption\":\"Proxima doo\"},\"image\":{\"@id\":\"https:\/\/proxima-medical.rs\/#\/schema\/logo\/image\/\"}}]}<\/script>\n<!-- \/ Yoast SEO plugin. -->","yoast_head_json":{"title":"ES200RKB - Proxima","description":"(Srpski) Elektrohirur\u0161ka jedinica sa monopolarnim i bipolarnim na\u010dinom rada, maximalne snage 200W u monopolarnom i 100W u bipolarnom re\u017eimu. Odli\u010dan izbor za sve ambulantne intervencije, ali i za OR intervencije srednjeg i srednjeg vi\u0161eg obima.","robots":{"index":"index","follow":"follow","max-snippet":"max-snippet:-1","max-image-preview":"max-image-preview:large","max-video-preview":"max-video-preview:-1"},"canonical":"https:\/\/proxima-medical.rs\/en\/product\/es200rkb\/","og_locale":"en_US","og_type":"article","og_title":"ES200RKB - Proxima","og_description":"(Srpski) Elektrohirur\u0161ka jedinica sa monopolarnim i bipolarnim na\u010dinom rada, maximalne snage 200W u monopolarnom i 100W u bipolarnom re\u017eimu. Odli\u010dan izbor za sve ambulantne intervencije, ali i za OR intervencije srednjeg i srednjeg vi\u0161eg obima.","og_url":"https:\/\/proxima-medical.rs\/en\/product\/es200rkb\/","og_site_name":"Proxima","article_modified_time":"2023-12-03T08:47:03+00:00","og_image":[{"width":1447,"height":621,"url":"https:\/\/proxima-medical.rs\/wp-content\/uploads\/2023\/11\/es200rkbWebNew.jpg","type":"image\/jpeg"}],"twitter_card":"summary_large_image","twitter_misc":{"Est. reading time":"1 minute"},"schema":{"@context":"https:\/\/schema.org","@graph":[{"@type":"WebPage","@id":"https:\/\/proxima-medical.rs\/en\/product\/es200rkb\/","url":"https:\/\/proxima-medical.rs\/en\/product\/es200rkb\/","name":"ES200RKB - Proxima","isPartOf":{"@id":"https:\/\/proxima-medical.rs\/#website"},"primaryImageOfPage":{"@id":"https:\/\/proxima-medical.rs\/en\/product\/es200rkb\/#primaryimage"},"image":{"@id":"https:\/\/proxima-medical.rs\/en\/product\/es200rkb\/#primaryimage"},"thumbnailUrl":"https:\/\/proxima-medical.rs\/wp-content\/uploads\/2023\/11\/es200rkbWebNew.jpg","datePublished":"2018-04-13T06:56:30+00:00","dateModified":"2023-12-03T08:47:03+00:00","description":"(Srpski) Elektrohirur\u0161ka jedinica sa monopolarnim i bipolarnim na\u010dinom rada, maximalne snage 200W u monopolarnom i 100W u bipolarnom re\u017eimu. Odli\u010dan izbor za sve ambulantne intervencije, ali i za OR intervencije srednjeg i srednjeg vi\u0161eg obima.","breadcrumb":{"@id":"https:\/\/proxima-medical.rs\/en\/product\/es200rkb\/#breadcrumb"},"inLanguage":"en-US","potentialAction":[{"@type":"ReadAction","target":["https:\/\/proxima-medical.rs\/en\/product\/es200rkb\/"]}]},{"@type":"ImageObject","inLanguage":"en-US","@id":"https:\/\/proxima-medical.rs\/en\/product\/es200rkb\/#primaryimage","url":"https:\/\/proxima-medical.rs\/wp-content\/uploads\/2023\/11\/es200rkbWebNew.jpg","contentUrl":"https:\/\/proxima-medical.rs\/wp-content\/uploads\/2023\/11\/es200rkbWebNew.jpg","width":1447,"height":621,"caption":"es200rkbWebNew"},{"@type":"BreadcrumbList","@id":"https:\/\/proxima-medical.rs\/en\/product\/es200rkb\/#breadcrumb","itemListElement":[{"@type":"ListItem","position":1,"name":"Home","item":"https:\/\/proxima-medical.rs\/"},{"@type":"ListItem","position":2,"name":"Proizvodi","item":"https:\/\/proxima-medical.rs\/shop\/"},{"@type":"ListItem","position":3,"name":"ES200RKB"}]},{"@type":"WebSite","@id":"https:\/\/proxima-medical.rs\/#website","url":"https:\/\/proxima-medical.rs\/","name":"Proxima","description":"Dobrodo\u0161li","publisher":{"@id":"https:\/\/proxima-medical.rs\/#organization"},"potentialAction":[{"@type":"SearchAction","target":{"@type":"EntryPoint","urlTemplate":"https:\/\/proxima-medical.rs\/?s={search_term_string}"},"query-input":{"@type":"PropertyValueSpecification","valueRequired":true,"valueName":"search_term_string"}}],"inLanguage":"en-US"},{"@type":"Organization","@id":"https:\/\/proxima-medical.rs\/#organization","name":"Proxima doo","url":"https:\/\/proxima-medical.rs\/","logo":{"@type":"ImageObject","inLanguage":"en-US","@id":"https:\/\/proxima-medical.rs\/#\/schema\/logo\/image\/","url":"https:\/\/proxima-medical.rs\/wp-content\/uploads\/2016\/10\/Proxima-360px.png","contentUrl":"https:\/\/proxima-medical.rs\/wp-content\/uploads\/2016\/10\/Proxima-360px.png","width":360,"height":136,"caption":"Proxima doo"},"image":{"@id":"https:\/\/proxima-medical.rs\/#\/schema\/logo\/image\/"}}]}},"_links":{"self":[{"href":"https:\/\/proxima-medical.rs\/en\/wp-json\/wp\/v2\/product\/1156","targetHints":{"allow":["GET"]}}],"collection":[{"href":"https:\/\/proxima-medical.rs\/en\/wp-json\/wp\/v2\/product"}],"about":[{"href":"https:\/\/proxima-medical.rs\/en\/wp-json\/wp\/v2\/types\/product"}],"wp:featuredmedia":[{"embeddable":true,"href":"https:\/\/proxima-medical.rs\/en\/wp-json\/wp\/v2\/media\/1615"}],"wp:attachment":[{"href":"https:\/\/proxima-medical.rs\/en\/wp-json\/wp\/v2\/media?parent=1156"}],"wp:term":[{"taxonomy":"product_brand","embeddable":true,"href":"https:\/\/proxima-medical.rs\/en\/wp-json\/wp\/v2\/product_brand?post=1156"},{"taxonomy":"product_cat","embeddable":true,"href":"https:\/\/proxima-medical.rs\/en\/wp-json\/wp\/v2\/product_cat?post=1156"},{"taxonomy":"product_tag","embeddable":true,"href":"https:\/\/proxima-medical.rs\/en\/wp-json\/wp\/v2\/product_tag?post=1156"}],"curies":[{"name":"wp","href":"https:\/\/api.w.org\/{rel}","templated":true}]}}