{"id":1568,"date":"2023-10-01T09:59:20","date_gmt":"2023-10-01T07:59:20","guid":{"rendered":"https:\/\/proxima-medical.rs\/?post_type=product&#038;p=1568"},"modified":"2026-04-14T14:08:34","modified_gmt":"2026-04-14T12:08:34","slug":"rwsu70","status":"publish","type":"product","link":"https:\/\/proxima-medical.rs\/en\/product\/rwsu70\/","title":{"rendered":"RWSU 70"},"content":{"rendered":"<p><span class=\"product-description\">RWSU 70 &#8211; radio wave surgical unit<\/span><\/p>\n<p>RWSU 70 (Radio Wave Surgical Unit) represents electrosurgical unit with maximal power of 70W and operating frequency of 4MHz. Device enables performing of ambulatory electrosurgical procedures in dermatology, gynecology, etc. Application of radio wave electrosurgery is characterized by minimal lateral tissue damage, white coagulation without tissue carbonization, faster wound healing and minimal scarring, that is virtually no scarring. The procedure itself, thanks to the operating radio frequency, is less painful in comparison to &#8220;classic&#8221; electrosurgical devices.<\/p>\n<p>Device supports commands by single footswitch. There are three operating modes: SOFT CUT &#8211; pure cutting with minimal lateral tissue damage, STRONG CUT &#8211; more powerful cutting with some coagulation effect and SOFT COAG &#8211; soft contact coagulation.<\/p>\n<p>There is wide range of monopolar accessories available, monopolar electrodes and other instruments and cables.<\/p>\n<p>Indication area of RWSU 70:<\/p>\n<ul>\n<li>Dermatology (dermato-surgery)<\/li>\n<li>Gynecology<\/li>\n<li>Plastic surgery<\/li>\n<li>Oral surgery<\/li>\n<li>Maxillofacial surgery<\/li>\n<li>ENT<\/li>\n<\/ul>\n<p><\/p>","protected":false},"excerpt":{"rendered":"<p>RWSU 70 represents state-of-the-art radio wave electrosurgical unit with maximal power of 70W and operating frequency of 4MHz; this is the third generation of radio wave electrosurgical devices by PROXIMA &#8211; medical technology with so far the best tissue effects. Radio waves today represent method of choice for all dermatology, gynecology and other ambulatory surgical procedures.<\/p>\n","protected":false},"featured_media":1570,"template":"","meta":{"_acf_changed":false},"product_brand":[],"product_cat":[7,8,170],"product_tag":[88,87,83,165],"class_list":{"0":"post-1568","1":"product","2":"type-product","3":"status-publish","4":"has-post-thumbnail","6":"product_cat-radiotalasna-elektrohirurgija","7":"product_cat-dermatologija","8":"product_cat-ginekologija","9":"product_tag-electrosurgery","10":"product_tag-radio-talasi","11":"product_tag-radio-talasni-noz","12":"product_tag-rwsu-70","14":"first","15":"instock","16":"taxable","17":"shipping-taxable","18":"product-type-simple"},"acf":[],"yoast_head":"<!-- This site is optimized with the Yoast SEO plugin v26.4 - https:\/\/yoast.com\/wordpress\/plugins\/seo\/ -->\n<title>RWSU 70 - Proxima<\/title>\n<meta name=\"description\" content=\"Radio wave knife; RWSU 70; Radio wave electrosurgical device; Radio wave surgical unit; For dermatology, gynecology...\" \/>\n<meta name=\"robots\" content=\"index, follow, max-snippet:-1, max-image-preview:large, max-video-preview:-1\" \/>\n<link rel=\"canonical\" href=\"https:\/\/proxima-medical.rs\/product\/rwsu70\/\" \/>\n<meta property=\"og:locale\" content=\"en_US\" \/>\n<meta property=\"og:type\" content=\"article\" \/>\n<meta property=\"og:title\" content=\"RWSU 70 - Proxima\" \/>\n<meta property=\"og:description\" content=\"{:sr}Radio talasni no\u017e; RWSU 70; Radio talasna elektro hirur\u0161ka jedinica; Radio talasni elektro hirur\u0161ki ure\u0111aj; Za dermatologiju, ginekologiju...{:en}Radio wave knife; RWSU 70; Radio wave electrosurgical device; Radio wave surgical unit; For dermatology, gynecology...{:}\" \/>\n<meta property=\"og:url\" content=\"https:\/\/proxima-medical.rs\/product\/rwsu70\/\" \/>\n<meta property=\"og:site_name\" content=\"Proxima\" \/>\n<meta property=\"article:modified_time\" content=\"2026-04-14T12:08:34+00:00\" \/>\n<meta property=\"og:image\" content=\"https:\/\/proxima-medical.rs\/wp-content\/uploads\/2023\/10\/rwsu70_1.jpg\" \/>\n\t<meta property=\"og:image:width\" content=\"1200\" \/>\n\t<meta property=\"og:image:height\" content=\"800\" \/>\n\t<meta property=\"og:image:type\" content=\"image\/jpeg\" \/>\n<meta name=\"twitter:card\" content=\"summary_large_image\" \/>\n<meta name=\"twitter:label1\" content=\"Est. reading time\" \/>\n\t<meta name=\"twitter:data1\" content=\"1 minute\" \/>\n<script type=\"application\/ld+json\" class=\"yoast-schema-graph\">{\"@context\":\"https:\/\/schema.org\",\"@graph\":[{\"@type\":\"WebPage\",\"@id\":\"https:\/\/proxima-medical.rs\/product\/rwsu70\/\",\"url\":\"https:\/\/proxima-medical.rs\/product\/rwsu70\/\",\"name\":\"RWSU 70 - Proxima\",\"isPartOf\":{\"@id\":\"https:\/\/proxima-medical.rs\/#website\"},\"primaryImageOfPage\":{\"@id\":\"https:\/\/proxima-medical.rs\/product\/rwsu70\/#primaryimage\"},\"image\":{\"@id\":\"https:\/\/proxima-medical.rs\/product\/rwsu70\/#primaryimage\"},\"thumbnailUrl\":\"https:\/\/proxima-medical.rs\/wp-content\/uploads\/2023\/10\/rwsu70_1.jpg\",\"datePublished\":\"2023-10-01T07:59:20+00:00\",\"dateModified\":\"2026-04-14T12:08:34+00:00\",\"description\":\"{:sr}Radio talasni no\u017e; RWSU 70; Radio talasna elektro hirur\u0161ka jedinica; Radio talasni elektro hirur\u0161ki ure\u0111aj; Za dermatologiju, ginekologiju...{:en}Radio wave knife; RWSU 70; Radio wave electrosurgical device; Radio wave surgical unit; For dermatology, gynecology...{:}\",\"breadcrumb\":{\"@id\":\"https:\/\/proxima-medical.rs\/product\/rwsu70\/#breadcrumb\"},\"inLanguage\":\"en-US\",\"potentialAction\":[{\"@type\":\"ReadAction\",\"target\":[\"https:\/\/proxima-medical.rs\/product\/rwsu70\/\"]}]},{\"@type\":\"ImageObject\",\"inLanguage\":\"en-US\",\"@id\":\"https:\/\/proxima-medical.rs\/product\/rwsu70\/#primaryimage\",\"url\":\"https:\/\/proxima-medical.rs\/wp-content\/uploads\/2023\/10\/rwsu70_1.jpg\",\"contentUrl\":\"https:\/\/proxima-medical.rs\/wp-content\/uploads\/2023\/10\/rwsu70_1.jpg\",\"width\":1200,\"height\":800,\"caption\":\"rwsu70 1\"},{\"@type\":\"BreadcrumbList\",\"@id\":\"https:\/\/proxima-medical.rs\/product\/rwsu70\/#breadcrumb\",\"itemListElement\":[{\"@type\":\"ListItem\",\"position\":1,\"name\":\"Home\",\"item\":\"https:\/\/proxima-medical.rs\/\"},{\"@type\":\"ListItem\",\"position\":2,\"name\":\"Proizvodi\",\"item\":\"https:\/\/proxima-medical.rs\/shop\/\"},{\"@type\":\"ListItem\",\"position\":3,\"name\":\"RWSU 70\"}]},{\"@type\":\"WebSite\",\"@id\":\"https:\/\/proxima-medical.rs\/#website\",\"url\":\"https:\/\/proxima-medical.rs\/\",\"name\":\"Proxima\",\"description\":\"Dobrodo\u0161li\",\"publisher\":{\"@id\":\"https:\/\/proxima-medical.rs\/#organization\"},\"potentialAction\":[{\"@type\":\"SearchAction\",\"target\":{\"@type\":\"EntryPoint\",\"urlTemplate\":\"https:\/\/proxima-medical.rs\/?s={search_term_string}\"},\"query-input\":{\"@type\":\"PropertyValueSpecification\",\"valueRequired\":true,\"valueName\":\"search_term_string\"}}],\"inLanguage\":\"en-US\"},{\"@type\":\"Organization\",\"@id\":\"https:\/\/proxima-medical.rs\/#organization\",\"name\":\"Proxima doo\",\"url\":\"https:\/\/proxima-medical.rs\/\",\"logo\":{\"@type\":\"ImageObject\",\"inLanguage\":\"en-US\",\"@id\":\"https:\/\/proxima-medical.rs\/#\/schema\/logo\/image\/\",\"url\":\"https:\/\/proxima-medical.rs\/wp-content\/uploads\/2016\/10\/Proxima-360px.png\",\"contentUrl\":\"https:\/\/proxima-medical.rs\/wp-content\/uploads\/2016\/10\/Proxima-360px.png\",\"width\":360,\"height\":136,\"caption\":\"Proxima doo\"},\"image\":{\"@id\":\"https:\/\/proxima-medical.rs\/#\/schema\/logo\/image\/\"}}]}<\/script>\n<!-- \/ Yoast SEO plugin. -->","yoast_head_json":{"title":"RWSU 70 - Proxima","description":"Radio wave knife; RWSU 70; Radio wave electrosurgical device; Radio wave surgical unit; For dermatology, gynecology...","robots":{"index":"index","follow":"follow","max-snippet":"max-snippet:-1","max-image-preview":"max-image-preview:large","max-video-preview":"max-video-preview:-1"},"canonical":"https:\/\/proxima-medical.rs\/product\/rwsu70\/","og_locale":"en_US","og_type":"article","og_title":"RWSU 70 - Proxima","og_description":"{:sr}Radio talasni no\u017e; RWSU 70; Radio talasna elektro hirur\u0161ka jedinica; Radio talasni elektro hirur\u0161ki ure\u0111aj; Za dermatologiju, ginekologiju...{:en}Radio wave knife; RWSU 70; Radio wave electrosurgical device; Radio wave surgical unit; For dermatology, gynecology...{:}","og_url":"https:\/\/proxima-medical.rs\/product\/rwsu70\/","og_site_name":"Proxima","article_modified_time":"2026-04-14T12:08:34+00:00","og_image":[{"width":1200,"height":800,"url":"https:\/\/proxima-medical.rs\/wp-content\/uploads\/2023\/10\/rwsu70_1.jpg","type":"image\/jpeg"}],"twitter_card":"summary_large_image","twitter_misc":{"Est. reading time":"1 minute"},"schema":{"@context":"https:\/\/schema.org","@graph":[{"@type":"WebPage","@id":"https:\/\/proxima-medical.rs\/product\/rwsu70\/","url":"https:\/\/proxima-medical.rs\/product\/rwsu70\/","name":"RWSU 70 - Proxima","isPartOf":{"@id":"https:\/\/proxima-medical.rs\/#website"},"primaryImageOfPage":{"@id":"https:\/\/proxima-medical.rs\/product\/rwsu70\/#primaryimage"},"image":{"@id":"https:\/\/proxima-medical.rs\/product\/rwsu70\/#primaryimage"},"thumbnailUrl":"https:\/\/proxima-medical.rs\/wp-content\/uploads\/2023\/10\/rwsu70_1.jpg","datePublished":"2023-10-01T07:59:20+00:00","dateModified":"2026-04-14T12:08:34+00:00","description":"{:sr}Radio talasni no\u017e; RWSU 70; Radio talasna elektro hirur\u0161ka jedinica; Radio talasni elektro hirur\u0161ki ure\u0111aj; Za dermatologiju, ginekologiju...{:en}Radio wave knife; RWSU 70; Radio wave electrosurgical device; Radio wave surgical unit; For dermatology, gynecology...{:}","breadcrumb":{"@id":"https:\/\/proxima-medical.rs\/product\/rwsu70\/#breadcrumb"},"inLanguage":"en-US","potentialAction":[{"@type":"ReadAction","target":["https:\/\/proxima-medical.rs\/product\/rwsu70\/"]}]},{"@type":"ImageObject","inLanguage":"en-US","@id":"https:\/\/proxima-medical.rs\/product\/rwsu70\/#primaryimage","url":"https:\/\/proxima-medical.rs\/wp-content\/uploads\/2023\/10\/rwsu70_1.jpg","contentUrl":"https:\/\/proxima-medical.rs\/wp-content\/uploads\/2023\/10\/rwsu70_1.jpg","width":1200,"height":800,"caption":"rwsu70 1"},{"@type":"BreadcrumbList","@id":"https:\/\/proxima-medical.rs\/product\/rwsu70\/#breadcrumb","itemListElement":[{"@type":"ListItem","position":1,"name":"Home","item":"https:\/\/proxima-medical.rs\/"},{"@type":"ListItem","position":2,"name":"Proizvodi","item":"https:\/\/proxima-medical.rs\/shop\/"},{"@type":"ListItem","position":3,"name":"RWSU 70"}]},{"@type":"WebSite","@id":"https:\/\/proxima-medical.rs\/#website","url":"https:\/\/proxima-medical.rs\/","name":"Proxima","description":"Dobrodo\u0161li","publisher":{"@id":"https:\/\/proxima-medical.rs\/#organization"},"potentialAction":[{"@type":"SearchAction","target":{"@type":"EntryPoint","urlTemplate":"https:\/\/proxima-medical.rs\/?s={search_term_string}"},"query-input":{"@type":"PropertyValueSpecification","valueRequired":true,"valueName":"search_term_string"}}],"inLanguage":"en-US"},{"@type":"Organization","@id":"https:\/\/proxima-medical.rs\/#organization","name":"Proxima doo","url":"https:\/\/proxima-medical.rs\/","logo":{"@type":"ImageObject","inLanguage":"en-US","@id":"https:\/\/proxima-medical.rs\/#\/schema\/logo\/image\/","url":"https:\/\/proxima-medical.rs\/wp-content\/uploads\/2016\/10\/Proxima-360px.png","contentUrl":"https:\/\/proxima-medical.rs\/wp-content\/uploads\/2016\/10\/Proxima-360px.png","width":360,"height":136,"caption":"Proxima doo"},"image":{"@id":"https:\/\/proxima-medical.rs\/#\/schema\/logo\/image\/"}}]}},"_links":{"self":[{"href":"https:\/\/proxima-medical.rs\/en\/wp-json\/wp\/v2\/product\/1568","targetHints":{"allow":["GET"]}}],"collection":[{"href":"https:\/\/proxima-medical.rs\/en\/wp-json\/wp\/v2\/product"}],"about":[{"href":"https:\/\/proxima-medical.rs\/en\/wp-json\/wp\/v2\/types\/product"}],"wp:featuredmedia":[{"embeddable":true,"href":"https:\/\/proxima-medical.rs\/en\/wp-json\/wp\/v2\/media\/1570"}],"wp:attachment":[{"href":"https:\/\/proxima-medical.rs\/en\/wp-json\/wp\/v2\/media?parent=1568"}],"wp:term":[{"taxonomy":"product_brand","embeddable":true,"href":"https:\/\/proxima-medical.rs\/en\/wp-json\/wp\/v2\/product_brand?post=1568"},{"taxonomy":"product_cat","embeddable":true,"href":"https:\/\/proxima-medical.rs\/en\/wp-json\/wp\/v2\/product_cat?post=1568"},{"taxonomy":"product_tag","embeddable":true,"href":"https:\/\/proxima-medical.rs\/en\/wp-json\/wp\/v2\/product_tag?post=1568"}],"curies":[{"name":"wp","href":"https:\/\/api.w.org\/{rel}","templated":true}]}}