{"id":1638,"date":"2023-11-05T10:59:44","date_gmt":"2023-11-05T09:59:44","guid":{"rendered":"https:\/\/proxima-medical.rs\/?post_type=product&#038;p=1638"},"modified":"2023-11-05T12:11:13","modified_gmt":"2023-11-05T11:11:13","slug":"ems-08","status":"publish","type":"product","link":"https:\/\/proxima-medical.rs\/en\/product\/ems-08\/","title":{"rendered":"EMS 08"},"content":{"rendered":"<p class=\"qtranxs-available-languages-message qtranxs-available-languages-message-en\">Sorry, this entry is only available in <a href=\"https:\/\/proxima-medical.rs\/sr\/wp-json\/wp\/v2\/product\/1638\" class=\"qtranxs-available-language-link qtranxs-available-language-link-sr\" title=\"Srpski\">Srpski<\/a>.<\/p>","protected":false},"excerpt":{"rendered":"<p>LIMPHATIC je digitalni petocikli\u010dni aparat za automatsku limfnu drena\u017eu i intermitentnu pneumatsku kompresiju \u2013 IPK. Podr\u017eane su man\u017eetne za ruke, noge i pojas (abdomen).<\/p>\n","protected":false},"featured_media":1641,"template":"","meta":{"_acf_changed":false},"product_brand":[],"product_cat":[177,20],"product_tag":[179,181,176,174,180,178],"class_list":{"0":"post-1638","1":"product","2":"type-product","3":"status-publish","4":"has-post-thumbnail","6":"product_cat-estetska-medicina","7":"product_cat-fizikalna-medicina-i-rehabilitacija","8":"product_tag-anticelulit","9":"product_tag-elektromisicni-stimulator","10":"product_tag-elektrostimulacija","11":"product_tag-fizikalna-terapija","12":"product_tag-osmokanalni","13":"product_tag-pravougaoni-impulsi","15":"first","16":"instock","17":"taxable","18":"shipping-taxable","19":"product-type-simple"},"acf":[],"yoast_head":"<!-- This site is optimized with the Yoast SEO plugin v26.4 - https:\/\/yoast.com\/wordpress\/plugins\/seo\/ -->\n<title>EMS 08 - Proxima<\/title>\n<meta name=\"robots\" content=\"index, follow, max-snippet:-1, max-image-preview:large, max-video-preview:-1\" \/>\n<link rel=\"canonical\" href=\"https:\/\/proxima-medical.rs\/product\/ems-08\/\" \/>\n<meta property=\"og:locale\" content=\"en_US\" \/>\n<meta property=\"og:type\" content=\"article\" \/>\n<meta property=\"og:title\" content=\"EMS 08 - Proxima\" \/>\n<meta property=\"og:description\" content=\"[:sr]EMS 08 predstavlja osmokanalni elektromi\u0161i\u0107ni stimulator - ovaj aparat je odli\u010dan izbor za tretman celog tela, odnosno do osam grupa mi\u0161i\u0107a odjednom. Pored terapeutske funkcije stimulacije zdrave muskulature, aparat predstavlja i odli\u010dan izbor za anticelulit estetske tretmane.[:en]LIMPHATIC je digitalni petocikli\u010dni aparat za automatsku limfnu drena\u017eu i intermitentnu pneumatsku kompresiju \u2013 IPK. Podr\u017eane su man\u017eetne za ruke, noge i pojas (abdomen).[:ru]LIMPHATIC je digitalni petocikli\u010dni aparat za automatsku limfnu drena\u017eu i intermitentnu pneumatsku kompresiju \u2013 IPK. Podr\u017eane su man\u017eetne za ruke, noge i pojas (abdomen).[:]\" \/>\n<meta property=\"og:url\" content=\"https:\/\/proxima-medical.rs\/product\/ems-08\/\" \/>\n<meta property=\"og:site_name\" content=\"Proxima\" \/>\n<meta property=\"article:modified_time\" content=\"2023-11-05T11:11:13+00:00\" \/>\n<meta property=\"og:image\" content=\"https:\/\/proxima-medical.rs\/wp-content\/uploads\/2023\/11\/ems08_1.jpg\" \/>\n\t<meta property=\"og:image:width\" content=\"950\" \/>\n\t<meta property=\"og:image:height\" content=\"634\" \/>\n\t<meta property=\"og:image:type\" content=\"image\/jpeg\" \/>\n<meta name=\"twitter:card\" content=\"summary_large_image\" \/>\n<meta name=\"twitter:label1\" content=\"Est. reading time\" \/>\n\t<meta name=\"twitter:data1\" content=\"1 minute\" \/>\n<script type=\"application\/ld+json\" class=\"yoast-schema-graph\">{\"@context\":\"https:\/\/schema.org\",\"@graph\":[{\"@type\":\"WebPage\",\"@id\":\"https:\/\/proxima-medical.rs\/product\/ems-08\/\",\"url\":\"https:\/\/proxima-medical.rs\/product\/ems-08\/\",\"name\":\"EMS 08 - Proxima\",\"isPartOf\":{\"@id\":\"https:\/\/proxima-medical.rs\/#website\"},\"primaryImageOfPage\":{\"@id\":\"https:\/\/proxima-medical.rs\/product\/ems-08\/#primaryimage\"},\"image\":{\"@id\":\"https:\/\/proxima-medical.rs\/product\/ems-08\/#primaryimage\"},\"thumbnailUrl\":\"https:\/\/proxima-medical.rs\/wp-content\/uploads\/2023\/11\/ems08_1.jpg\",\"datePublished\":\"2023-11-05T09:59:44+00:00\",\"dateModified\":\"2023-11-05T11:11:13+00:00\",\"breadcrumb\":{\"@id\":\"https:\/\/proxima-medical.rs\/product\/ems-08\/#breadcrumb\"},\"inLanguage\":\"en-US\",\"potentialAction\":[{\"@type\":\"ReadAction\",\"target\":[\"https:\/\/proxima-medical.rs\/product\/ems-08\/\"]}]},{\"@type\":\"ImageObject\",\"inLanguage\":\"en-US\",\"@id\":\"https:\/\/proxima-medical.rs\/product\/ems-08\/#primaryimage\",\"url\":\"https:\/\/proxima-medical.rs\/wp-content\/uploads\/2023\/11\/ems08_1.jpg\",\"contentUrl\":\"https:\/\/proxima-medical.rs\/wp-content\/uploads\/2023\/11\/ems08_1.jpg\",\"width\":950,\"height\":634,\"caption\":\"ems08 1\"},{\"@type\":\"BreadcrumbList\",\"@id\":\"https:\/\/proxima-medical.rs\/product\/ems-08\/#breadcrumb\",\"itemListElement\":[{\"@type\":\"ListItem\",\"position\":1,\"name\":\"Home\",\"item\":\"https:\/\/proxima-medical.rs\/\"},{\"@type\":\"ListItem\",\"position\":2,\"name\":\"Proizvodi\",\"item\":\"https:\/\/proxima-medical.rs\/shop\/\"},{\"@type\":\"ListItem\",\"position\":3,\"name\":\"EMS 08\"}]},{\"@type\":\"WebSite\",\"@id\":\"https:\/\/proxima-medical.rs\/#website\",\"url\":\"https:\/\/proxima-medical.rs\/\",\"name\":\"Proxima\",\"description\":\"Dobrodo\u0161li\",\"publisher\":{\"@id\":\"https:\/\/proxima-medical.rs\/#organization\"},\"potentialAction\":[{\"@type\":\"SearchAction\",\"target\":{\"@type\":\"EntryPoint\",\"urlTemplate\":\"https:\/\/proxima-medical.rs\/?s={search_term_string}\"},\"query-input\":{\"@type\":\"PropertyValueSpecification\",\"valueRequired\":true,\"valueName\":\"search_term_string\"}}],\"inLanguage\":\"en-US\"},{\"@type\":\"Organization\",\"@id\":\"https:\/\/proxima-medical.rs\/#organization\",\"name\":\"Proxima doo\",\"url\":\"https:\/\/proxima-medical.rs\/\",\"logo\":{\"@type\":\"ImageObject\",\"inLanguage\":\"en-US\",\"@id\":\"https:\/\/proxima-medical.rs\/#\/schema\/logo\/image\/\",\"url\":\"https:\/\/proxima-medical.rs\/wp-content\/uploads\/2016\/10\/Proxima-360px.png\",\"contentUrl\":\"https:\/\/proxima-medical.rs\/wp-content\/uploads\/2016\/10\/Proxima-360px.png\",\"width\":360,\"height\":136,\"caption\":\"Proxima doo\"},\"image\":{\"@id\":\"https:\/\/proxima-medical.rs\/#\/schema\/logo\/image\/\"}}]}<\/script>\n<!-- \/ Yoast SEO plugin. -->","yoast_head_json":{"title":"EMS 08 - Proxima","robots":{"index":"index","follow":"follow","max-snippet":"max-snippet:-1","max-image-preview":"max-image-preview:large","max-video-preview":"max-video-preview:-1"},"canonical":"https:\/\/proxima-medical.rs\/product\/ems-08\/","og_locale":"en_US","og_type":"article","og_title":"EMS 08 - Proxima","og_description":"[:sr]EMS 08 predstavlja osmokanalni elektromi\u0161i\u0107ni stimulator - ovaj aparat je odli\u010dan izbor za tretman celog tela, odnosno do osam grupa mi\u0161i\u0107a odjednom. Pored terapeutske funkcije stimulacije zdrave muskulature, aparat predstavlja i odli\u010dan izbor za anticelulit estetske tretmane.[:en]LIMPHATIC je digitalni petocikli\u010dni aparat za automatsku limfnu drena\u017eu i intermitentnu pneumatsku kompresiju \u2013 IPK. Podr\u017eane su man\u017eetne za ruke, noge i pojas (abdomen).[:ru]LIMPHATIC je digitalni petocikli\u010dni aparat za automatsku limfnu drena\u017eu i intermitentnu pneumatsku kompresiju \u2013 IPK. Podr\u017eane su man\u017eetne za ruke, noge i pojas (abdomen).[:]","og_url":"https:\/\/proxima-medical.rs\/product\/ems-08\/","og_site_name":"Proxima","article_modified_time":"2023-11-05T11:11:13+00:00","og_image":[{"width":950,"height":634,"url":"https:\/\/proxima-medical.rs\/wp-content\/uploads\/2023\/11\/ems08_1.jpg","type":"image\/jpeg"}],"twitter_card":"summary_large_image","twitter_misc":{"Est. reading time":"1 minute"},"schema":{"@context":"https:\/\/schema.org","@graph":[{"@type":"WebPage","@id":"https:\/\/proxima-medical.rs\/product\/ems-08\/","url":"https:\/\/proxima-medical.rs\/product\/ems-08\/","name":"EMS 08 - Proxima","isPartOf":{"@id":"https:\/\/proxima-medical.rs\/#website"},"primaryImageOfPage":{"@id":"https:\/\/proxima-medical.rs\/product\/ems-08\/#primaryimage"},"image":{"@id":"https:\/\/proxima-medical.rs\/product\/ems-08\/#primaryimage"},"thumbnailUrl":"https:\/\/proxima-medical.rs\/wp-content\/uploads\/2023\/11\/ems08_1.jpg","datePublished":"2023-11-05T09:59:44+00:00","dateModified":"2023-11-05T11:11:13+00:00","breadcrumb":{"@id":"https:\/\/proxima-medical.rs\/product\/ems-08\/#breadcrumb"},"inLanguage":"en-US","potentialAction":[{"@type":"ReadAction","target":["https:\/\/proxima-medical.rs\/product\/ems-08\/"]}]},{"@type":"ImageObject","inLanguage":"en-US","@id":"https:\/\/proxima-medical.rs\/product\/ems-08\/#primaryimage","url":"https:\/\/proxima-medical.rs\/wp-content\/uploads\/2023\/11\/ems08_1.jpg","contentUrl":"https:\/\/proxima-medical.rs\/wp-content\/uploads\/2023\/11\/ems08_1.jpg","width":950,"height":634,"caption":"ems08 1"},{"@type":"BreadcrumbList","@id":"https:\/\/proxima-medical.rs\/product\/ems-08\/#breadcrumb","itemListElement":[{"@type":"ListItem","position":1,"name":"Home","item":"https:\/\/proxima-medical.rs\/"},{"@type":"ListItem","position":2,"name":"Proizvodi","item":"https:\/\/proxima-medical.rs\/shop\/"},{"@type":"ListItem","position":3,"name":"EMS 08"}]},{"@type":"WebSite","@id":"https:\/\/proxima-medical.rs\/#website","url":"https:\/\/proxima-medical.rs\/","name":"Proxima","description":"Dobrodo\u0161li","publisher":{"@id":"https:\/\/proxima-medical.rs\/#organization"},"potentialAction":[{"@type":"SearchAction","target":{"@type":"EntryPoint","urlTemplate":"https:\/\/proxima-medical.rs\/?s={search_term_string}"},"query-input":{"@type":"PropertyValueSpecification","valueRequired":true,"valueName":"search_term_string"}}],"inLanguage":"en-US"},{"@type":"Organization","@id":"https:\/\/proxima-medical.rs\/#organization","name":"Proxima doo","url":"https:\/\/proxima-medical.rs\/","logo":{"@type":"ImageObject","inLanguage":"en-US","@id":"https:\/\/proxima-medical.rs\/#\/schema\/logo\/image\/","url":"https:\/\/proxima-medical.rs\/wp-content\/uploads\/2016\/10\/Proxima-360px.png","contentUrl":"https:\/\/proxima-medical.rs\/wp-content\/uploads\/2016\/10\/Proxima-360px.png","width":360,"height":136,"caption":"Proxima doo"},"image":{"@id":"https:\/\/proxima-medical.rs\/#\/schema\/logo\/image\/"}}]}},"_links":{"self":[{"href":"https:\/\/proxima-medical.rs\/en\/wp-json\/wp\/v2\/product\/1638","targetHints":{"allow":["GET"]}}],"collection":[{"href":"https:\/\/proxima-medical.rs\/en\/wp-json\/wp\/v2\/product"}],"about":[{"href":"https:\/\/proxima-medical.rs\/en\/wp-json\/wp\/v2\/types\/product"}],"wp:featuredmedia":[{"embeddable":true,"href":"https:\/\/proxima-medical.rs\/en\/wp-json\/wp\/v2\/media\/1641"}],"wp:attachment":[{"href":"https:\/\/proxima-medical.rs\/en\/wp-json\/wp\/v2\/media?parent=1638"}],"wp:term":[{"taxonomy":"product_brand","embeddable":true,"href":"https:\/\/proxima-medical.rs\/en\/wp-json\/wp\/v2\/product_brand?post=1638"},{"taxonomy":"product_cat","embeddable":true,"href":"https:\/\/proxima-medical.rs\/en\/wp-json\/wp\/v2\/product_cat?post=1638"},{"taxonomy":"product_tag","embeddable":true,"href":"https:\/\/proxima-medical.rs\/en\/wp-json\/wp\/v2\/product_tag?post=1638"}],"curies":[{"name":"wp","href":"https:\/\/api.w.org\/{rel}","templated":true}]}}