{"id":1648,"date":"2023-11-05T20:53:28","date_gmt":"2023-11-05T19:53:28","guid":{"rendered":"https:\/\/proxima-medical.rs\/?post_type=product&#038;p=1648"},"modified":"2023-11-05T21:35:45","modified_gmt":"2023-11-05T20:35:45","slug":"prolaser_expert","status":"publish","type":"product","link":"https:\/\/proxima-medical.rs\/en\/product\/prolaser_expert\/","title":{"rendered":"ProLASER Expert"},"content":{"rendered":"<p>ProLASER \u2013 aparat za lasersku terapiju<\/p>\n<p>ProLASER je digitalni ure\u0111aj koji omogu\u0107ava jednostavno i efikasno izvo\u0111enje laserske terapije. Ure\u0111aj omogu\u0107ava kontinuiranu i impulsnu terapiju. Podr\u017eane su razli\u010dite laserske sonde 660nm 50mW, 785nm 100mW i 808nm 200mW, koje ure\u0111aj automatski prepoznaje prilikom konektovanja.<\/p>\n<p>Zadavanje parametara je jednostavno, a ure\u0111aj sam prora\u010dunava potrebno vreme terapije za odgovaraju\u0107u zadatu energiju. U impulsnom modu mogu\u0107e je izabrati frekvenciju u opsegu od 1 do 10000Hz.<\/p>\n<p>Pored ovoga ure\u0111aj je opremljen traga\u010dem akupunkturnih ta\u010daka i prikazuje blizinu akupunkturne ta\u010dke u procentima. Tra\u017eenje akupunkturnih ta\u010daka izvodi se putem odgovaraju\u0107e sonde koja se standardno ispru\u010duje uz ure\u0111aj.<\/p>","protected":false},"excerpt":{"rendered":"<p>ProLASER je digitalni aparat za lasersku terapiju. Podr\u017eava razli\u010dite laserske sonde. Zadavanje parametara je jednostavno, a mod rada mo\u017ee biti kontinuirani i impulsni.<\/p>\n","protected":false},"featured_media":1645,"template":"","meta":{"_acf_changed":false},"product_brand":[],"product_cat":[177,20],"product_tag":[183,67,66,182],"class_list":{"0":"post-1648","1":"product","2":"type-product","3":"status-publish","4":"has-post-thumbnail","6":"product_cat-estetska-medicina","7":"product_cat-fizikalna-medicina-i-rehabilitacija","8":"product_tag-klaster-laser","9":"product_tag-laser","10":"product_tag-laserska-terapija","11":"product_tag-tus-laser","13":"first","14":"instock","15":"taxable","16":"shipping-taxable","17":"product-type-simple"},"acf":[],"yoast_head":"<!-- This site is optimized with the Yoast SEO plugin v26.4 - https:\/\/yoast.com\/wordpress\/plugins\/seo\/ -->\n<title>ProLASER Expert - Proxima<\/title>\n<meta name=\"robots\" content=\"index, follow, max-snippet:-1, max-image-preview:large, max-video-preview:-1\" \/>\n<link rel=\"canonical\" href=\"https:\/\/proxima-medical.rs\/product\/prolaser_expert\/\" \/>\n<meta property=\"og:locale\" content=\"en_US\" \/>\n<meta property=\"og:type\" content=\"article\" \/>\n<meta property=\"og:title\" content=\"ProLASER Expert - Proxima\" \/>\n<meta property=\"og:description\" content=\"[:sr]ProLASER Expert je digitalni aparat za lasersku klaster (tu\u0161) terapiju. Aparat omogu\u0107ava jednostavnu i efikasnu lasersku terapiju putem skeniraju\u0107e (tu\u0161) sonde laserske sonde. Podr\u017eane su laserske sonde u infracrvenom spektru 808nm i crvenom (vidljivom) talasnom spektru 660nm.[:en]ProLASER je digitalni aparat za lasersku terapiju. Podr\u017eava razli\u010dite laserske sonde. Zadavanje parametara je jednostavno, a mod rada mo\u017ee biti kontinuirani i impulsni.[:ru]ProLASER je digitalni aparat za lasersku terapiju. Podr\u017eava razli\u010dite laserske sonde. Zadavanje parametara je jednostavno, a mod rada mo\u017ee biti kontinuirani i impulsni.[:]\" \/>\n<meta property=\"og:url\" content=\"https:\/\/proxima-medical.rs\/product\/prolaser_expert\/\" \/>\n<meta property=\"og:site_name\" content=\"Proxima\" \/>\n<meta property=\"article:modified_time\" content=\"2023-11-05T20:35:45+00:00\" \/>\n<meta property=\"og:image\" content=\"https:\/\/proxima-medical.rs\/wp-content\/uploads\/2023\/11\/proLaserExpert.jpg\" \/>\n\t<meta property=\"og:image:width\" content=\"950\" \/>\n\t<meta property=\"og:image:height\" content=\"624\" \/>\n\t<meta property=\"og:image:type\" content=\"image\/jpeg\" \/>\n<meta name=\"twitter:card\" content=\"summary_large_image\" \/>\n<meta name=\"twitter:label1\" content=\"Est. reading time\" \/>\n\t<meta name=\"twitter:data1\" content=\"2 minutes\" \/>\n<script type=\"application\/ld+json\" class=\"yoast-schema-graph\">{\"@context\":\"https:\/\/schema.org\",\"@graph\":[{\"@type\":\"WebPage\",\"@id\":\"https:\/\/proxima-medical.rs\/product\/prolaser_expert\/\",\"url\":\"https:\/\/proxima-medical.rs\/product\/prolaser_expert\/\",\"name\":\"ProLASER Expert - Proxima\",\"isPartOf\":{\"@id\":\"https:\/\/proxima-medical.rs\/#website\"},\"primaryImageOfPage\":{\"@id\":\"https:\/\/proxima-medical.rs\/product\/prolaser_expert\/#primaryimage\"},\"image\":{\"@id\":\"https:\/\/proxima-medical.rs\/product\/prolaser_expert\/#primaryimage\"},\"thumbnailUrl\":\"https:\/\/proxima-medical.rs\/wp-content\/uploads\/2023\/11\/proLaserExpert.jpg\",\"datePublished\":\"2023-11-05T19:53:28+00:00\",\"dateModified\":\"2023-11-05T20:35:45+00:00\",\"breadcrumb\":{\"@id\":\"https:\/\/proxima-medical.rs\/product\/prolaser_expert\/#breadcrumb\"},\"inLanguage\":\"en-US\",\"potentialAction\":[{\"@type\":\"ReadAction\",\"target\":[\"https:\/\/proxima-medical.rs\/product\/prolaser_expert\/\"]}]},{\"@type\":\"ImageObject\",\"inLanguage\":\"en-US\",\"@id\":\"https:\/\/proxima-medical.rs\/product\/prolaser_expert\/#primaryimage\",\"url\":\"https:\/\/proxima-medical.rs\/wp-content\/uploads\/2023\/11\/proLaserExpert.jpg\",\"contentUrl\":\"https:\/\/proxima-medical.rs\/wp-content\/uploads\/2023\/11\/proLaserExpert.jpg\",\"width\":950,\"height\":624,\"caption\":\"proLaserExpert\"},{\"@type\":\"BreadcrumbList\",\"@id\":\"https:\/\/proxima-medical.rs\/product\/prolaser_expert\/#breadcrumb\",\"itemListElement\":[{\"@type\":\"ListItem\",\"position\":1,\"name\":\"Home\",\"item\":\"https:\/\/proxima-medical.rs\/\"},{\"@type\":\"ListItem\",\"position\":2,\"name\":\"Proizvodi\",\"item\":\"https:\/\/proxima-medical.rs\/shop\/\"},{\"@type\":\"ListItem\",\"position\":3,\"name\":\"ProLASER Expert\"}]},{\"@type\":\"WebSite\",\"@id\":\"https:\/\/proxima-medical.rs\/#website\",\"url\":\"https:\/\/proxima-medical.rs\/\",\"name\":\"Proxima\",\"description\":\"Dobrodo\u0161li\",\"publisher\":{\"@id\":\"https:\/\/proxima-medical.rs\/#organization\"},\"potentialAction\":[{\"@type\":\"SearchAction\",\"target\":{\"@type\":\"EntryPoint\",\"urlTemplate\":\"https:\/\/proxima-medical.rs\/?s={search_term_string}\"},\"query-input\":{\"@type\":\"PropertyValueSpecification\",\"valueRequired\":true,\"valueName\":\"search_term_string\"}}],\"inLanguage\":\"en-US\"},{\"@type\":\"Organization\",\"@id\":\"https:\/\/proxima-medical.rs\/#organization\",\"name\":\"Proxima doo\",\"url\":\"https:\/\/proxima-medical.rs\/\",\"logo\":{\"@type\":\"ImageObject\",\"inLanguage\":\"en-US\",\"@id\":\"https:\/\/proxima-medical.rs\/#\/schema\/logo\/image\/\",\"url\":\"https:\/\/proxima-medical.rs\/wp-content\/uploads\/2016\/10\/Proxima-360px.png\",\"contentUrl\":\"https:\/\/proxima-medical.rs\/wp-content\/uploads\/2016\/10\/Proxima-360px.png\",\"width\":360,\"height\":136,\"caption\":\"Proxima doo\"},\"image\":{\"@id\":\"https:\/\/proxima-medical.rs\/#\/schema\/logo\/image\/\"}}]}<\/script>\n<!-- \/ Yoast SEO plugin. -->","yoast_head_json":{"title":"ProLASER Expert - Proxima","robots":{"index":"index","follow":"follow","max-snippet":"max-snippet:-1","max-image-preview":"max-image-preview:large","max-video-preview":"max-video-preview:-1"},"canonical":"https:\/\/proxima-medical.rs\/product\/prolaser_expert\/","og_locale":"en_US","og_type":"article","og_title":"ProLASER Expert - Proxima","og_description":"[:sr]ProLASER Expert je digitalni aparat za lasersku klaster (tu\u0161) terapiju. Aparat omogu\u0107ava jednostavnu i efikasnu lasersku terapiju putem skeniraju\u0107e (tu\u0161) sonde laserske sonde. Podr\u017eane su laserske sonde u infracrvenom spektru 808nm i crvenom (vidljivom) talasnom spektru 660nm.[:en]ProLASER je digitalni aparat za lasersku terapiju. Podr\u017eava razli\u010dite laserske sonde. Zadavanje parametara je jednostavno, a mod rada mo\u017ee biti kontinuirani i impulsni.[:ru]ProLASER je digitalni aparat za lasersku terapiju. Podr\u017eava razli\u010dite laserske sonde. Zadavanje parametara je jednostavno, a mod rada mo\u017ee biti kontinuirani i impulsni.[:]","og_url":"https:\/\/proxima-medical.rs\/product\/prolaser_expert\/","og_site_name":"Proxima","article_modified_time":"2023-11-05T20:35:45+00:00","og_image":[{"width":950,"height":624,"url":"https:\/\/proxima-medical.rs\/wp-content\/uploads\/2023\/11\/proLaserExpert.jpg","type":"image\/jpeg"}],"twitter_card":"summary_large_image","twitter_misc":{"Est. reading time":"2 minutes"},"schema":{"@context":"https:\/\/schema.org","@graph":[{"@type":"WebPage","@id":"https:\/\/proxima-medical.rs\/product\/prolaser_expert\/","url":"https:\/\/proxima-medical.rs\/product\/prolaser_expert\/","name":"ProLASER Expert - Proxima","isPartOf":{"@id":"https:\/\/proxima-medical.rs\/#website"},"primaryImageOfPage":{"@id":"https:\/\/proxima-medical.rs\/product\/prolaser_expert\/#primaryimage"},"image":{"@id":"https:\/\/proxima-medical.rs\/product\/prolaser_expert\/#primaryimage"},"thumbnailUrl":"https:\/\/proxima-medical.rs\/wp-content\/uploads\/2023\/11\/proLaserExpert.jpg","datePublished":"2023-11-05T19:53:28+00:00","dateModified":"2023-11-05T20:35:45+00:00","breadcrumb":{"@id":"https:\/\/proxima-medical.rs\/product\/prolaser_expert\/#breadcrumb"},"inLanguage":"en-US","potentialAction":[{"@type":"ReadAction","target":["https:\/\/proxima-medical.rs\/product\/prolaser_expert\/"]}]},{"@type":"ImageObject","inLanguage":"en-US","@id":"https:\/\/proxima-medical.rs\/product\/prolaser_expert\/#primaryimage","url":"https:\/\/proxima-medical.rs\/wp-content\/uploads\/2023\/11\/proLaserExpert.jpg","contentUrl":"https:\/\/proxima-medical.rs\/wp-content\/uploads\/2023\/11\/proLaserExpert.jpg","width":950,"height":624,"caption":"proLaserExpert"},{"@type":"BreadcrumbList","@id":"https:\/\/proxima-medical.rs\/product\/prolaser_expert\/#breadcrumb","itemListElement":[{"@type":"ListItem","position":1,"name":"Home","item":"https:\/\/proxima-medical.rs\/"},{"@type":"ListItem","position":2,"name":"Proizvodi","item":"https:\/\/proxima-medical.rs\/shop\/"},{"@type":"ListItem","position":3,"name":"ProLASER Expert"}]},{"@type":"WebSite","@id":"https:\/\/proxima-medical.rs\/#website","url":"https:\/\/proxima-medical.rs\/","name":"Proxima","description":"Dobrodo\u0161li","publisher":{"@id":"https:\/\/proxima-medical.rs\/#organization"},"potentialAction":[{"@type":"SearchAction","target":{"@type":"EntryPoint","urlTemplate":"https:\/\/proxima-medical.rs\/?s={search_term_string}"},"query-input":{"@type":"PropertyValueSpecification","valueRequired":true,"valueName":"search_term_string"}}],"inLanguage":"en-US"},{"@type":"Organization","@id":"https:\/\/proxima-medical.rs\/#organization","name":"Proxima doo","url":"https:\/\/proxima-medical.rs\/","logo":{"@type":"ImageObject","inLanguage":"en-US","@id":"https:\/\/proxima-medical.rs\/#\/schema\/logo\/image\/","url":"https:\/\/proxima-medical.rs\/wp-content\/uploads\/2016\/10\/Proxima-360px.png","contentUrl":"https:\/\/proxima-medical.rs\/wp-content\/uploads\/2016\/10\/Proxima-360px.png","width":360,"height":136,"caption":"Proxima doo"},"image":{"@id":"https:\/\/proxima-medical.rs\/#\/schema\/logo\/image\/"}}]}},"_links":{"self":[{"href":"https:\/\/proxima-medical.rs\/en\/wp-json\/wp\/v2\/product\/1648","targetHints":{"allow":["GET"]}}],"collection":[{"href":"https:\/\/proxima-medical.rs\/en\/wp-json\/wp\/v2\/product"}],"about":[{"href":"https:\/\/proxima-medical.rs\/en\/wp-json\/wp\/v2\/types\/product"}],"wp:featuredmedia":[{"embeddable":true,"href":"https:\/\/proxima-medical.rs\/en\/wp-json\/wp\/v2\/media\/1645"}],"wp:attachment":[{"href":"https:\/\/proxima-medical.rs\/en\/wp-json\/wp\/v2\/media?parent=1648"}],"wp:term":[{"taxonomy":"product_brand","embeddable":true,"href":"https:\/\/proxima-medical.rs\/en\/wp-json\/wp\/v2\/product_brand?post=1648"},{"taxonomy":"product_cat","embeddable":true,"href":"https:\/\/proxima-medical.rs\/en\/wp-json\/wp\/v2\/product_cat?post=1648"},{"taxonomy":"product_tag","embeddable":true,"href":"https:\/\/proxima-medical.rs\/en\/wp-json\/wp\/v2\/product_tag?post=1648"}],"curies":[{"name":"wp","href":"https:\/\/api.w.org\/{rel}","templated":true}]}}