{"id":1758,"date":"2023-12-11T13:00:33","date_gmt":"2023-12-11T12:00:33","guid":{"rendered":"https:\/\/proxima-medical.rs\/?post_type=product&#038;p=1758"},"modified":"2023-12-11T13:02:08","modified_gmt":"2023-12-11T12:02:08","slug":"monopolarna-elektroda-px-hf9858-40","status":"publish","type":"product","link":"https:\/\/proxima-medical.rs\/en\/product\/monopolarna-elektroda-px-hf9858-40\/","title":{"rendered":"Monopolar electrode PX-HF9858-40"},"content":{"rendered":"<p class=\"qtranxs-available-languages-message qtranxs-available-languages-message-en\">Sorry, this entry is only available in <a href=\"https:\/\/proxima-medical.rs\/sr\/wp-json\/wp\/v2\/product\/1758\" class=\"qtranxs-available-language-link qtranxs-available-language-link-sr\" title=\"Srpski\">Srpski<\/a>.<\/p>","protected":false},"excerpt":{"rendered":"<p class=\"qtranxs-available-languages-message qtranxs-available-languages-message-en\">Sorry, this entry is only available in <a href=\"https:\/\/proxima-medical.rs\/sr\/wp-json\/wp\/v2\/product\/1758\" class=\"qtranxs-available-language-link qtranxs-available-language-link-sr\" title=\"Srpski\">Srpski<\/a>.<\/p>\n","protected":false},"featured_media":1753,"template":"","meta":{"_acf_changed":false},"product_brand":[],"product_cat":[12],"product_tag":[206,184],"class_list":{"0":"post-1758","1":"product","2":"type-product","3":"status-publish","4":"has-post-thumbnail","6":"product_cat-vf-elektrohirurgija","7":"product_tag-kuglica","8":"product_tag-monopolarna-elektroda","10":"first","11":"instock","12":"taxable","13":"shipping-taxable","14":"product-type-simple"},"acf":[],"yoast_head":"<!-- This site is optimized with the Yoast SEO plugin v26.4 - https:\/\/yoast.com\/wordpress\/plugins\/seo\/ -->\n<title>Monopolar electrode PX-HF9858-40 - Proxima<\/title>\n<meta name=\"robots\" content=\"index, follow, max-snippet:-1, max-image-preview:large, max-video-preview:-1\" \/>\n<link rel=\"canonical\" href=\"https:\/\/proxima-medical.rs\/product\/monopolarna-elektroda-px-hf9858-40\/\" \/>\n<meta property=\"og:locale\" content=\"en_US\" \/>\n<meta property=\"og:type\" content=\"article\" \/>\n<meta property=\"og:title\" content=\"Monopolar electrode PX-HF9858-40 - Proxima\" \/>\n<meta property=\"og:description\" content=\"[:sr]Monopolarna elektroda, kuglica fi 2mm, standardna, kratka; za primenu u elektrohirur\u0161kim procedurama u otvorenoj hirurgiji. Za vi\u0161ekratnu upotrebu i sterilizaciju u autoklavu.[:ru]Ru\u010dni operacioni dr\u017ea\u010d sa tasterima, za nastavke promera 2.4mm. Za vi\u0161ekratnu upotrebu i minimalno 100 ciklusa sterilizacije u autoklavu.[:]\" \/>\n<meta property=\"og:url\" content=\"https:\/\/proxima-medical.rs\/product\/monopolarna-elektroda-px-hf9858-40\/\" \/>\n<meta property=\"og:site_name\" content=\"Proxima\" \/>\n<meta property=\"article:modified_time\" content=\"2023-12-11T12:02:08+00:00\" \/>\n<meta property=\"og:image\" content=\"https:\/\/proxima-medical.rs\/wp-content\/uploads\/2023\/12\/9858-40.jpg\" \/>\n\t<meta property=\"og:image:width\" content=\"1000\" \/>\n\t<meta property=\"og:image:height\" content=\"103\" \/>\n\t<meta property=\"og:image:type\" content=\"image\/jpeg\" \/>\n<meta name=\"twitter:card\" content=\"summary_large_image\" \/>\n<meta name=\"twitter:label1\" content=\"Est. reading time\" \/>\n\t<meta name=\"twitter:data1\" content=\"1 minute\" \/>\n<script type=\"application\/ld+json\" class=\"yoast-schema-graph\">{\"@context\":\"https:\/\/schema.org\",\"@graph\":[{\"@type\":\"WebPage\",\"@id\":\"https:\/\/proxima-medical.rs\/product\/monopolarna-elektroda-px-hf9858-40\/\",\"url\":\"https:\/\/proxima-medical.rs\/product\/monopolarna-elektroda-px-hf9858-40\/\",\"name\":\"Monopolar electrode PX-HF9858-40 - Proxima\",\"isPartOf\":{\"@id\":\"https:\/\/proxima-medical.rs\/#website\"},\"primaryImageOfPage\":{\"@id\":\"https:\/\/proxima-medical.rs\/product\/monopolarna-elektroda-px-hf9858-40\/#primaryimage\"},\"image\":{\"@id\":\"https:\/\/proxima-medical.rs\/product\/monopolarna-elektroda-px-hf9858-40\/#primaryimage\"},\"thumbnailUrl\":\"https:\/\/proxima-medical.rs\/wp-content\/uploads\/2023\/12\/9858-40.jpg\",\"datePublished\":\"2023-12-11T12:00:33+00:00\",\"dateModified\":\"2023-12-11T12:02:08+00:00\",\"breadcrumb\":{\"@id\":\"https:\/\/proxima-medical.rs\/product\/monopolarna-elektroda-px-hf9858-40\/#breadcrumb\"},\"inLanguage\":\"en-US\",\"potentialAction\":[{\"@type\":\"ReadAction\",\"target\":[\"https:\/\/proxima-medical.rs\/product\/monopolarna-elektroda-px-hf9858-40\/\"]}]},{\"@type\":\"ImageObject\",\"inLanguage\":\"en-US\",\"@id\":\"https:\/\/proxima-medical.rs\/product\/monopolarna-elektroda-px-hf9858-40\/#primaryimage\",\"url\":\"https:\/\/proxima-medical.rs\/wp-content\/uploads\/2023\/12\/9858-40.jpg\",\"contentUrl\":\"https:\/\/proxima-medical.rs\/wp-content\/uploads\/2023\/12\/9858-40.jpg\",\"width\":1000,\"height\":103,\"caption\":\"9858 40\"},{\"@type\":\"BreadcrumbList\",\"@id\":\"https:\/\/proxima-medical.rs\/product\/monopolarna-elektroda-px-hf9858-40\/#breadcrumb\",\"itemListElement\":[{\"@type\":\"ListItem\",\"position\":1,\"name\":\"Home\",\"item\":\"https:\/\/proxima-medical.rs\/\"},{\"@type\":\"ListItem\",\"position\":2,\"name\":\"Proizvodi\",\"item\":\"https:\/\/proxima-medical.rs\/shop\/\"},{\"@type\":\"ListItem\",\"position\":3,\"name\":\"Monopolarna elektroda PX-HF9858-40\"}]},{\"@type\":\"WebSite\",\"@id\":\"https:\/\/proxima-medical.rs\/#website\",\"url\":\"https:\/\/proxima-medical.rs\/\",\"name\":\"Proxima\",\"description\":\"Dobrodo\u0161li\",\"publisher\":{\"@id\":\"https:\/\/proxima-medical.rs\/#organization\"},\"potentialAction\":[{\"@type\":\"SearchAction\",\"target\":{\"@type\":\"EntryPoint\",\"urlTemplate\":\"https:\/\/proxima-medical.rs\/?s={search_term_string}\"},\"query-input\":{\"@type\":\"PropertyValueSpecification\",\"valueRequired\":true,\"valueName\":\"search_term_string\"}}],\"inLanguage\":\"en-US\"},{\"@type\":\"Organization\",\"@id\":\"https:\/\/proxima-medical.rs\/#organization\",\"name\":\"Proxima doo\",\"url\":\"https:\/\/proxima-medical.rs\/\",\"logo\":{\"@type\":\"ImageObject\",\"inLanguage\":\"en-US\",\"@id\":\"https:\/\/proxima-medical.rs\/#\/schema\/logo\/image\/\",\"url\":\"https:\/\/proxima-medical.rs\/wp-content\/uploads\/2016\/10\/Proxima-360px.png\",\"contentUrl\":\"https:\/\/proxima-medical.rs\/wp-content\/uploads\/2016\/10\/Proxima-360px.png\",\"width\":360,\"height\":136,\"caption\":\"Proxima doo\"},\"image\":{\"@id\":\"https:\/\/proxima-medical.rs\/#\/schema\/logo\/image\/\"}}]}<\/script>\n<!-- \/ Yoast SEO plugin. -->","yoast_head_json":{"title":"Monopolar electrode PX-HF9858-40 - Proxima","robots":{"index":"index","follow":"follow","max-snippet":"max-snippet:-1","max-image-preview":"max-image-preview:large","max-video-preview":"max-video-preview:-1"},"canonical":"https:\/\/proxima-medical.rs\/product\/monopolarna-elektroda-px-hf9858-40\/","og_locale":"en_US","og_type":"article","og_title":"Monopolar electrode PX-HF9858-40 - Proxima","og_description":"[:sr]Monopolarna elektroda, kuglica fi 2mm, standardna, kratka; za primenu u elektrohirur\u0161kim procedurama u otvorenoj hirurgiji. Za vi\u0161ekratnu upotrebu i sterilizaciju u autoklavu.[:ru]Ru\u010dni operacioni dr\u017ea\u010d sa tasterima, za nastavke promera 2.4mm. Za vi\u0161ekratnu upotrebu i minimalno 100 ciklusa sterilizacije u autoklavu.[:]","og_url":"https:\/\/proxima-medical.rs\/product\/monopolarna-elektroda-px-hf9858-40\/","og_site_name":"Proxima","article_modified_time":"2023-12-11T12:02:08+00:00","og_image":[{"width":1000,"height":103,"url":"https:\/\/proxima-medical.rs\/wp-content\/uploads\/2023\/12\/9858-40.jpg","type":"image\/jpeg"}],"twitter_card":"summary_large_image","twitter_misc":{"Est. reading time":"1 minute"},"schema":{"@context":"https:\/\/schema.org","@graph":[{"@type":"WebPage","@id":"https:\/\/proxima-medical.rs\/product\/monopolarna-elektroda-px-hf9858-40\/","url":"https:\/\/proxima-medical.rs\/product\/monopolarna-elektroda-px-hf9858-40\/","name":"Monopolar electrode PX-HF9858-40 - Proxima","isPartOf":{"@id":"https:\/\/proxima-medical.rs\/#website"},"primaryImageOfPage":{"@id":"https:\/\/proxima-medical.rs\/product\/monopolarna-elektroda-px-hf9858-40\/#primaryimage"},"image":{"@id":"https:\/\/proxima-medical.rs\/product\/monopolarna-elektroda-px-hf9858-40\/#primaryimage"},"thumbnailUrl":"https:\/\/proxima-medical.rs\/wp-content\/uploads\/2023\/12\/9858-40.jpg","datePublished":"2023-12-11T12:00:33+00:00","dateModified":"2023-12-11T12:02:08+00:00","breadcrumb":{"@id":"https:\/\/proxima-medical.rs\/product\/monopolarna-elektroda-px-hf9858-40\/#breadcrumb"},"inLanguage":"en-US","potentialAction":[{"@type":"ReadAction","target":["https:\/\/proxima-medical.rs\/product\/monopolarna-elektroda-px-hf9858-40\/"]}]},{"@type":"ImageObject","inLanguage":"en-US","@id":"https:\/\/proxima-medical.rs\/product\/monopolarna-elektroda-px-hf9858-40\/#primaryimage","url":"https:\/\/proxima-medical.rs\/wp-content\/uploads\/2023\/12\/9858-40.jpg","contentUrl":"https:\/\/proxima-medical.rs\/wp-content\/uploads\/2023\/12\/9858-40.jpg","width":1000,"height":103,"caption":"9858 40"},{"@type":"BreadcrumbList","@id":"https:\/\/proxima-medical.rs\/product\/monopolarna-elektroda-px-hf9858-40\/#breadcrumb","itemListElement":[{"@type":"ListItem","position":1,"name":"Home","item":"https:\/\/proxima-medical.rs\/"},{"@type":"ListItem","position":2,"name":"Proizvodi","item":"https:\/\/proxima-medical.rs\/shop\/"},{"@type":"ListItem","position":3,"name":"Monopolarna elektroda PX-HF9858-40"}]},{"@type":"WebSite","@id":"https:\/\/proxima-medical.rs\/#website","url":"https:\/\/proxima-medical.rs\/","name":"Proxima","description":"Dobrodo\u0161li","publisher":{"@id":"https:\/\/proxima-medical.rs\/#organization"},"potentialAction":[{"@type":"SearchAction","target":{"@type":"EntryPoint","urlTemplate":"https:\/\/proxima-medical.rs\/?s={search_term_string}"},"query-input":{"@type":"PropertyValueSpecification","valueRequired":true,"valueName":"search_term_string"}}],"inLanguage":"en-US"},{"@type":"Organization","@id":"https:\/\/proxima-medical.rs\/#organization","name":"Proxima doo","url":"https:\/\/proxima-medical.rs\/","logo":{"@type":"ImageObject","inLanguage":"en-US","@id":"https:\/\/proxima-medical.rs\/#\/schema\/logo\/image\/","url":"https:\/\/proxima-medical.rs\/wp-content\/uploads\/2016\/10\/Proxima-360px.png","contentUrl":"https:\/\/proxima-medical.rs\/wp-content\/uploads\/2016\/10\/Proxima-360px.png","width":360,"height":136,"caption":"Proxima doo"},"image":{"@id":"https:\/\/proxima-medical.rs\/#\/schema\/logo\/image\/"}}]}},"_links":{"self":[{"href":"https:\/\/proxima-medical.rs\/en\/wp-json\/wp\/v2\/product\/1758","targetHints":{"allow":["GET"]}}],"collection":[{"href":"https:\/\/proxima-medical.rs\/en\/wp-json\/wp\/v2\/product"}],"about":[{"href":"https:\/\/proxima-medical.rs\/en\/wp-json\/wp\/v2\/types\/product"}],"wp:featuredmedia":[{"embeddable":true,"href":"https:\/\/proxima-medical.rs\/en\/wp-json\/wp\/v2\/media\/1753"}],"wp:attachment":[{"href":"https:\/\/proxima-medical.rs\/en\/wp-json\/wp\/v2\/media?parent=1758"}],"wp:term":[{"taxonomy":"product_brand","embeddable":true,"href":"https:\/\/proxima-medical.rs\/en\/wp-json\/wp\/v2\/product_brand?post=1758"},{"taxonomy":"product_cat","embeddable":true,"href":"https:\/\/proxima-medical.rs\/en\/wp-json\/wp\/v2\/product_cat?post=1758"},{"taxonomy":"product_tag","embeddable":true,"href":"https:\/\/proxima-medical.rs\/en\/wp-json\/wp\/v2\/product_tag?post=1758"}],"curies":[{"name":"wp","href":"https:\/\/api.w.org\/{rel}","templated":true}]}}