{"id":575,"date":"2017-03-09T10:19:56","date_gmt":"2017-03-09T10:19:56","guid":{"rendered":"http:\/\/proxima-medical.rs\/?post_type=product&#038;p=575"},"modified":"2018-02-09T10:53:00","modified_gmt":"2018-02-09T10:53:00","slug":"dia","status":"publish","type":"product","link":"https:\/\/proxima-medical.rs\/en\/product\/dia\/","title":{"rendered":"DIA"},"content":{"rendered":"<p>DIA \u2013 aparat za elektroterapiju dijadinami\u010dkim, galvanoskom, eksponencijalnim strujama i TENS terapiju.<\/p>\n<p>DIA je digitalni ure\u0111aj namenjen pre svega za elektroterapiju dijadinami\u010dkim strujama. Ure\u0111aj podr\u017eava MF, DF, CP, LP, CP+LP i RS oblike dijadinami\u010dkih struja. Pored ovoga ure\u0111aj pru\u017ea mogu\u0107nost terapije galvanskom strujom i elektrostimulacije muskulature eksponencijalnim i pravugaonim impulsima i TENS terapiju (opciono). Promena polariteta struje odvija se automatski, ali se mo\u017ee izvesti i ru\u010dno u svakom trenutku terapije. \u010cesto kori\u0161\u0107ena kombinacija CP+LP terapije odvija se automatski jednostavnim izborom odgovaraju\u0107eg programa.<\/p>\n<p>Ure\u0111aj DIA vr\u0161i konstantni monitoring izlazne struje i automatski prekida terapiju i alarmira zvu\u010dnim i svetlosnim signalom u slu\u010daju prekida strujnog kola pacijenta. Svaka terapija se izvodi u re\u017eimu soft start i soft stop, tj. postepenim pove\u0107anjem i smanjenjem izlazne struje do zadate vrednosti, odnosno do nule, respektivno.<\/p>\n<p>INDIKACIJE<\/p>\n<p>Neuralgije, neuritis, radikulopatije, herpes zoster, migrena, miofacijalni sindrom, periartritis ramena i kuka, epikondilitis, cervikalni i lumbalni\u00a0sindrom, artroze i artritis u fazi jakih bolova, distorzije, kontuzije, subluksacije, sudekov sindrom, posttraumatske kontrakture, Rejnoova bolest, obliteriraju\u0107i artritis, adneksitis i parametritis<\/p>","protected":false},"excerpt":{"rendered":"<p>DIA je digitalni aparat za elektroterapiju koji u sebi objedinjuje 19 razli\u010ditih, terapijiskih strujnih oblika. Ure\u0111aj se odlikuje jednostavnim izborom terapije i pode\u0161avanjem parametara, a opremljen je i sistemom za konstantni monitoring izlazne struje.<\/p>\n","protected":false},"featured_media":789,"template":"","meta":{"_acf_changed":false},"product_brand":[],"product_cat":[20],"product_tag":[71,70,73,74],"class_list":{"0":"post-575","1":"product","2":"type-product","3":"status-publish","4":"has-post-thumbnail","6":"product_cat-fizikalna-medicina-i-rehabilitacija","7":"product_tag-dijadinamicke-struje","8":"product_tag-elektroterapija","9":"product_tag-galvanska-struja","10":"product_tag-tens","12":"first","13":"instock","14":"taxable","15":"shipping-taxable","16":"product-type-simple"},"acf":[],"yoast_head":"<!-- This site is optimized with the Yoast SEO plugin v26.4 - https:\/\/yoast.com\/wordpress\/plugins\/seo\/ -->\n<title>DIA - Proxima<\/title>\n<meta name=\"robots\" content=\"index, follow, max-snippet:-1, max-image-preview:large, max-video-preview:-1\" \/>\n<link rel=\"canonical\" href=\"https:\/\/proxima-medical.rs\/product\/dia\/\" \/>\n<meta property=\"og:locale\" content=\"en_US\" \/>\n<meta property=\"og:type\" content=\"article\" \/>\n<meta property=\"og:title\" content=\"DIA - Proxima\" \/>\n<meta property=\"og:description\" content=\"DIA je digitalni aparat za elektroterapiju koji u sebi objedinjuje 19 razli\u010ditih, terapijiskih strujnih oblika. Ure\u0111aj se odlikuje jednostavnim izborom terapije i pode\u0161avanjem parametara, a opremljen je i sistemom za konstantni monitoring izlazne struje.\" \/>\n<meta property=\"og:url\" content=\"https:\/\/proxima-medical.rs\/product\/dia\/\" \/>\n<meta property=\"og:site_name\" content=\"Proxima\" \/>\n<meta property=\"article:modified_time\" content=\"2018-02-09T10:53:00+00:00\" \/>\n<meta property=\"og:image\" content=\"https:\/\/proxima-medical.rs\/wp-content\/uploads\/2017\/03\/DIAsl1.jpg\" \/>\n\t<meta property=\"og:image:width\" content=\"1200\" \/>\n\t<meta property=\"og:image:height\" content=\"800\" \/>\n\t<meta property=\"og:image:type\" content=\"image\/jpeg\" \/>\n<meta name=\"twitter:card\" content=\"summary_large_image\" \/>\n<meta name=\"twitter:label1\" content=\"Est. reading time\" \/>\n\t<meta name=\"twitter:data1\" content=\"3 minutes\" \/>\n<script type=\"application\/ld+json\" class=\"yoast-schema-graph\">{\"@context\":\"https:\/\/schema.org\",\"@graph\":[{\"@type\":\"WebPage\",\"@id\":\"https:\/\/proxima-medical.rs\/product\/dia\/\",\"url\":\"https:\/\/proxima-medical.rs\/product\/dia\/\",\"name\":\"DIA - Proxima\",\"isPartOf\":{\"@id\":\"https:\/\/proxima-medical.rs\/#website\"},\"primaryImageOfPage\":{\"@id\":\"https:\/\/proxima-medical.rs\/product\/dia\/#primaryimage\"},\"image\":{\"@id\":\"https:\/\/proxima-medical.rs\/product\/dia\/#primaryimage\"},\"thumbnailUrl\":\"https:\/\/proxima-medical.rs\/wp-content\/uploads\/2017\/03\/DIAsl1.jpg\",\"datePublished\":\"2017-03-09T10:19:56+00:00\",\"dateModified\":\"2018-02-09T10:53:00+00:00\",\"breadcrumb\":{\"@id\":\"https:\/\/proxima-medical.rs\/product\/dia\/#breadcrumb\"},\"inLanguage\":\"en-US\",\"potentialAction\":[{\"@type\":\"ReadAction\",\"target\":[\"https:\/\/proxima-medical.rs\/product\/dia\/\"]}]},{\"@type\":\"ImageObject\",\"inLanguage\":\"en-US\",\"@id\":\"https:\/\/proxima-medical.rs\/product\/dia\/#primaryimage\",\"url\":\"https:\/\/proxima-medical.rs\/wp-content\/uploads\/2017\/03\/DIAsl1.jpg\",\"contentUrl\":\"https:\/\/proxima-medical.rs\/wp-content\/uploads\/2017\/03\/DIAsl1.jpg\",\"width\":1200,\"height\":800,\"caption\":\"DIAsl1\"},{\"@type\":\"BreadcrumbList\",\"@id\":\"https:\/\/proxima-medical.rs\/product\/dia\/#breadcrumb\",\"itemListElement\":[{\"@type\":\"ListItem\",\"position\":1,\"name\":\"Home\",\"item\":\"https:\/\/proxima-medical.rs\/\"},{\"@type\":\"ListItem\",\"position\":2,\"name\":\"Proizvodi\",\"item\":\"https:\/\/proxima-medical.rs\/shop\/\"},{\"@type\":\"ListItem\",\"position\":3,\"name\":\"DIA\"}]},{\"@type\":\"WebSite\",\"@id\":\"https:\/\/proxima-medical.rs\/#website\",\"url\":\"https:\/\/proxima-medical.rs\/\",\"name\":\"Proxima\",\"description\":\"Dobrodo\u0161li\",\"publisher\":{\"@id\":\"https:\/\/proxima-medical.rs\/#organization\"},\"potentialAction\":[{\"@type\":\"SearchAction\",\"target\":{\"@type\":\"EntryPoint\",\"urlTemplate\":\"https:\/\/proxima-medical.rs\/?s={search_term_string}\"},\"query-input\":{\"@type\":\"PropertyValueSpecification\",\"valueRequired\":true,\"valueName\":\"search_term_string\"}}],\"inLanguage\":\"en-US\"},{\"@type\":\"Organization\",\"@id\":\"https:\/\/proxima-medical.rs\/#organization\",\"name\":\"Proxima doo\",\"url\":\"https:\/\/proxima-medical.rs\/\",\"logo\":{\"@type\":\"ImageObject\",\"inLanguage\":\"en-US\",\"@id\":\"https:\/\/proxima-medical.rs\/#\/schema\/logo\/image\/\",\"url\":\"https:\/\/proxima-medical.rs\/wp-content\/uploads\/2016\/10\/Proxima-360px.png\",\"contentUrl\":\"https:\/\/proxima-medical.rs\/wp-content\/uploads\/2016\/10\/Proxima-360px.png\",\"width\":360,\"height\":136,\"caption\":\"Proxima doo\"},\"image\":{\"@id\":\"https:\/\/proxima-medical.rs\/#\/schema\/logo\/image\/\"}}]}<\/script>\n<!-- \/ Yoast SEO plugin. -->","yoast_head_json":{"title":"DIA - Proxima","robots":{"index":"index","follow":"follow","max-snippet":"max-snippet:-1","max-image-preview":"max-image-preview:large","max-video-preview":"max-video-preview:-1"},"canonical":"https:\/\/proxima-medical.rs\/product\/dia\/","og_locale":"en_US","og_type":"article","og_title":"DIA - Proxima","og_description":"DIA je digitalni aparat za elektroterapiju koji u sebi objedinjuje 19 razli\u010ditih, terapijiskih strujnih oblika. Ure\u0111aj se odlikuje jednostavnim izborom terapije i pode\u0161avanjem parametara, a opremljen je i sistemom za konstantni monitoring izlazne struje.","og_url":"https:\/\/proxima-medical.rs\/product\/dia\/","og_site_name":"Proxima","article_modified_time":"2018-02-09T10:53:00+00:00","og_image":[{"width":1200,"height":800,"url":"https:\/\/proxima-medical.rs\/wp-content\/uploads\/2017\/03\/DIAsl1.jpg","type":"image\/jpeg"}],"twitter_card":"summary_large_image","twitter_misc":{"Est. reading time":"3 minutes"},"schema":{"@context":"https:\/\/schema.org","@graph":[{"@type":"WebPage","@id":"https:\/\/proxima-medical.rs\/product\/dia\/","url":"https:\/\/proxima-medical.rs\/product\/dia\/","name":"DIA - Proxima","isPartOf":{"@id":"https:\/\/proxima-medical.rs\/#website"},"primaryImageOfPage":{"@id":"https:\/\/proxima-medical.rs\/product\/dia\/#primaryimage"},"image":{"@id":"https:\/\/proxima-medical.rs\/product\/dia\/#primaryimage"},"thumbnailUrl":"https:\/\/proxima-medical.rs\/wp-content\/uploads\/2017\/03\/DIAsl1.jpg","datePublished":"2017-03-09T10:19:56+00:00","dateModified":"2018-02-09T10:53:00+00:00","breadcrumb":{"@id":"https:\/\/proxima-medical.rs\/product\/dia\/#breadcrumb"},"inLanguage":"en-US","potentialAction":[{"@type":"ReadAction","target":["https:\/\/proxima-medical.rs\/product\/dia\/"]}]},{"@type":"ImageObject","inLanguage":"en-US","@id":"https:\/\/proxima-medical.rs\/product\/dia\/#primaryimage","url":"https:\/\/proxima-medical.rs\/wp-content\/uploads\/2017\/03\/DIAsl1.jpg","contentUrl":"https:\/\/proxima-medical.rs\/wp-content\/uploads\/2017\/03\/DIAsl1.jpg","width":1200,"height":800,"caption":"DIAsl1"},{"@type":"BreadcrumbList","@id":"https:\/\/proxima-medical.rs\/product\/dia\/#breadcrumb","itemListElement":[{"@type":"ListItem","position":1,"name":"Home","item":"https:\/\/proxima-medical.rs\/"},{"@type":"ListItem","position":2,"name":"Proizvodi","item":"https:\/\/proxima-medical.rs\/shop\/"},{"@type":"ListItem","position":3,"name":"DIA"}]},{"@type":"WebSite","@id":"https:\/\/proxima-medical.rs\/#website","url":"https:\/\/proxima-medical.rs\/","name":"Proxima","description":"Dobrodo\u0161li","publisher":{"@id":"https:\/\/proxima-medical.rs\/#organization"},"potentialAction":[{"@type":"SearchAction","target":{"@type":"EntryPoint","urlTemplate":"https:\/\/proxima-medical.rs\/?s={search_term_string}"},"query-input":{"@type":"PropertyValueSpecification","valueRequired":true,"valueName":"search_term_string"}}],"inLanguage":"en-US"},{"@type":"Organization","@id":"https:\/\/proxima-medical.rs\/#organization","name":"Proxima doo","url":"https:\/\/proxima-medical.rs\/","logo":{"@type":"ImageObject","inLanguage":"en-US","@id":"https:\/\/proxima-medical.rs\/#\/schema\/logo\/image\/","url":"https:\/\/proxima-medical.rs\/wp-content\/uploads\/2016\/10\/Proxima-360px.png","contentUrl":"https:\/\/proxima-medical.rs\/wp-content\/uploads\/2016\/10\/Proxima-360px.png","width":360,"height":136,"caption":"Proxima doo"},"image":{"@id":"https:\/\/proxima-medical.rs\/#\/schema\/logo\/image\/"}}]}},"_links":{"self":[{"href":"https:\/\/proxima-medical.rs\/en\/wp-json\/wp\/v2\/product\/575","targetHints":{"allow":["GET"]}}],"collection":[{"href":"https:\/\/proxima-medical.rs\/en\/wp-json\/wp\/v2\/product"}],"about":[{"href":"https:\/\/proxima-medical.rs\/en\/wp-json\/wp\/v2\/types\/product"}],"wp:featuredmedia":[{"embeddable":true,"href":"https:\/\/proxima-medical.rs\/en\/wp-json\/wp\/v2\/media\/789"}],"wp:attachment":[{"href":"https:\/\/proxima-medical.rs\/en\/wp-json\/wp\/v2\/media?parent=575"}],"wp:term":[{"taxonomy":"product_brand","embeddable":true,"href":"https:\/\/proxima-medical.rs\/en\/wp-json\/wp\/v2\/product_brand?post=575"},{"taxonomy":"product_cat","embeddable":true,"href":"https:\/\/proxima-medical.rs\/en\/wp-json\/wp\/v2\/product_cat?post=575"},{"taxonomy":"product_tag","embeddable":true,"href":"https:\/\/proxima-medical.rs\/en\/wp-json\/wp\/v2\/product_tag?post=575"}],"curies":[{"name":"wp","href":"https:\/\/api.w.org\/{rel}","templated":true}]}}