{"id":610,"date":"2017-03-13T20:21:45","date_gmt":"2017-03-13T20:21:45","guid":{"rendered":"http:\/\/proxima-medical.rs\/?post_type=product&#038;p=610"},"modified":"2018-02-09T10:50:02","modified_gmt":"2018-02-09T10:50:02","slug":"if53","status":"publish","type":"product","link":"https:\/\/proxima-medical.rs\/en\/product\/if53\/","title":{"rendered":"IF53"},"content":{"rendered":"<p>IF53 \u2013 digitalni aparat za elektroterapiju interferentnim strujama<\/p>\n<p>IF53 je digitalni ure\u0111aj koji pored klasi\u010dne interferentne terapije omogu\u0107ava i vektorsku (dinami\u010dku) interferentnu terapiju, kao i bipolarnu (premodulisanu) interferentnu terapiju. Zadavanje parametara je jednostavno, a ure\u0111aj nudi mogu\u0107nost memorisanja sopstvenih terapijiskih protokola (50 programa). Pored ovoga aparat je opremljen predefinisanim terapijiskim indikacijama. Promena frekvencije se mo\u017ee izvoditi na jedan od tri na\u010dina: linearno, u trapezoidnoj formi i skokovito.<\/p>\n<p>Ure\u0111aj IF53 vr\u0161i konstantni monitoring izlazne struje i automatski prekida terapiju i alarmira zvu\u010dnim i svetlosnim signalom u slu\u010daju prekida strujnog kola pacijenta. Svaka terapija se izvodi u re\u017eimu soft start i soft stop, tj. postepenim pove\u0107anjem i smanjenjem izlazne struje do zadate vrednosti, odnosno do nule, respektivno.<\/p>\n<p>INDIKACIJE<\/p>\n<p>stanja posle distorzija, luksacija i fraktura, Sudekov sindrom, kontrakture, usporeno stvaranje kalusa, artroze perifernih zglobova, cervikalni i lumbalni sindrom, reumatoidni artritis, ankiloziraju\u0107i spondilitis, periatritis ramena i kuka, epikondilitis, fibromijalgija, neuralgije i neuritis, stanja posle povreda perifernih \u017eivaca, obliteriraju\u0107i endarteritis, Rejnoova bolest, adneksitis i parametritis.<\/p>","protected":false},"excerpt":{"rendered":"<p>IF53 je digitalni aparat za elektroterapiju interferentnim strujama. Ure\u0111aj omogu\u0107ava klasi\u010dnu \u010detvoropolarnu terapiju, \u010detvoropolarnu sa vektorom i bipolarnu interferentnu terapiju. Ure\u0111aj se odlikuje jednostavnim pode\u0161avanjem parametara kao i mogu\u0107no\u0161\u0107u izbora predefinisanih programa terapije.<\/p>\n","protected":false},"featured_media":787,"template":"","meta":{"_acf_changed":false},"product_brand":[],"product_cat":[20],"product_tag":[70,75],"class_list":{"0":"post-610","1":"product","2":"type-product","3":"status-publish","4":"has-post-thumbnail","6":"product_cat-fizikalna-medicina-i-rehabilitacija","7":"product_tag-elektroterapija","8":"product_tag-interferentne-struje","10":"first","11":"instock","12":"taxable","13":"shipping-taxable","14":"product-type-simple"},"acf":[],"yoast_head":"<!-- This site is optimized with the Yoast SEO plugin v26.4 - https:\/\/yoast.com\/wordpress\/plugins\/seo\/ -->\n<title>IF53 - Proxima<\/title>\n<meta name=\"robots\" content=\"index, follow, max-snippet:-1, max-image-preview:large, max-video-preview:-1\" \/>\n<link rel=\"canonical\" href=\"https:\/\/proxima-medical.rs\/product\/if53\/\" \/>\n<meta property=\"og:locale\" content=\"en_US\" \/>\n<meta property=\"og:type\" content=\"article\" \/>\n<meta property=\"og:title\" content=\"IF53 - Proxima\" \/>\n<meta property=\"og:description\" content=\"IF53 je digitalni aparat za elektroterapiju interferentnim strujama. Ure\u0111aj omogu\u0107ava klasi\u010dnu \u010detvoropolarnu terapiju, \u010detvoropolarnu sa vektorom i bipolarnu interferentnu terapiju. Ure\u0111aj se odlikuje jednostavnim pode\u0161avanjem parametara kao i mogu\u0107no\u0161\u0107u izbora predefinisanih programa terapije.\" \/>\n<meta property=\"og:url\" content=\"https:\/\/proxima-medical.rs\/product\/if53\/\" \/>\n<meta property=\"og:site_name\" content=\"Proxima\" \/>\n<meta property=\"article:modified_time\" content=\"2018-02-09T10:50:02+00:00\" \/>\n<meta property=\"og:image\" content=\"https:\/\/proxima-medical.rs\/wp-content\/uploads\/2017\/03\/IF53sl1.jpg\" \/>\n\t<meta property=\"og:image:width\" content=\"1200\" \/>\n\t<meta property=\"og:image:height\" content=\"800\" \/>\n\t<meta property=\"og:image:type\" content=\"image\/jpeg\" \/>\n<meta name=\"twitter:card\" content=\"summary_large_image\" \/>\n<meta name=\"twitter:label1\" content=\"Est. reading time\" \/>\n\t<meta name=\"twitter:data1\" content=\"3 minutes\" \/>\n<script type=\"application\/ld+json\" class=\"yoast-schema-graph\">{\"@context\":\"https:\/\/schema.org\",\"@graph\":[{\"@type\":\"WebPage\",\"@id\":\"https:\/\/proxima-medical.rs\/product\/if53\/\",\"url\":\"https:\/\/proxima-medical.rs\/product\/if53\/\",\"name\":\"IF53 - Proxima\",\"isPartOf\":{\"@id\":\"https:\/\/proxima-medical.rs\/#website\"},\"primaryImageOfPage\":{\"@id\":\"https:\/\/proxima-medical.rs\/product\/if53\/#primaryimage\"},\"image\":{\"@id\":\"https:\/\/proxima-medical.rs\/product\/if53\/#primaryimage\"},\"thumbnailUrl\":\"https:\/\/proxima-medical.rs\/wp-content\/uploads\/2017\/03\/IF53sl1.jpg\",\"datePublished\":\"2017-03-13T20:21:45+00:00\",\"dateModified\":\"2018-02-09T10:50:02+00:00\",\"breadcrumb\":{\"@id\":\"https:\/\/proxima-medical.rs\/product\/if53\/#breadcrumb\"},\"inLanguage\":\"en-US\",\"potentialAction\":[{\"@type\":\"ReadAction\",\"target\":[\"https:\/\/proxima-medical.rs\/product\/if53\/\"]}]},{\"@type\":\"ImageObject\",\"inLanguage\":\"en-US\",\"@id\":\"https:\/\/proxima-medical.rs\/product\/if53\/#primaryimage\",\"url\":\"https:\/\/proxima-medical.rs\/wp-content\/uploads\/2017\/03\/IF53sl1.jpg\",\"contentUrl\":\"https:\/\/proxima-medical.rs\/wp-content\/uploads\/2017\/03\/IF53sl1.jpg\",\"width\":1200,\"height\":800,\"caption\":\"IF53sl1\"},{\"@type\":\"BreadcrumbList\",\"@id\":\"https:\/\/proxima-medical.rs\/product\/if53\/#breadcrumb\",\"itemListElement\":[{\"@type\":\"ListItem\",\"position\":1,\"name\":\"Home\",\"item\":\"https:\/\/proxima-medical.rs\/\"},{\"@type\":\"ListItem\",\"position\":2,\"name\":\"Proizvodi\",\"item\":\"https:\/\/proxima-medical.rs\/shop\/\"},{\"@type\":\"ListItem\",\"position\":3,\"name\":\"IF53\"}]},{\"@type\":\"WebSite\",\"@id\":\"https:\/\/proxima-medical.rs\/#website\",\"url\":\"https:\/\/proxima-medical.rs\/\",\"name\":\"Proxima\",\"description\":\"Dobrodo\u0161li\",\"publisher\":{\"@id\":\"https:\/\/proxima-medical.rs\/#organization\"},\"potentialAction\":[{\"@type\":\"SearchAction\",\"target\":{\"@type\":\"EntryPoint\",\"urlTemplate\":\"https:\/\/proxima-medical.rs\/?s={search_term_string}\"},\"query-input\":{\"@type\":\"PropertyValueSpecification\",\"valueRequired\":true,\"valueName\":\"search_term_string\"}}],\"inLanguage\":\"en-US\"},{\"@type\":\"Organization\",\"@id\":\"https:\/\/proxima-medical.rs\/#organization\",\"name\":\"Proxima doo\",\"url\":\"https:\/\/proxima-medical.rs\/\",\"logo\":{\"@type\":\"ImageObject\",\"inLanguage\":\"en-US\",\"@id\":\"https:\/\/proxima-medical.rs\/#\/schema\/logo\/image\/\",\"url\":\"https:\/\/proxima-medical.rs\/wp-content\/uploads\/2016\/10\/Proxima-360px.png\",\"contentUrl\":\"https:\/\/proxima-medical.rs\/wp-content\/uploads\/2016\/10\/Proxima-360px.png\",\"width\":360,\"height\":136,\"caption\":\"Proxima doo\"},\"image\":{\"@id\":\"https:\/\/proxima-medical.rs\/#\/schema\/logo\/image\/\"}}]}<\/script>\n<!-- \/ Yoast SEO plugin. -->","yoast_head_json":{"title":"IF53 - Proxima","robots":{"index":"index","follow":"follow","max-snippet":"max-snippet:-1","max-image-preview":"max-image-preview:large","max-video-preview":"max-video-preview:-1"},"canonical":"https:\/\/proxima-medical.rs\/product\/if53\/","og_locale":"en_US","og_type":"article","og_title":"IF53 - Proxima","og_description":"IF53 je digitalni aparat za elektroterapiju interferentnim strujama. Ure\u0111aj omogu\u0107ava klasi\u010dnu \u010detvoropolarnu terapiju, \u010detvoropolarnu sa vektorom i bipolarnu interferentnu terapiju. Ure\u0111aj se odlikuje jednostavnim pode\u0161avanjem parametara kao i mogu\u0107no\u0161\u0107u izbora predefinisanih programa terapije.","og_url":"https:\/\/proxima-medical.rs\/product\/if53\/","og_site_name":"Proxima","article_modified_time":"2018-02-09T10:50:02+00:00","og_image":[{"width":1200,"height":800,"url":"https:\/\/proxima-medical.rs\/wp-content\/uploads\/2017\/03\/IF53sl1.jpg","type":"image\/jpeg"}],"twitter_card":"summary_large_image","twitter_misc":{"Est. reading time":"3 minutes"},"schema":{"@context":"https:\/\/schema.org","@graph":[{"@type":"WebPage","@id":"https:\/\/proxima-medical.rs\/product\/if53\/","url":"https:\/\/proxima-medical.rs\/product\/if53\/","name":"IF53 - Proxima","isPartOf":{"@id":"https:\/\/proxima-medical.rs\/#website"},"primaryImageOfPage":{"@id":"https:\/\/proxima-medical.rs\/product\/if53\/#primaryimage"},"image":{"@id":"https:\/\/proxima-medical.rs\/product\/if53\/#primaryimage"},"thumbnailUrl":"https:\/\/proxima-medical.rs\/wp-content\/uploads\/2017\/03\/IF53sl1.jpg","datePublished":"2017-03-13T20:21:45+00:00","dateModified":"2018-02-09T10:50:02+00:00","breadcrumb":{"@id":"https:\/\/proxima-medical.rs\/product\/if53\/#breadcrumb"},"inLanguage":"en-US","potentialAction":[{"@type":"ReadAction","target":["https:\/\/proxima-medical.rs\/product\/if53\/"]}]},{"@type":"ImageObject","inLanguage":"en-US","@id":"https:\/\/proxima-medical.rs\/product\/if53\/#primaryimage","url":"https:\/\/proxima-medical.rs\/wp-content\/uploads\/2017\/03\/IF53sl1.jpg","contentUrl":"https:\/\/proxima-medical.rs\/wp-content\/uploads\/2017\/03\/IF53sl1.jpg","width":1200,"height":800,"caption":"IF53sl1"},{"@type":"BreadcrumbList","@id":"https:\/\/proxima-medical.rs\/product\/if53\/#breadcrumb","itemListElement":[{"@type":"ListItem","position":1,"name":"Home","item":"https:\/\/proxima-medical.rs\/"},{"@type":"ListItem","position":2,"name":"Proizvodi","item":"https:\/\/proxima-medical.rs\/shop\/"},{"@type":"ListItem","position":3,"name":"IF53"}]},{"@type":"WebSite","@id":"https:\/\/proxima-medical.rs\/#website","url":"https:\/\/proxima-medical.rs\/","name":"Proxima","description":"Dobrodo\u0161li","publisher":{"@id":"https:\/\/proxima-medical.rs\/#organization"},"potentialAction":[{"@type":"SearchAction","target":{"@type":"EntryPoint","urlTemplate":"https:\/\/proxima-medical.rs\/?s={search_term_string}"},"query-input":{"@type":"PropertyValueSpecification","valueRequired":true,"valueName":"search_term_string"}}],"inLanguage":"en-US"},{"@type":"Organization","@id":"https:\/\/proxima-medical.rs\/#organization","name":"Proxima doo","url":"https:\/\/proxima-medical.rs\/","logo":{"@type":"ImageObject","inLanguage":"en-US","@id":"https:\/\/proxima-medical.rs\/#\/schema\/logo\/image\/","url":"https:\/\/proxima-medical.rs\/wp-content\/uploads\/2016\/10\/Proxima-360px.png","contentUrl":"https:\/\/proxima-medical.rs\/wp-content\/uploads\/2016\/10\/Proxima-360px.png","width":360,"height":136,"caption":"Proxima doo"},"image":{"@id":"https:\/\/proxima-medical.rs\/#\/schema\/logo\/image\/"}}]}},"_links":{"self":[{"href":"https:\/\/proxima-medical.rs\/en\/wp-json\/wp\/v2\/product\/610","targetHints":{"allow":["GET"]}}],"collection":[{"href":"https:\/\/proxima-medical.rs\/en\/wp-json\/wp\/v2\/product"}],"about":[{"href":"https:\/\/proxima-medical.rs\/en\/wp-json\/wp\/v2\/types\/product"}],"wp:featuredmedia":[{"embeddable":true,"href":"https:\/\/proxima-medical.rs\/en\/wp-json\/wp\/v2\/media\/787"}],"wp:attachment":[{"href":"https:\/\/proxima-medical.rs\/en\/wp-json\/wp\/v2\/media?parent=610"}],"wp:term":[{"taxonomy":"product_brand","embeddable":true,"href":"https:\/\/proxima-medical.rs\/en\/wp-json\/wp\/v2\/product_brand?post=610"},{"taxonomy":"product_cat","embeddable":true,"href":"https:\/\/proxima-medical.rs\/en\/wp-json\/wp\/v2\/product_cat?post=610"},{"taxonomy":"product_tag","embeddable":true,"href":"https:\/\/proxima-medical.rs\/en\/wp-json\/wp\/v2\/product_tag?post=610"}],"curies":[{"name":"wp","href":"https:\/\/api.w.org\/{rel}","templated":true}]}}