{"id":674,"date":"2017-03-17T14:03:42","date_gmt":"2017-03-17T14:03:42","guid":{"rendered":"http:\/\/proxima-medical.rs\/?post_type=product&#038;p=674"},"modified":"2023-11-02T23:40:24","modified_gmt":"2023-11-02T22:40:24","slug":"radio-talasni-noz","status":"publish","type":"product","link":"https:\/\/proxima-medical.rs\/en\/product\/radio-talasni-noz\/","title":{"rendered":"Radio talasni no\u017e"},"content":{"rendered":"<p><span class=\"product-description\">RTN \u2013 radiotalasna elektrohirur\u0161ka jedinica<\/span><\/p>\n<p>Radio Talasni No\u017e (Radio Wave Surgical Unit) je elektrohirur\u0161ka jedinica maksimalne snage 150W i radne frekvencije 4MHz. Aparat omogu\u0107ava izvo\u0111enje svih dermatohirur\u0161kih, ginekolo\u0161kih i drugih ambulantih hirur\u0161kih intervencija manjeg i srednjeg obima. Primena radio talasa odlikuje se minimalnim lateralnim o\u0161te\u0107enjem tkiva u odnosu na ivicu reza, belim koagulumom bez karbogenizacije tkiva, br\u017eim zarastanjem rana i minimalnim o\u017eiljavanjem, odnosno bez o\u017eiljavanja tkiva. Sama intervencija je, zahvaljuju\u0107i radnoj frekvenciji, manje bolna od \u201eklasi\u010dnih\u201c elektrohirur\u0161kih intervencija.<\/p>\n<p>Aparat podr\u017eava i ru\u010dno i no\u017eno komandovanje. Omogu\u0107ena su tri osnovna moda rada: CUT \u2013 \u010disto rezanje, BLEND \u2013 rezanje sa efektima koagulacije i COAG \u2013 koagulacija. Pored ovih osnovnih modova, aparat je pro\u0161iriv i BIPOLARNOM KOAGULACIJOM (dodatno je potrebno nabaviti adapter PX-AP-2029-05, kabl za bipolarne pincete i bipolarnu\/e pincetu\/e).<\/p>\n<p>Na raspolaganju je veliki izbor monopolarnih elektroda (iglica, om\u010dica, kuglica&#8230;) i bipolarnih pinceta i drugih instrumenata.<\/p>\n","protected":false},"excerpt":{"rendered":"<p>RADIO TALASNI NO\u017d predstavlja radiotalasnu elektrohirur\u0161ku jedinicu maksimalne snage 150W i radne frekvencije 4MHz. Radio talasi danas predstavljaju metodu izbora za sve dermatohirur\u0161ke, ginekolo\u0161ke i druge ambulantne hirur\u0161ke procedure.<\/p>\n","protected":false},"featured_media":681,"template":"","meta":{"_acf_changed":false},"product_brand":[],"product_cat":[7,8,170],"product_tag":[88,87,83,89],"class_list":{"0":"post-674","1":"product","2":"type-product","3":"status-publish","4":"has-post-thumbnail","6":"product_cat-radiotalasna-elektrohirurgija","7":"product_cat-dermatologija","8":"product_cat-ginekologija","9":"product_tag-electrosurgery","10":"product_tag-radio-talasi","11":"product_tag-radio-talasni-noz","12":"product_tag-rwsu","14":"first","15":"instock","16":"taxable","17":"shipping-taxable","18":"product-type-simple"},"acf":[],"yoast_head":"<!-- This site is optimized with the Yoast SEO plugin v26.4 - https:\/\/yoast.com\/wordpress\/plugins\/seo\/ -->\n<title>Radio talasni no\u017e - Proxima<\/title>\n<meta name=\"robots\" content=\"index, follow, max-snippet:-1, max-image-preview:large, max-video-preview:-1\" \/>\n<link rel=\"canonical\" href=\"https:\/\/proxima-medical.rs\/product\/radio-talasni-noz\/\" \/>\n<meta property=\"og:locale\" content=\"en_US\" \/>\n<meta property=\"og:type\" content=\"article\" \/>\n<meta property=\"og:title\" content=\"Radio talasni no\u017e - Proxima\" \/>\n<meta property=\"og:description\" content=\"RADIO TALASNI NO\u017d predstavlja radiotalasnu elektrohirur\u0161ku jedinicu maksimalne snage 150W i radne frekvencije 4MHz. Radio talasi danas predstavljaju metodu izbora za sve dermatohirur\u0161ke, ginekolo\u0161ke i druge ambulantne hirur\u0161ke procedure.\" \/>\n<meta property=\"og:url\" content=\"https:\/\/proxima-medical.rs\/product\/radio-talasni-noz\/\" \/>\n<meta property=\"og:site_name\" content=\"Proxima\" \/>\n<meta property=\"article:modified_time\" content=\"2023-11-02T22:40:24+00:00\" \/>\n<meta property=\"og:image\" content=\"https:\/\/proxima-medical.rs\/wp-content\/uploads\/2017\/03\/sl1-1.jpg\" \/>\n\t<meta property=\"og:image:width\" content=\"1200\" \/>\n\t<meta property=\"og:image:height\" content=\"900\" \/>\n\t<meta property=\"og:image:type\" content=\"image\/jpeg\" \/>\n<meta name=\"twitter:card\" content=\"summary_large_image\" \/>\n<meta name=\"twitter:label1\" content=\"Est. reading time\" \/>\n\t<meta name=\"twitter:data1\" content=\"1 minute\" \/>\n<script type=\"application\/ld+json\" class=\"yoast-schema-graph\">{\"@context\":\"https:\/\/schema.org\",\"@graph\":[{\"@type\":\"WebPage\",\"@id\":\"https:\/\/proxima-medical.rs\/product\/radio-talasni-noz\/\",\"url\":\"https:\/\/proxima-medical.rs\/product\/radio-talasni-noz\/\",\"name\":\"Radio talasni no\u017e - Proxima\",\"isPartOf\":{\"@id\":\"https:\/\/proxima-medical.rs\/#website\"},\"primaryImageOfPage\":{\"@id\":\"https:\/\/proxima-medical.rs\/product\/radio-talasni-noz\/#primaryimage\"},\"image\":{\"@id\":\"https:\/\/proxima-medical.rs\/product\/radio-talasni-noz\/#primaryimage\"},\"thumbnailUrl\":\"https:\/\/proxima-medical.rs\/wp-content\/uploads\/2017\/03\/sl1-1.jpg\",\"datePublished\":\"2017-03-17T14:03:42+00:00\",\"dateModified\":\"2023-11-02T22:40:24+00:00\",\"breadcrumb\":{\"@id\":\"https:\/\/proxima-medical.rs\/product\/radio-talasni-noz\/#breadcrumb\"},\"inLanguage\":\"en-US\",\"potentialAction\":[{\"@type\":\"ReadAction\",\"target\":[\"https:\/\/proxima-medical.rs\/product\/radio-talasni-noz\/\"]}]},{\"@type\":\"ImageObject\",\"inLanguage\":\"en-US\",\"@id\":\"https:\/\/proxima-medical.rs\/product\/radio-talasni-noz\/#primaryimage\",\"url\":\"https:\/\/proxima-medical.rs\/wp-content\/uploads\/2017\/03\/sl1-1.jpg\",\"contentUrl\":\"https:\/\/proxima-medical.rs\/wp-content\/uploads\/2017\/03\/sl1-1.jpg\",\"width\":1200,\"height\":900,\"caption\":\"sl1 1\"},{\"@type\":\"BreadcrumbList\",\"@id\":\"https:\/\/proxima-medical.rs\/product\/radio-talasni-noz\/#breadcrumb\",\"itemListElement\":[{\"@type\":\"ListItem\",\"position\":1,\"name\":\"Home\",\"item\":\"https:\/\/proxima-medical.rs\/\"},{\"@type\":\"ListItem\",\"position\":2,\"name\":\"Proizvodi\",\"item\":\"https:\/\/proxima-medical.rs\/shop\/\"},{\"@type\":\"ListItem\",\"position\":3,\"name\":\"Radio talasni no\u017e\"}]},{\"@type\":\"WebSite\",\"@id\":\"https:\/\/proxima-medical.rs\/#website\",\"url\":\"https:\/\/proxima-medical.rs\/\",\"name\":\"Proxima\",\"description\":\"Dobrodo\u0161li\",\"publisher\":{\"@id\":\"https:\/\/proxima-medical.rs\/#organization\"},\"potentialAction\":[{\"@type\":\"SearchAction\",\"target\":{\"@type\":\"EntryPoint\",\"urlTemplate\":\"https:\/\/proxima-medical.rs\/?s={search_term_string}\"},\"query-input\":{\"@type\":\"PropertyValueSpecification\",\"valueRequired\":true,\"valueName\":\"search_term_string\"}}],\"inLanguage\":\"en-US\"},{\"@type\":\"Organization\",\"@id\":\"https:\/\/proxima-medical.rs\/#organization\",\"name\":\"Proxima doo\",\"url\":\"https:\/\/proxima-medical.rs\/\",\"logo\":{\"@type\":\"ImageObject\",\"inLanguage\":\"en-US\",\"@id\":\"https:\/\/proxima-medical.rs\/#\/schema\/logo\/image\/\",\"url\":\"https:\/\/proxima-medical.rs\/wp-content\/uploads\/2016\/10\/Proxima-360px.png\",\"contentUrl\":\"https:\/\/proxima-medical.rs\/wp-content\/uploads\/2016\/10\/Proxima-360px.png\",\"width\":360,\"height\":136,\"caption\":\"Proxima doo\"},\"image\":{\"@id\":\"https:\/\/proxima-medical.rs\/#\/schema\/logo\/image\/\"}}]}<\/script>\n<!-- \/ Yoast SEO plugin. -->","yoast_head_json":{"title":"Radio talasni no\u017e - Proxima","robots":{"index":"index","follow":"follow","max-snippet":"max-snippet:-1","max-image-preview":"max-image-preview:large","max-video-preview":"max-video-preview:-1"},"canonical":"https:\/\/proxima-medical.rs\/product\/radio-talasni-noz\/","og_locale":"en_US","og_type":"article","og_title":"Radio talasni no\u017e - Proxima","og_description":"RADIO TALASNI NO\u017d predstavlja radiotalasnu elektrohirur\u0161ku jedinicu maksimalne snage 150W i radne frekvencije 4MHz. Radio talasi danas predstavljaju metodu izbora za sve dermatohirur\u0161ke, ginekolo\u0161ke i druge ambulantne hirur\u0161ke procedure.","og_url":"https:\/\/proxima-medical.rs\/product\/radio-talasni-noz\/","og_site_name":"Proxima","article_modified_time":"2023-11-02T22:40:24+00:00","og_image":[{"width":1200,"height":900,"url":"https:\/\/proxima-medical.rs\/wp-content\/uploads\/2017\/03\/sl1-1.jpg","type":"image\/jpeg"}],"twitter_card":"summary_large_image","twitter_misc":{"Est. reading time":"1 minute"},"schema":{"@context":"https:\/\/schema.org","@graph":[{"@type":"WebPage","@id":"https:\/\/proxima-medical.rs\/product\/radio-talasni-noz\/","url":"https:\/\/proxima-medical.rs\/product\/radio-talasni-noz\/","name":"Radio talasni no\u017e - Proxima","isPartOf":{"@id":"https:\/\/proxima-medical.rs\/#website"},"primaryImageOfPage":{"@id":"https:\/\/proxima-medical.rs\/product\/radio-talasni-noz\/#primaryimage"},"image":{"@id":"https:\/\/proxima-medical.rs\/product\/radio-talasni-noz\/#primaryimage"},"thumbnailUrl":"https:\/\/proxima-medical.rs\/wp-content\/uploads\/2017\/03\/sl1-1.jpg","datePublished":"2017-03-17T14:03:42+00:00","dateModified":"2023-11-02T22:40:24+00:00","breadcrumb":{"@id":"https:\/\/proxima-medical.rs\/product\/radio-talasni-noz\/#breadcrumb"},"inLanguage":"en-US","potentialAction":[{"@type":"ReadAction","target":["https:\/\/proxima-medical.rs\/product\/radio-talasni-noz\/"]}]},{"@type":"ImageObject","inLanguage":"en-US","@id":"https:\/\/proxima-medical.rs\/product\/radio-talasni-noz\/#primaryimage","url":"https:\/\/proxima-medical.rs\/wp-content\/uploads\/2017\/03\/sl1-1.jpg","contentUrl":"https:\/\/proxima-medical.rs\/wp-content\/uploads\/2017\/03\/sl1-1.jpg","width":1200,"height":900,"caption":"sl1 1"},{"@type":"BreadcrumbList","@id":"https:\/\/proxima-medical.rs\/product\/radio-talasni-noz\/#breadcrumb","itemListElement":[{"@type":"ListItem","position":1,"name":"Home","item":"https:\/\/proxima-medical.rs\/"},{"@type":"ListItem","position":2,"name":"Proizvodi","item":"https:\/\/proxima-medical.rs\/shop\/"},{"@type":"ListItem","position":3,"name":"Radio talasni no\u017e"}]},{"@type":"WebSite","@id":"https:\/\/proxima-medical.rs\/#website","url":"https:\/\/proxima-medical.rs\/","name":"Proxima","description":"Dobrodo\u0161li","publisher":{"@id":"https:\/\/proxima-medical.rs\/#organization"},"potentialAction":[{"@type":"SearchAction","target":{"@type":"EntryPoint","urlTemplate":"https:\/\/proxima-medical.rs\/?s={search_term_string}"},"query-input":{"@type":"PropertyValueSpecification","valueRequired":true,"valueName":"search_term_string"}}],"inLanguage":"en-US"},{"@type":"Organization","@id":"https:\/\/proxima-medical.rs\/#organization","name":"Proxima doo","url":"https:\/\/proxima-medical.rs\/","logo":{"@type":"ImageObject","inLanguage":"en-US","@id":"https:\/\/proxima-medical.rs\/#\/schema\/logo\/image\/","url":"https:\/\/proxima-medical.rs\/wp-content\/uploads\/2016\/10\/Proxima-360px.png","contentUrl":"https:\/\/proxima-medical.rs\/wp-content\/uploads\/2016\/10\/Proxima-360px.png","width":360,"height":136,"caption":"Proxima doo"},"image":{"@id":"https:\/\/proxima-medical.rs\/#\/schema\/logo\/image\/"}}]}},"_links":{"self":[{"href":"https:\/\/proxima-medical.rs\/en\/wp-json\/wp\/v2\/product\/674","targetHints":{"allow":["GET"]}}],"collection":[{"href":"https:\/\/proxima-medical.rs\/en\/wp-json\/wp\/v2\/product"}],"about":[{"href":"https:\/\/proxima-medical.rs\/en\/wp-json\/wp\/v2\/types\/product"}],"wp:featuredmedia":[{"embeddable":true,"href":"https:\/\/proxima-medical.rs\/en\/wp-json\/wp\/v2\/media\/681"}],"wp:attachment":[{"href":"https:\/\/proxima-medical.rs\/en\/wp-json\/wp\/v2\/media?parent=674"}],"wp:term":[{"taxonomy":"product_brand","embeddable":true,"href":"https:\/\/proxima-medical.rs\/en\/wp-json\/wp\/v2\/product_brand?post=674"},{"taxonomy":"product_cat","embeddable":true,"href":"https:\/\/proxima-medical.rs\/en\/wp-json\/wp\/v2\/product_cat?post=674"},{"taxonomy":"product_tag","embeddable":true,"href":"https:\/\/proxima-medical.rs\/en\/wp-json\/wp\/v2\/product_tag?post=674"}],"curies":[{"name":"wp","href":"https:\/\/api.w.org\/{rel}","templated":true}]}}