{"id":689,"date":"2017-03-20T13:55:38","date_gmt":"2017-03-20T13:55:38","guid":{"rendered":"http:\/\/proxima-medical.rs\/?post_type=product&#038;p=689"},"modified":"2018-02-09T10:44:34","modified_gmt":"2018-02-09T10:44:34","slug":"kinetec-spectra-essential","status":"publish","type":"product","link":"https:\/\/proxima-medical.rs\/en\/product\/kinetec-spectra-essential\/","title":{"rendered":"KINETEC SPECTRA ESSENTIAL\u2122"},"content":{"rendered":"<p><span class=\"product-description\">KINETEC SPECTRA ESSENTIAL\u2122 &#8211; CPM (Kontinualno Pasivno Kretanje) aparat za kontinualno pasivno ve\u017ebanje zbgloba kolena<\/span><\/p>\n<p>Jednostavan, ali podjednako efikasan aparat.<\/p>\n<ul>\n<li>Intuitivna daljinska kontrola<\/li>\n<li>Osnovne funkcije za terapiju<\/li>\n<li>Izuzetno bezbedan<\/li>\n<li>Opseg pokreta od -10\u00b0 do 120\u00b0<\/li>\n<\/ul>\n<p>Intuitivan daljinski upravlja\u010d<\/p>\n<p>Prefinjen dizajn daljinskog upravlja\u010da omogu\u0107ava korisniku neposrednu i intuitivnu kontrolu ure\u0111aja kako u bolnicama tako i u ku\u0107nim uslovima poma\u017eu\u0107i mu da se u potpunosti fokusira na terapiju.<\/p>\n<p>Osnovne funkcije<\/p>\n<p>Opseg pokreta, brzina i pauza pode\u0161avaju se vrlo lako prema potrebama korisnika.<\/p>\n<p>Bezbednost<\/p>\n<p>Daljinski upravlja\u010d opremljen je sistemom za zaklju\u010davanje tastature kojim se spre\u010dava zloupotreba ure\u0111aja i pove\u0107ava sigurnost pacijenta.<\/p>\n<p>Mogu\u0107nost nadogradnje<\/p>\n<p>Samo zamenom daljinskog upravlja\u010da, ure\u0111aj KINETEC SPECTRA ESSENTIAL\u2122 se mo\u017ee nadograditi za kori\u0161\u0107enje najnovije Data Capture USB tehnologije (opcija).<\/p>","protected":false},"excerpt":{"rendered":"<p>KINETEC SPECTRA ESSENTIAL\u2122 je aparat za kontinualno pasivno ve\u017ebanje (CPM) kolena \u010duvenog francuskog proizvo\u0111a\u010da KINETEC. Jednostavan, ali podjednako efikasan aparat.<\/p>\n","protected":false},"featured_media":700,"template":"","meta":{"_acf_changed":false},"product_brand":[],"product_cat":[20],"product_tag":[91,93,92,94],"class_list":{"0":"post-689","1":"product","2":"type-product","3":"status-publish","4":"has-post-thumbnail","6":"product_cat-fizikalna-medicina-i-rehabilitacija","7":"product_tag-cpm","8":"product_tag-kinetec","9":"product_tag-koleno","10":"product_tag-pasivno-vezbanje","12":"first","13":"instock","14":"taxable","15":"shipping-taxable","16":"product-type-simple"},"acf":[],"yoast_head":"<!-- This site is optimized with the Yoast SEO plugin v26.4 - https:\/\/yoast.com\/wordpress\/plugins\/seo\/ -->\n<title>KINETEC SPECTRA ESSENTIAL\u2122 - Proxima<\/title>\n<meta name=\"robots\" content=\"index, follow, max-snippet:-1, max-image-preview:large, max-video-preview:-1\" \/>\n<link rel=\"canonical\" href=\"https:\/\/proxima-medical.rs\/product\/kinetec-spectra-essential\/\" \/>\n<meta property=\"og:locale\" content=\"en_US\" \/>\n<meta property=\"og:type\" content=\"article\" \/>\n<meta property=\"og:title\" content=\"KINETEC SPECTRA ESSENTIAL\u2122 - Proxima\" \/>\n<meta property=\"og:description\" content=\"KINETEC SPECTRA ESSENTIAL\u2122 je aparat za kontinualno pasivno ve\u017ebanje (CPM) kolena \u010duvenog francuskog proizvo\u0111a\u010da KINETEC. Jednostavan, ali podjednako efikasan aparat.\" \/>\n<meta property=\"og:url\" content=\"https:\/\/proxima-medical.rs\/product\/kinetec-spectra-essential\/\" \/>\n<meta property=\"og:site_name\" content=\"Proxima\" \/>\n<meta property=\"article:modified_time\" content=\"2018-02-09T10:44:34+00:00\" \/>\n<meta property=\"og:image\" content=\"https:\/\/proxima-medical.rs\/wp-content\/uploads\/2017\/03\/1.jpg\" \/>\n\t<meta property=\"og:image:width\" content=\"900\" \/>\n\t<meta property=\"og:image:height\" content=\"900\" \/>\n\t<meta property=\"og:image:type\" content=\"image\/jpeg\" \/>\n<meta name=\"twitter:card\" content=\"summary_large_image\" \/>\n<meta name=\"twitter:label1\" content=\"Est. reading time\" \/>\n\t<meta name=\"twitter:data1\" content=\"2 minutes\" \/>\n<script type=\"application\/ld+json\" class=\"yoast-schema-graph\">{\"@context\":\"https:\/\/schema.org\",\"@graph\":[{\"@type\":\"WebPage\",\"@id\":\"https:\/\/proxima-medical.rs\/product\/kinetec-spectra-essential\/\",\"url\":\"https:\/\/proxima-medical.rs\/product\/kinetec-spectra-essential\/\",\"name\":\"KINETEC SPECTRA ESSENTIAL\u2122 - Proxima\",\"isPartOf\":{\"@id\":\"https:\/\/proxima-medical.rs\/#website\"},\"primaryImageOfPage\":{\"@id\":\"https:\/\/proxima-medical.rs\/product\/kinetec-spectra-essential\/#primaryimage\"},\"image\":{\"@id\":\"https:\/\/proxima-medical.rs\/product\/kinetec-spectra-essential\/#primaryimage\"},\"thumbnailUrl\":\"https:\/\/proxima-medical.rs\/wp-content\/uploads\/2017\/03\/1.jpg\",\"datePublished\":\"2017-03-20T13:55:38+00:00\",\"dateModified\":\"2018-02-09T10:44:34+00:00\",\"breadcrumb\":{\"@id\":\"https:\/\/proxima-medical.rs\/product\/kinetec-spectra-essential\/#breadcrumb\"},\"inLanguage\":\"en-US\",\"potentialAction\":[{\"@type\":\"ReadAction\",\"target\":[\"https:\/\/proxima-medical.rs\/product\/kinetec-spectra-essential\/\"]}]},{\"@type\":\"ImageObject\",\"inLanguage\":\"en-US\",\"@id\":\"https:\/\/proxima-medical.rs\/product\/kinetec-spectra-essential\/#primaryimage\",\"url\":\"https:\/\/proxima-medical.rs\/wp-content\/uploads\/2017\/03\/1.jpg\",\"contentUrl\":\"https:\/\/proxima-medical.rs\/wp-content\/uploads\/2017\/03\/1.jpg\",\"width\":900,\"height\":900,\"caption\":\"1\"},{\"@type\":\"BreadcrumbList\",\"@id\":\"https:\/\/proxima-medical.rs\/product\/kinetec-spectra-essential\/#breadcrumb\",\"itemListElement\":[{\"@type\":\"ListItem\",\"position\":1,\"name\":\"Home\",\"item\":\"https:\/\/proxima-medical.rs\/\"},{\"@type\":\"ListItem\",\"position\":2,\"name\":\"Proizvodi\",\"item\":\"https:\/\/proxima-medical.rs\/shop\/\"},{\"@type\":\"ListItem\",\"position\":3,\"name\":\"SPECTRA ESSENTIAL\u2122\"}]},{\"@type\":\"WebSite\",\"@id\":\"https:\/\/proxima-medical.rs\/#website\",\"url\":\"https:\/\/proxima-medical.rs\/\",\"name\":\"Proxima\",\"description\":\"Dobrodo\u0161li\",\"publisher\":{\"@id\":\"https:\/\/proxima-medical.rs\/#organization\"},\"potentialAction\":[{\"@type\":\"SearchAction\",\"target\":{\"@type\":\"EntryPoint\",\"urlTemplate\":\"https:\/\/proxima-medical.rs\/?s={search_term_string}\"},\"query-input\":{\"@type\":\"PropertyValueSpecification\",\"valueRequired\":true,\"valueName\":\"search_term_string\"}}],\"inLanguage\":\"en-US\"},{\"@type\":\"Organization\",\"@id\":\"https:\/\/proxima-medical.rs\/#organization\",\"name\":\"Proxima doo\",\"url\":\"https:\/\/proxima-medical.rs\/\",\"logo\":{\"@type\":\"ImageObject\",\"inLanguage\":\"en-US\",\"@id\":\"https:\/\/proxima-medical.rs\/#\/schema\/logo\/image\/\",\"url\":\"https:\/\/proxima-medical.rs\/wp-content\/uploads\/2016\/10\/Proxima-360px.png\",\"contentUrl\":\"https:\/\/proxima-medical.rs\/wp-content\/uploads\/2016\/10\/Proxima-360px.png\",\"width\":360,\"height\":136,\"caption\":\"Proxima doo\"},\"image\":{\"@id\":\"https:\/\/proxima-medical.rs\/#\/schema\/logo\/image\/\"}}]}<\/script>\n<!-- \/ Yoast SEO plugin. -->","yoast_head_json":{"title":"KINETEC SPECTRA ESSENTIAL\u2122 - Proxima","robots":{"index":"index","follow":"follow","max-snippet":"max-snippet:-1","max-image-preview":"max-image-preview:large","max-video-preview":"max-video-preview:-1"},"canonical":"https:\/\/proxima-medical.rs\/product\/kinetec-spectra-essential\/","og_locale":"en_US","og_type":"article","og_title":"KINETEC SPECTRA ESSENTIAL\u2122 - Proxima","og_description":"KINETEC SPECTRA ESSENTIAL\u2122 je aparat za kontinualno pasivno ve\u017ebanje (CPM) kolena \u010duvenog francuskog proizvo\u0111a\u010da KINETEC. Jednostavan, ali podjednako efikasan aparat.","og_url":"https:\/\/proxima-medical.rs\/product\/kinetec-spectra-essential\/","og_site_name":"Proxima","article_modified_time":"2018-02-09T10:44:34+00:00","og_image":[{"width":900,"height":900,"url":"https:\/\/proxima-medical.rs\/wp-content\/uploads\/2017\/03\/1.jpg","type":"image\/jpeg"}],"twitter_card":"summary_large_image","twitter_misc":{"Est. reading time":"2 minutes"},"schema":{"@context":"https:\/\/schema.org","@graph":[{"@type":"WebPage","@id":"https:\/\/proxima-medical.rs\/product\/kinetec-spectra-essential\/","url":"https:\/\/proxima-medical.rs\/product\/kinetec-spectra-essential\/","name":"KINETEC SPECTRA ESSENTIAL\u2122 - Proxima","isPartOf":{"@id":"https:\/\/proxima-medical.rs\/#website"},"primaryImageOfPage":{"@id":"https:\/\/proxima-medical.rs\/product\/kinetec-spectra-essential\/#primaryimage"},"image":{"@id":"https:\/\/proxima-medical.rs\/product\/kinetec-spectra-essential\/#primaryimage"},"thumbnailUrl":"https:\/\/proxima-medical.rs\/wp-content\/uploads\/2017\/03\/1.jpg","datePublished":"2017-03-20T13:55:38+00:00","dateModified":"2018-02-09T10:44:34+00:00","breadcrumb":{"@id":"https:\/\/proxima-medical.rs\/product\/kinetec-spectra-essential\/#breadcrumb"},"inLanguage":"en-US","potentialAction":[{"@type":"ReadAction","target":["https:\/\/proxima-medical.rs\/product\/kinetec-spectra-essential\/"]}]},{"@type":"ImageObject","inLanguage":"en-US","@id":"https:\/\/proxima-medical.rs\/product\/kinetec-spectra-essential\/#primaryimage","url":"https:\/\/proxima-medical.rs\/wp-content\/uploads\/2017\/03\/1.jpg","contentUrl":"https:\/\/proxima-medical.rs\/wp-content\/uploads\/2017\/03\/1.jpg","width":900,"height":900,"caption":"1"},{"@type":"BreadcrumbList","@id":"https:\/\/proxima-medical.rs\/product\/kinetec-spectra-essential\/#breadcrumb","itemListElement":[{"@type":"ListItem","position":1,"name":"Home","item":"https:\/\/proxima-medical.rs\/"},{"@type":"ListItem","position":2,"name":"Proizvodi","item":"https:\/\/proxima-medical.rs\/shop\/"},{"@type":"ListItem","position":3,"name":"SPECTRA ESSENTIAL\u2122"}]},{"@type":"WebSite","@id":"https:\/\/proxima-medical.rs\/#website","url":"https:\/\/proxima-medical.rs\/","name":"Proxima","description":"Dobrodo\u0161li","publisher":{"@id":"https:\/\/proxima-medical.rs\/#organization"},"potentialAction":[{"@type":"SearchAction","target":{"@type":"EntryPoint","urlTemplate":"https:\/\/proxima-medical.rs\/?s={search_term_string}"},"query-input":{"@type":"PropertyValueSpecification","valueRequired":true,"valueName":"search_term_string"}}],"inLanguage":"en-US"},{"@type":"Organization","@id":"https:\/\/proxima-medical.rs\/#organization","name":"Proxima doo","url":"https:\/\/proxima-medical.rs\/","logo":{"@type":"ImageObject","inLanguage":"en-US","@id":"https:\/\/proxima-medical.rs\/#\/schema\/logo\/image\/","url":"https:\/\/proxima-medical.rs\/wp-content\/uploads\/2016\/10\/Proxima-360px.png","contentUrl":"https:\/\/proxima-medical.rs\/wp-content\/uploads\/2016\/10\/Proxima-360px.png","width":360,"height":136,"caption":"Proxima doo"},"image":{"@id":"https:\/\/proxima-medical.rs\/#\/schema\/logo\/image\/"}}]}},"_links":{"self":[{"href":"https:\/\/proxima-medical.rs\/en\/wp-json\/wp\/v2\/product\/689","targetHints":{"allow":["GET"]}}],"collection":[{"href":"https:\/\/proxima-medical.rs\/en\/wp-json\/wp\/v2\/product"}],"about":[{"href":"https:\/\/proxima-medical.rs\/en\/wp-json\/wp\/v2\/types\/product"}],"wp:featuredmedia":[{"embeddable":true,"href":"https:\/\/proxima-medical.rs\/en\/wp-json\/wp\/v2\/media\/700"}],"wp:attachment":[{"href":"https:\/\/proxima-medical.rs\/en\/wp-json\/wp\/v2\/media?parent=689"}],"wp:term":[{"taxonomy":"product_brand","embeddable":true,"href":"https:\/\/proxima-medical.rs\/en\/wp-json\/wp\/v2\/product_brand?post=689"},{"taxonomy":"product_cat","embeddable":true,"href":"https:\/\/proxima-medical.rs\/en\/wp-json\/wp\/v2\/product_cat?post=689"},{"taxonomy":"product_tag","embeddable":true,"href":"https:\/\/proxima-medical.rs\/en\/wp-json\/wp\/v2\/product_tag?post=689"}],"curies":[{"name":"wp","href":"https:\/\/api.w.org\/{rel}","templated":true}]}}