{"id":708,"date":"2017-03-20T14:59:02","date_gmt":"2017-03-20T14:59:02","guid":{"rendered":"http:\/\/proxima-medical.rs\/?post_type=product&#038;p=708"},"modified":"2018-02-09T10:43:17","modified_gmt":"2018-02-09T10:43:17","slug":"kinetec-spectra","status":"publish","type":"product","link":"https:\/\/proxima-medical.rs\/en\/product\/kinetec-spectra\/","title":{"rendered":"KINETEC SPECTRA\u2122"},"content":{"rendered":"<p><span class=\"product-description\">KINETEC SPECTRA\u2122 &#8211; CPM (Kontinualno Pasivno Kretanje) aparat za kontinualno pasivno ve\u017ebanje zgloba kolena.<\/span><\/p>\n<ul>\n<li>Intuitivna daljinska kontrola<\/li>\n<li>Jedinstvene funkcije<\/li>\n<li>Mogu\u0107nost kori\u0161\u0107enja KINETEC DATA CAPTURE\u2122 USB tehnologije<\/li>\n<li>Opseg pokreta od -10\u00b0 do 120\u00b0<\/li>\n<\/ul>\n<p>Izuzetan dizajn<\/p>\n<p>Jedinstven dizajn i oblik ure\u0111aja, kao i njegova mala te\u017eina, omogu\u0107avaju jednostavno postavljanje na bolni\u010dkim krevetima ili u ku\u0107nim uslovima, kao i jednostavno odlaganje ure\u0111aja. Dve oblo\u017eene ru\u010dice sa strane omogu\u0107avaju jednostavno no\u0161enje ure\u0111aja.<\/p>\n<p>Povratne informacije ka pacijentu i jedinstvene funkcije<\/p>\n<p>Digitalna daljinska kontrola pru\u017ea pacijentu precizne i jasne informacije o statusu terapije i stanju ure\u0111aja. Jedinstvene funkcije kao \u0161to su warm-up i by-pass olak\u0161avaju i poma\u017eu izvo\u0111enje terapije.<\/p>\n<p>Ure\u0111aj spreman za kori\u0161\u0107enje KINETEC DATA CAPTURE\u2122 USB tehnologije<\/p>\n<p>KINETEC SPECTRA\u2122 daljinski upravlja\u010d je tako\u0111e opremljen najnovijom USB tehnologijom koja omogu\u0107ava kori\u0161\u0107enje KINETEC DATA CAPTURE\u2122 softvera i USB-a za pacijenta, \u010dime je omogu\u0107eno pra\u0107enje progresa terapije kao i programiranje celokupnog terapijskog protokola za pacijenta.<\/p>\n","protected":false},"excerpt":{"rendered":"<p>KINETEC SPECTRA\u2122 je aparat za kontinualno pasivno ve\u017ebanje (CPM) kolena \u010duvenog francuskog proizvo\u0111a\u010da KINETEC. Aparat predstavlja nenadma\u0161nu kombinaciju odli\u010dnog dizajna i najnovije USB tehnologije.<\/p>\n","protected":false},"featured_media":711,"template":"","meta":{"_acf_changed":false},"product_brand":[],"product_cat":[20],"product_tag":[91,93,92,94],"class_list":{"0":"post-708","1":"product","2":"type-product","3":"status-publish","4":"has-post-thumbnail","6":"product_cat-fizikalna-medicina-i-rehabilitacija","7":"product_tag-cpm","8":"product_tag-kinetec","9":"product_tag-koleno","10":"product_tag-pasivno-vezbanje","12":"first","13":"instock","14":"taxable","15":"shipping-taxable","16":"product-type-simple"},"acf":[],"yoast_head":"<!-- This site is optimized with the Yoast SEO plugin v26.4 - https:\/\/yoast.com\/wordpress\/plugins\/seo\/ -->\n<title>KINETEC SPECTRA\u2122 - Proxima<\/title>\n<meta name=\"robots\" content=\"index, follow, max-snippet:-1, max-image-preview:large, max-video-preview:-1\" \/>\n<link rel=\"canonical\" href=\"https:\/\/proxima-medical.rs\/product\/kinetec-spectra\/\" \/>\n<meta property=\"og:locale\" content=\"en_US\" \/>\n<meta property=\"og:type\" content=\"article\" \/>\n<meta property=\"og:title\" content=\"KINETEC SPECTRA\u2122 - Proxima\" \/>\n<meta property=\"og:description\" content=\"KINETEC SPECTRA\u2122 je aparat za kontinualno pasivno ve\u017ebanje (CPM) kolena \u010duvenog francuskog proizvo\u0111a\u010da KINETEC. Aparat predstavlja nenadma\u0161nu kombinaciju odli\u010dnog dizajna i najnovije USB tehnologije.\" \/>\n<meta property=\"og:url\" content=\"https:\/\/proxima-medical.rs\/product\/kinetec-spectra\/\" \/>\n<meta property=\"og:site_name\" content=\"Proxima\" \/>\n<meta property=\"article:modified_time\" content=\"2018-02-09T10:43:17+00:00\" \/>\n<meta property=\"og:image\" content=\"https:\/\/proxima-medical.rs\/wp-content\/uploads\/2017\/03\/sl1-2.jpg\" \/>\n\t<meta property=\"og:image:width\" content=\"900\" \/>\n\t<meta property=\"og:image:height\" content=\"900\" \/>\n\t<meta property=\"og:image:type\" content=\"image\/jpeg\" \/>\n<meta name=\"twitter:card\" content=\"summary_large_image\" \/>\n<meta name=\"twitter:label1\" content=\"Est. reading time\" \/>\n\t<meta name=\"twitter:data1\" content=\"1 minute\" \/>\n<script type=\"application\/ld+json\" class=\"yoast-schema-graph\">{\"@context\":\"https:\/\/schema.org\",\"@graph\":[{\"@type\":\"WebPage\",\"@id\":\"https:\/\/proxima-medical.rs\/product\/kinetec-spectra\/\",\"url\":\"https:\/\/proxima-medical.rs\/product\/kinetec-spectra\/\",\"name\":\"KINETEC SPECTRA\u2122 - Proxima\",\"isPartOf\":{\"@id\":\"https:\/\/proxima-medical.rs\/#website\"},\"primaryImageOfPage\":{\"@id\":\"https:\/\/proxima-medical.rs\/product\/kinetec-spectra\/#primaryimage\"},\"image\":{\"@id\":\"https:\/\/proxima-medical.rs\/product\/kinetec-spectra\/#primaryimage\"},\"thumbnailUrl\":\"https:\/\/proxima-medical.rs\/wp-content\/uploads\/2017\/03\/sl1-2.jpg\",\"datePublished\":\"2017-03-20T14:59:02+00:00\",\"dateModified\":\"2018-02-09T10:43:17+00:00\",\"breadcrumb\":{\"@id\":\"https:\/\/proxima-medical.rs\/product\/kinetec-spectra\/#breadcrumb\"},\"inLanguage\":\"en-US\",\"potentialAction\":[{\"@type\":\"ReadAction\",\"target\":[\"https:\/\/proxima-medical.rs\/product\/kinetec-spectra\/\"]}]},{\"@type\":\"ImageObject\",\"inLanguage\":\"en-US\",\"@id\":\"https:\/\/proxima-medical.rs\/product\/kinetec-spectra\/#primaryimage\",\"url\":\"https:\/\/proxima-medical.rs\/wp-content\/uploads\/2017\/03\/sl1-2.jpg\",\"contentUrl\":\"https:\/\/proxima-medical.rs\/wp-content\/uploads\/2017\/03\/sl1-2.jpg\",\"width\":900,\"height\":900,\"caption\":\"sl1 2\"},{\"@type\":\"BreadcrumbList\",\"@id\":\"https:\/\/proxima-medical.rs\/product\/kinetec-spectra\/#breadcrumb\",\"itemListElement\":[{\"@type\":\"ListItem\",\"position\":1,\"name\":\"Home\",\"item\":\"https:\/\/proxima-medical.rs\/\"},{\"@type\":\"ListItem\",\"position\":2,\"name\":\"Proizvodi\",\"item\":\"https:\/\/proxima-medical.rs\/shop\/\"},{\"@type\":\"ListItem\",\"position\":3,\"name\":\"KINETEC SPECTRA\u2122\"}]},{\"@type\":\"WebSite\",\"@id\":\"https:\/\/proxima-medical.rs\/#website\",\"url\":\"https:\/\/proxima-medical.rs\/\",\"name\":\"Proxima\",\"description\":\"Dobrodo\u0161li\",\"publisher\":{\"@id\":\"https:\/\/proxima-medical.rs\/#organization\"},\"potentialAction\":[{\"@type\":\"SearchAction\",\"target\":{\"@type\":\"EntryPoint\",\"urlTemplate\":\"https:\/\/proxima-medical.rs\/?s={search_term_string}\"},\"query-input\":{\"@type\":\"PropertyValueSpecification\",\"valueRequired\":true,\"valueName\":\"search_term_string\"}}],\"inLanguage\":\"en-US\"},{\"@type\":\"Organization\",\"@id\":\"https:\/\/proxima-medical.rs\/#organization\",\"name\":\"Proxima doo\",\"url\":\"https:\/\/proxima-medical.rs\/\",\"logo\":{\"@type\":\"ImageObject\",\"inLanguage\":\"en-US\",\"@id\":\"https:\/\/proxima-medical.rs\/#\/schema\/logo\/image\/\",\"url\":\"https:\/\/proxima-medical.rs\/wp-content\/uploads\/2016\/10\/Proxima-360px.png\",\"contentUrl\":\"https:\/\/proxima-medical.rs\/wp-content\/uploads\/2016\/10\/Proxima-360px.png\",\"width\":360,\"height\":136,\"caption\":\"Proxima doo\"},\"image\":{\"@id\":\"https:\/\/proxima-medical.rs\/#\/schema\/logo\/image\/\"}}]}<\/script>\n<!-- \/ Yoast SEO plugin. -->","yoast_head_json":{"title":"KINETEC SPECTRA\u2122 - Proxima","robots":{"index":"index","follow":"follow","max-snippet":"max-snippet:-1","max-image-preview":"max-image-preview:large","max-video-preview":"max-video-preview:-1"},"canonical":"https:\/\/proxima-medical.rs\/product\/kinetec-spectra\/","og_locale":"en_US","og_type":"article","og_title":"KINETEC SPECTRA\u2122 - Proxima","og_description":"KINETEC SPECTRA\u2122 je aparat za kontinualno pasivno ve\u017ebanje (CPM) kolena \u010duvenog francuskog proizvo\u0111a\u010da KINETEC. Aparat predstavlja nenadma\u0161nu kombinaciju odli\u010dnog dizajna i najnovije USB tehnologije.","og_url":"https:\/\/proxima-medical.rs\/product\/kinetec-spectra\/","og_site_name":"Proxima","article_modified_time":"2018-02-09T10:43:17+00:00","og_image":[{"width":900,"height":900,"url":"https:\/\/proxima-medical.rs\/wp-content\/uploads\/2017\/03\/sl1-2.jpg","type":"image\/jpeg"}],"twitter_card":"summary_large_image","twitter_misc":{"Est. reading time":"1 minute"},"schema":{"@context":"https:\/\/schema.org","@graph":[{"@type":"WebPage","@id":"https:\/\/proxima-medical.rs\/product\/kinetec-spectra\/","url":"https:\/\/proxima-medical.rs\/product\/kinetec-spectra\/","name":"KINETEC SPECTRA\u2122 - Proxima","isPartOf":{"@id":"https:\/\/proxima-medical.rs\/#website"},"primaryImageOfPage":{"@id":"https:\/\/proxima-medical.rs\/product\/kinetec-spectra\/#primaryimage"},"image":{"@id":"https:\/\/proxima-medical.rs\/product\/kinetec-spectra\/#primaryimage"},"thumbnailUrl":"https:\/\/proxima-medical.rs\/wp-content\/uploads\/2017\/03\/sl1-2.jpg","datePublished":"2017-03-20T14:59:02+00:00","dateModified":"2018-02-09T10:43:17+00:00","breadcrumb":{"@id":"https:\/\/proxima-medical.rs\/product\/kinetec-spectra\/#breadcrumb"},"inLanguage":"en-US","potentialAction":[{"@type":"ReadAction","target":["https:\/\/proxima-medical.rs\/product\/kinetec-spectra\/"]}]},{"@type":"ImageObject","inLanguage":"en-US","@id":"https:\/\/proxima-medical.rs\/product\/kinetec-spectra\/#primaryimage","url":"https:\/\/proxima-medical.rs\/wp-content\/uploads\/2017\/03\/sl1-2.jpg","contentUrl":"https:\/\/proxima-medical.rs\/wp-content\/uploads\/2017\/03\/sl1-2.jpg","width":900,"height":900,"caption":"sl1 2"},{"@type":"BreadcrumbList","@id":"https:\/\/proxima-medical.rs\/product\/kinetec-spectra\/#breadcrumb","itemListElement":[{"@type":"ListItem","position":1,"name":"Home","item":"https:\/\/proxima-medical.rs\/"},{"@type":"ListItem","position":2,"name":"Proizvodi","item":"https:\/\/proxima-medical.rs\/shop\/"},{"@type":"ListItem","position":3,"name":"KINETEC SPECTRA\u2122"}]},{"@type":"WebSite","@id":"https:\/\/proxima-medical.rs\/#website","url":"https:\/\/proxima-medical.rs\/","name":"Proxima","description":"Dobrodo\u0161li","publisher":{"@id":"https:\/\/proxima-medical.rs\/#organization"},"potentialAction":[{"@type":"SearchAction","target":{"@type":"EntryPoint","urlTemplate":"https:\/\/proxima-medical.rs\/?s={search_term_string}"},"query-input":{"@type":"PropertyValueSpecification","valueRequired":true,"valueName":"search_term_string"}}],"inLanguage":"en-US"},{"@type":"Organization","@id":"https:\/\/proxima-medical.rs\/#organization","name":"Proxima doo","url":"https:\/\/proxima-medical.rs\/","logo":{"@type":"ImageObject","inLanguage":"en-US","@id":"https:\/\/proxima-medical.rs\/#\/schema\/logo\/image\/","url":"https:\/\/proxima-medical.rs\/wp-content\/uploads\/2016\/10\/Proxima-360px.png","contentUrl":"https:\/\/proxima-medical.rs\/wp-content\/uploads\/2016\/10\/Proxima-360px.png","width":360,"height":136,"caption":"Proxima doo"},"image":{"@id":"https:\/\/proxima-medical.rs\/#\/schema\/logo\/image\/"}}]}},"_links":{"self":[{"href":"https:\/\/proxima-medical.rs\/en\/wp-json\/wp\/v2\/product\/708","targetHints":{"allow":["GET"]}}],"collection":[{"href":"https:\/\/proxima-medical.rs\/en\/wp-json\/wp\/v2\/product"}],"about":[{"href":"https:\/\/proxima-medical.rs\/en\/wp-json\/wp\/v2\/types\/product"}],"wp:featuredmedia":[{"embeddable":true,"href":"https:\/\/proxima-medical.rs\/en\/wp-json\/wp\/v2\/media\/711"}],"wp:attachment":[{"href":"https:\/\/proxima-medical.rs\/en\/wp-json\/wp\/v2\/media?parent=708"}],"wp:term":[{"taxonomy":"product_brand","embeddable":true,"href":"https:\/\/proxima-medical.rs\/en\/wp-json\/wp\/v2\/product_brand?post=708"},{"taxonomy":"product_cat","embeddable":true,"href":"https:\/\/proxima-medical.rs\/en\/wp-json\/wp\/v2\/product_cat?post=708"},{"taxonomy":"product_tag","embeddable":true,"href":"https:\/\/proxima-medical.rs\/en\/wp-json\/wp\/v2\/product_tag?post=708"}],"curies":[{"name":"wp","href":"https:\/\/api.w.org\/{rel}","templated":true}]}}