{"id":737,"date":"2017-03-22T09:26:36","date_gmt":"2017-03-22T09:26:36","guid":{"rendered":"http:\/\/proxima-medical.rs\/?post_type=product&#038;p=737"},"modified":"2018-02-09T10:41:23","modified_gmt":"2018-02-09T10:41:23","slug":"laserska-sonda-660nm","status":"publish","type":"product","link":"https:\/\/proxima-medical.rs\/en\/product\/laserska-sonda-660nm\/","title":{"rendered":"Laserska sonda 660nm"},"content":{"rendered":"<p><span class=\"product-description\">Ta\u010dkasata laserska sonda talasne du\u017eine 660nm i snage 50mW<\/span><\/p>\n<p>Ta\u010dkasta laserska sonda snage 50mW sa zra\u010denjem u crvenom spektru \u00a0omogu\u0107ava izvo\u0111enje ta\u010dkaste ili skeniraju\u0107e laserske terapije. Naro\u010dito je pogodna za kori\u0161\u0107enje u dermatologiji i za lasersku stimulaciju povr\u0161inskih slojeva tkiva, obzirom da manja talasna du\u017eina uti\u010de i na manju penetraciju laserskog snopa, odnosno, najve\u0107i deo laserske energije biva apsorbovan u po\u010detnim slojevima tkiva. Prodornost do 15mm. Upravo ove osobine \u010dine je sondom izbora za lasersku punkturu (akupunkturu koja se izvodi laserom umesto iglicama). Opremljena je svetlosnim indikatorom aktivnosti laserskog snopa, kao i Start\/Stop komandom. Kabl sa konektorom du\u017eine 2m.<\/p>\n","protected":false},"excerpt":{"rendered":"<p>Ta\u010dkasta laserska sonda talasne du\u017eine 660nm snage 50mW (crveni laser). Laser aperture 5mm. Za kori\u0161\u0107enje sa aparatom <a href=\"http:\/\/proxima-medical.rs\/?product=prolaser\">ProLaser<\/a>.<\/p>\n","protected":false},"featured_media":777,"template":"","meta":{"_acf_changed":false},"product_brand":[],"product_cat":[20],"product_tag":[67,101,66],"class_list":{"0":"post-737","1":"product","2":"type-product","3":"status-publish","4":"has-post-thumbnail","6":"product_cat-fizikalna-medicina-i-rehabilitacija","7":"product_tag-laser","8":"product_tag-laserska-sonda","9":"product_tag-laserska-terapija","11":"first","12":"instock","13":"taxable","14":"shipping-taxable","15":"product-type-simple"},"acf":[],"yoast_head":"<!-- This site is optimized with the Yoast SEO plugin v26.4 - https:\/\/yoast.com\/wordpress\/plugins\/seo\/ -->\n<title>Laserska sonda 660nm - Proxima<\/title>\n<meta name=\"robots\" content=\"index, follow, max-snippet:-1, max-image-preview:large, max-video-preview:-1\" \/>\n<link rel=\"canonical\" href=\"https:\/\/proxima-medical.rs\/en\/product\/laserska-sonda-660nm\/\" \/>\n<meta property=\"og:locale\" content=\"en_US\" \/>\n<meta property=\"og:type\" content=\"article\" \/>\n<meta property=\"og:title\" content=\"Laserska sonda 660nm - Proxima\" \/>\n<meta property=\"og:description\" content=\"Ta\u010dkasta laserska sonda talasne du\u017eine 660nm snage 50mW (crveni laser). Laser aperture 5mm. Za kori\u0161\u0107enje sa aparatom ProLaser.\" \/>\n<meta property=\"og:url\" content=\"https:\/\/proxima-medical.rs\/en\/product\/laserska-sonda-660nm\/\" \/>\n<meta property=\"og:site_name\" content=\"Proxima\" \/>\n<meta property=\"article:modified_time\" content=\"2018-02-09T10:41:23+00:00\" \/>\n<meta property=\"og:image\" content=\"https:\/\/proxima-medical.rs\/wp-content\/uploads\/2017\/03\/Proba-sl1.jpg\" \/>\n\t<meta property=\"og:image:width\" content=\"1200\" \/>\n\t<meta property=\"og:image:height\" content=\"800\" \/>\n\t<meta property=\"og:image:type\" content=\"image\/jpeg\" \/>\n<meta name=\"twitter:card\" content=\"summary_large_image\" \/>\n<meta name=\"twitter:label1\" content=\"Est. reading time\" \/>\n\t<meta name=\"twitter:data1\" content=\"1 minute\" \/>\n<script type=\"application\/ld+json\" class=\"yoast-schema-graph\">{\"@context\":\"https:\/\/schema.org\",\"@graph\":[{\"@type\":\"WebPage\",\"@id\":\"https:\/\/proxima-medical.rs\/en\/product\/laserska-sonda-660nm\/\",\"url\":\"https:\/\/proxima-medical.rs\/en\/product\/laserska-sonda-660nm\/\",\"name\":\"Laserska sonda 660nm - Proxima\",\"isPartOf\":{\"@id\":\"https:\/\/proxima-medical.rs\/#website\"},\"primaryImageOfPage\":{\"@id\":\"https:\/\/proxima-medical.rs\/en\/product\/laserska-sonda-660nm\/#primaryimage\"},\"image\":{\"@id\":\"https:\/\/proxima-medical.rs\/en\/product\/laserska-sonda-660nm\/#primaryimage\"},\"thumbnailUrl\":\"https:\/\/proxima-medical.rs\/wp-content\/uploads\/2017\/03\/Proba-sl1.jpg\",\"datePublished\":\"2017-03-22T09:26:36+00:00\",\"dateModified\":\"2018-02-09T10:41:23+00:00\",\"breadcrumb\":{\"@id\":\"https:\/\/proxima-medical.rs\/en\/product\/laserska-sonda-660nm\/#breadcrumb\"},\"inLanguage\":\"en-US\",\"potentialAction\":[{\"@type\":\"ReadAction\",\"target\":[\"https:\/\/proxima-medical.rs\/en\/product\/laserska-sonda-660nm\/\"]}]},{\"@type\":\"ImageObject\",\"inLanguage\":\"en-US\",\"@id\":\"https:\/\/proxima-medical.rs\/en\/product\/laserska-sonda-660nm\/#primaryimage\",\"url\":\"https:\/\/proxima-medical.rs\/wp-content\/uploads\/2017\/03\/Proba-sl1.jpg\",\"contentUrl\":\"https:\/\/proxima-medical.rs\/wp-content\/uploads\/2017\/03\/Proba-sl1.jpg\",\"width\":1200,\"height\":800,\"caption\":\"Proba sl1\"},{\"@type\":\"BreadcrumbList\",\"@id\":\"https:\/\/proxima-medical.rs\/en\/product\/laserska-sonda-660nm\/#breadcrumb\",\"itemListElement\":[{\"@type\":\"ListItem\",\"position\":1,\"name\":\"Home\",\"item\":\"https:\/\/proxima-medical.rs\/\"},{\"@type\":\"ListItem\",\"position\":2,\"name\":\"Proizvodi\",\"item\":\"https:\/\/proxima-medical.rs\/shop\/\"},{\"@type\":\"ListItem\",\"position\":3,\"name\":\"Laserska sonda 660nm\"}]},{\"@type\":\"WebSite\",\"@id\":\"https:\/\/proxima-medical.rs\/#website\",\"url\":\"https:\/\/proxima-medical.rs\/\",\"name\":\"Proxima\",\"description\":\"Dobrodo\u0161li\",\"publisher\":{\"@id\":\"https:\/\/proxima-medical.rs\/#organization\"},\"potentialAction\":[{\"@type\":\"SearchAction\",\"target\":{\"@type\":\"EntryPoint\",\"urlTemplate\":\"https:\/\/proxima-medical.rs\/?s={search_term_string}\"},\"query-input\":{\"@type\":\"PropertyValueSpecification\",\"valueRequired\":true,\"valueName\":\"search_term_string\"}}],\"inLanguage\":\"en-US\"},{\"@type\":\"Organization\",\"@id\":\"https:\/\/proxima-medical.rs\/#organization\",\"name\":\"Proxima doo\",\"url\":\"https:\/\/proxima-medical.rs\/\",\"logo\":{\"@type\":\"ImageObject\",\"inLanguage\":\"en-US\",\"@id\":\"https:\/\/proxima-medical.rs\/#\/schema\/logo\/image\/\",\"url\":\"https:\/\/proxima-medical.rs\/wp-content\/uploads\/2016\/10\/Proxima-360px.png\",\"contentUrl\":\"https:\/\/proxima-medical.rs\/wp-content\/uploads\/2016\/10\/Proxima-360px.png\",\"width\":360,\"height\":136,\"caption\":\"Proxima doo\"},\"image\":{\"@id\":\"https:\/\/proxima-medical.rs\/#\/schema\/logo\/image\/\"}}]}<\/script>\n<!-- \/ Yoast SEO plugin. -->","yoast_head_json":{"title":"Laserska sonda 660nm - Proxima","robots":{"index":"index","follow":"follow","max-snippet":"max-snippet:-1","max-image-preview":"max-image-preview:large","max-video-preview":"max-video-preview:-1"},"canonical":"https:\/\/proxima-medical.rs\/en\/product\/laserska-sonda-660nm\/","og_locale":"en_US","og_type":"article","og_title":"Laserska sonda 660nm - Proxima","og_description":"Ta\u010dkasta laserska sonda talasne du\u017eine 660nm snage 50mW (crveni laser). Laser aperture 5mm. Za kori\u0161\u0107enje sa aparatom ProLaser.","og_url":"https:\/\/proxima-medical.rs\/en\/product\/laserska-sonda-660nm\/","og_site_name":"Proxima","article_modified_time":"2018-02-09T10:41:23+00:00","og_image":[{"width":1200,"height":800,"url":"https:\/\/proxima-medical.rs\/wp-content\/uploads\/2017\/03\/Proba-sl1.jpg","type":"image\/jpeg"}],"twitter_card":"summary_large_image","twitter_misc":{"Est. reading time":"1 minute"},"schema":{"@context":"https:\/\/schema.org","@graph":[{"@type":"WebPage","@id":"https:\/\/proxima-medical.rs\/en\/product\/laserska-sonda-660nm\/","url":"https:\/\/proxima-medical.rs\/en\/product\/laserska-sonda-660nm\/","name":"Laserska sonda 660nm - Proxima","isPartOf":{"@id":"https:\/\/proxima-medical.rs\/#website"},"primaryImageOfPage":{"@id":"https:\/\/proxima-medical.rs\/en\/product\/laserska-sonda-660nm\/#primaryimage"},"image":{"@id":"https:\/\/proxima-medical.rs\/en\/product\/laserska-sonda-660nm\/#primaryimage"},"thumbnailUrl":"https:\/\/proxima-medical.rs\/wp-content\/uploads\/2017\/03\/Proba-sl1.jpg","datePublished":"2017-03-22T09:26:36+00:00","dateModified":"2018-02-09T10:41:23+00:00","breadcrumb":{"@id":"https:\/\/proxima-medical.rs\/en\/product\/laserska-sonda-660nm\/#breadcrumb"},"inLanguage":"en-US","potentialAction":[{"@type":"ReadAction","target":["https:\/\/proxima-medical.rs\/en\/product\/laserska-sonda-660nm\/"]}]},{"@type":"ImageObject","inLanguage":"en-US","@id":"https:\/\/proxima-medical.rs\/en\/product\/laserska-sonda-660nm\/#primaryimage","url":"https:\/\/proxima-medical.rs\/wp-content\/uploads\/2017\/03\/Proba-sl1.jpg","contentUrl":"https:\/\/proxima-medical.rs\/wp-content\/uploads\/2017\/03\/Proba-sl1.jpg","width":1200,"height":800,"caption":"Proba sl1"},{"@type":"BreadcrumbList","@id":"https:\/\/proxima-medical.rs\/en\/product\/laserska-sonda-660nm\/#breadcrumb","itemListElement":[{"@type":"ListItem","position":1,"name":"Home","item":"https:\/\/proxima-medical.rs\/"},{"@type":"ListItem","position":2,"name":"Proizvodi","item":"https:\/\/proxima-medical.rs\/shop\/"},{"@type":"ListItem","position":3,"name":"Laserska sonda 660nm"}]},{"@type":"WebSite","@id":"https:\/\/proxima-medical.rs\/#website","url":"https:\/\/proxima-medical.rs\/","name":"Proxima","description":"Dobrodo\u0161li","publisher":{"@id":"https:\/\/proxima-medical.rs\/#organization"},"potentialAction":[{"@type":"SearchAction","target":{"@type":"EntryPoint","urlTemplate":"https:\/\/proxima-medical.rs\/?s={search_term_string}"},"query-input":{"@type":"PropertyValueSpecification","valueRequired":true,"valueName":"search_term_string"}}],"inLanguage":"en-US"},{"@type":"Organization","@id":"https:\/\/proxima-medical.rs\/#organization","name":"Proxima doo","url":"https:\/\/proxima-medical.rs\/","logo":{"@type":"ImageObject","inLanguage":"en-US","@id":"https:\/\/proxima-medical.rs\/#\/schema\/logo\/image\/","url":"https:\/\/proxima-medical.rs\/wp-content\/uploads\/2016\/10\/Proxima-360px.png","contentUrl":"https:\/\/proxima-medical.rs\/wp-content\/uploads\/2016\/10\/Proxima-360px.png","width":360,"height":136,"caption":"Proxima doo"},"image":{"@id":"https:\/\/proxima-medical.rs\/#\/schema\/logo\/image\/"}}]}},"_links":{"self":[{"href":"https:\/\/proxima-medical.rs\/en\/wp-json\/wp\/v2\/product\/737","targetHints":{"allow":["GET"]}}],"collection":[{"href":"https:\/\/proxima-medical.rs\/en\/wp-json\/wp\/v2\/product"}],"about":[{"href":"https:\/\/proxima-medical.rs\/en\/wp-json\/wp\/v2\/types\/product"}],"wp:featuredmedia":[{"embeddable":true,"href":"https:\/\/proxima-medical.rs\/en\/wp-json\/wp\/v2\/media\/777"}],"wp:attachment":[{"href":"https:\/\/proxima-medical.rs\/en\/wp-json\/wp\/v2\/media?parent=737"}],"wp:term":[{"taxonomy":"product_brand","embeddable":true,"href":"https:\/\/proxima-medical.rs\/en\/wp-json\/wp\/v2\/product_brand?post=737"},{"taxonomy":"product_cat","embeddable":true,"href":"https:\/\/proxima-medical.rs\/en\/wp-json\/wp\/v2\/product_cat?post=737"},{"taxonomy":"product_tag","embeddable":true,"href":"https:\/\/proxima-medical.rs\/en\/wp-json\/wp\/v2\/product_tag?post=737"}],"curies":[{"name":"wp","href":"https:\/\/api.w.org\/{rel}","templated":true}]}}